{"id":8089,"date":"2021-05-25T10:18:53","date_gmt":"2021-05-25T08:18:53","guid":{"rendered":"https:\/\/varescogroup.eu\/lieferanten\/"},"modified":"2024-04-24T13:43:33","modified_gmt":"2024-04-24T11:43:33","slug":"lieferanten","status":"publish","type":"page","link":"https:\/\/www.varescogroup.eu\/de\/lieferanten\/","title":{"rendered":"LIEFERANTEN"},"content":{"rendered":"\t\t<div data-elementor-type=\"wp-page\" data-elementor-id=\"8089\" class=\"elementor elementor-8089 elementor-1731\" data-elementor-post-type=\"page\">\n\t\t\t\t\t\t<section class=\"elementor-section elementor-top-section elementor-element elementor-element-a4cd175 elementor-section-stretched elementor-section-full_width elementor-section-height-default elementor-section-height-default\" data-id=\"a4cd175\" data-element_type=\"section\" data-e-type=\"section\" data-settings=\"{&quot;stretch_section&quot;:&quot;section-stretched&quot;}\">\n\t\t\t\t\t\t<div class=\"elementor-container elementor-column-gap-no\">\n\t\t\t\t\t<div class=\"elementor-column elementor-col-100 elementor-top-column elementor-element elementor-element-fc8d307\" data-id=\"fc8d307\" data-element_type=\"column\" data-e-type=\"column\">\n\t\t\t<div class=\"elementor-widget-wrap elementor-element-populated\">\n\t\t\t\t\t\t<div class=\"elementor-element elementor-element-68884a6 elementor-widget elementor-widget-image\" data-id=\"68884a6\" data-element_type=\"widget\" data-e-type=\"widget\" data-widget_type=\"image.default\">\n\t\t\t\t<div class=\"elementor-widget-container\">\n\t\t\t\t\t\t\t\t\t\t\t\t\t\t\t<img fetchpriority=\"high\" decoding=\"async\" width=\"3000\" height=\"500\" src=\"https:\/\/www.varescogroup.eu\/wp-content\/uploads\/2019\/04\/per-fornitore-def.jpg\" class=\"attachment-full size-full wp-image-8092\" alt=\"fornitori\" srcset=\"https:\/\/www.varescogroup.eu\/wp-content\/uploads\/2019\/04\/per-fornitore-def.jpg 3000w, https:\/\/www.varescogroup.eu\/wp-content\/uploads\/2019\/04\/per-fornitore-def-300x50.jpg 300w, https:\/\/www.varescogroup.eu\/wp-content\/uploads\/2019\/04\/per-fornitore-def-768x128.jpg 768w, https:\/\/www.varescogroup.eu\/wp-content\/uploads\/2019\/04\/per-fornitore-def-1024x171.jpg 1024w, https:\/\/www.varescogroup.eu\/wp-content\/uploads\/2019\/04\/per-fornitore-def-600x100.jpg 600w\" sizes=\"(max-width: 3000px) 100vw, 3000px\" \/>\t\t\t\t\t\t\t\t\t\t\t\t\t\t\t<\/div>\n\t\t\t\t<\/div>\n\t\t\t\t\t<\/div>\n\t\t<\/div>\n\t\t\t\t\t<\/div>\n\t\t<\/section>\n\t\t\t\t<section class=\"elementor-section elementor-top-section elementor-element elementor-element-22510af elementor-section-boxed elementor-section-height-default elementor-section-height-default\" data-id=\"22510af\" data-element_type=\"section\" data-e-type=\"section\">\n\t\t\t\t\t\t<div class=\"elementor-container elementor-column-gap-default\">\n\t\t\t\t\t<div class=\"elementor-column elementor-col-100 elementor-top-column elementor-element elementor-element-b00d523\" data-id=\"b00d523\" data-element_type=\"column\" data-e-type=\"column\">\n\t\t\t<div class=\"elementor-widget-wrap elementor-element-populated\">\n\t\t\t\t\t\t<div class=\"elementor-element elementor-element-8087adc elementor-widget elementor-widget-heading\" data-id=\"8087adc\" data-element_type=\"widget\" data-e-type=\"widget\" data-widget_type=\"heading.default\">\n\t\t\t\t<div class=\"elementor-widget-container\">\n\t\t\t\t\t<h2 class=\"elementor-heading-title elementor-size-default\">F\u00dcR LIEFERANTEN<\/h2>\t\t\t\t<\/div>\n\t\t\t\t<\/div>\n\t\t\t\t<div class=\"elementor-element elementor-element-ecbaa81 elementor-widget-divider--view-line elementor-widget elementor-widget-divider\" data-id=\"ecbaa81\" data-element_type=\"widget\" data-e-type=\"widget\" data-widget_type=\"divider.default\">\n\t\t\t\t<div class=\"elementor-widget-container\">\n\t\t\t\t\t\t\t<div class=\"elementor-divider\">\n\t\t\t<span class=\"elementor-divider-separator\">\n\t\t\t\t\t\t<\/span>\n\t\t<\/div>\n\t\t\t\t\t\t<\/div>\n\t\t\t\t<\/div>\n\t\t\t\t<div class=\"elementor-element elementor-element-cc839ac elementor-widget elementor-widget-heading\" data-id=\"cc839ac\" data-element_type=\"widget\" data-e-type=\"widget\" data-widget_type=\"heading.default\">\n\t\t\t\t<div class=\"elementor-widget-container\">\n\t\t\t\t\t<h2 class=\"elementor-heading-title elementor-size-default\">Das Markenzeichen der Frische Direkt vom Bauern<\/h2>\t\t\t\t<\/div>\n\t\t\t\t<\/div>\n\t\t\t\t<div class=\"elementor-element elementor-element-cdcaae2 elementor-widget elementor-widget-text-editor\" data-id=\"cdcaae2\" data-element_type=\"widget\" data-e-type=\"widget\" data-widget_type=\"text-editor.default\">\n\t\t\t\t<div class=\"elementor-widget-container\">\n\t\t\t\t\t\t\t\t\t<p>Die Firma <strong>Varesco Group GmbH<\/strong> ist Ihr idealer und kompetenter Partner im Handel von Frisch- und Industrieobst, sowie in der Beschaffung von landwirtschaftlichen Erzeugnissen.<br \/>\nUnser hervorragendes Verkaufsnetz gew\u00e4hrleistet uns dabei ein konstantes Unternehmenswachstum am nationalen, europ\u00e4ischen und internationalen Markt.<br \/>\nUnser Team aus Experten in den Bereichen Planung und Ausarbeitung von Strategien, ist in der Lage, M\u00e4rkte bestm\u00f6glich zu analysieren und fru\u0308hzeitig neue Trends zu erkennen. Dabei bieten wir auf Wunsch die komplette Logistik-Abwicklung fu\u0308r unsere Lieferanten sowie ausfu\u0308hrliche und kompetente Beratung im Bereich der Verpackung.<br \/>\nUnser zukunftsorientiertes Team, setzt auf ausschlie\u00dflich strategische und langfristige Partnerschaften, um unser Netzwerk zu erweitern<br \/>\n\u2013 dabei liegt uns die wirtschaftliche Sicherheit unserer Lieferanten besonders am Herzen.<\/p>\n\t\t\t\t\t\t\t\t<\/div>\n\t\t\t\t<\/div>\n\t\t\t\t\t<\/div>\n\t\t<\/div>\n\t\t\t\t\t<\/div>\n\t\t<\/section>\n\t\t\t\t<section class=\"elementor-section elementor-top-section elementor-element elementor-element-c00b02c elementor-section-boxed elementor-section-height-default elementor-section-height-default\" data-id=\"c00b02c\" data-element_type=\"section\" data-e-type=\"section\">\n\t\t\t\t\t\t<div class=\"elementor-container elementor-column-gap-default\">\n\t\t\t\t\t<div class=\"elementor-column elementor-col-100 elementor-top-column elementor-element elementor-element-f65621d\" data-id=\"f65621d\" data-element_type=\"column\" data-e-type=\"column\">\n\t\t\t<div class=\"elementor-widget-wrap elementor-element-populated\">\n\t\t\t\t\t\t<div class=\"elementor-element elementor-element-7a23662 elementor-widget elementor-widget-heading\" data-id=\"7a23662\" data-element_type=\"widget\" data-e-type=\"widget\" data-widget_type=\"heading.default\">\n\t\t\t\t<div class=\"elementor-widget-container\">\n\t\t\t\t\t<h2 class=\"elementor-heading-title elementor-size-default\">Unsere Zahlen<\/h2>\t\t\t\t<\/div>\n\t\t\t\t<\/div>\n\t\t\t\t<div class=\"elementor-element elementor-element-27cf645 elementor-widget-divider--view-line elementor-widget elementor-widget-divider\" data-id=\"27cf645\" data-element_type=\"widget\" data-e-type=\"widget\" data-widget_type=\"divider.default\">\n\t\t\t\t<div class=\"elementor-widget-container\">\n\t\t\t\t\t\t\t<div class=\"elementor-divider\">\n\t\t\t<span class=\"elementor-divider-separator\">\n\t\t\t\t\t\t<\/span>\n\t\t<\/div>\n\t\t\t\t\t\t<\/div>\n\t\t\t\t<\/div>\n\t\t\t\t<div class=\"elementor-element elementor-element-17b70a0 elementor-widget elementor-widget-accordion\" data-id=\"17b70a0\" data-element_type=\"widget\" data-e-type=\"widget\" data-widget_type=\"accordion.default\">\n\t\t\t\t<div class=\"elementor-widget-container\">\n\t\t\t\t\t\t\t<div class=\"elementor-accordion\">\n\t\t\t\t\t\t\t<div class=\"elementor-accordion-item\">\n\t\t\t\t\t<div id=\"elementor-tab-title-2481\" class=\"elementor-tab-title\" data-tab=\"1\" role=\"button\" aria-controls=\"elementor-tab-content-2481\" aria-expanded=\"false\">\n\t\t\t\t\t\t\t\t\t\t\t\t\t<span class=\"elementor-accordion-icon elementor-accordion-icon-left\" aria-hidden=\"true\">\n\t\t\t\t\t\t\t\t\t\t\t\t\t\t\t<span class=\"elementor-accordion-icon-closed\"><i class=\"fas fa-plus\"><\/i><\/span>\n\t\t\t\t\t\t\t\t<span class=\"elementor-accordion-icon-opened\"><i class=\"fas fa-minus\"><\/i><\/span>\n\t\t\t\t\t\t\t\t\t\t\t\t\t\t<\/span>\n\t\t\t\t\t\t\t\t\t\t\t\t<a class=\"elementor-accordion-title\" tabindex=\"0\">Die besten Produkte<\/a>\n\t\t\t\t\t<\/div>\n\t\t\t\t\t<div id=\"elementor-tab-content-2481\" class=\"elementor-tab-content elementor-clearfix\" data-tab=\"1\" role=\"region\" aria-labelledby=\"elementor-tab-title-2481\"><p>Wir k\u00fcmmern uns um die Organisation und Lieferung der besten Produkte. Wir importieren und exportieren in die ganze Welt und sind in der Lage, auch die spezifischen Bed\u00fcrfnisse und W\u00fcnsche der anspruchsvollsten Kunden zu erf\u00fcllen.<\/p>\n<\/div>\n\t\t\t\t<\/div>\n\t\t\t\t\t\t\t<div class=\"elementor-accordion-item\">\n\t\t\t\t\t<div id=\"elementor-tab-title-2482\" class=\"elementor-tab-title\" data-tab=\"2\" role=\"button\" aria-controls=\"elementor-tab-content-2482\" aria-expanded=\"false\">\n\t\t\t\t\t\t\t\t\t\t\t\t\t<span class=\"elementor-accordion-icon elementor-accordion-icon-left\" aria-hidden=\"true\">\n\t\t\t\t\t\t\t\t\t\t\t\t\t\t\t<span class=\"elementor-accordion-icon-closed\"><i class=\"fas fa-plus\"><\/i><\/span>\n\t\t\t\t\t\t\t\t<span class=\"elementor-accordion-icon-opened\"><i class=\"fas fa-minus\"><\/i><\/span>\n\t\t\t\t\t\t\t\t\t\t\t\t\t\t<\/span>\n\t\t\t\t\t\t\t\t\t\t\t\t<a class=\"elementor-accordion-title\" tabindex=\"0\">P\u00fcnktliche Lieferungen<\/a>\n\t\t\t\t\t<\/div>\n\t\t\t\t\t<div id=\"elementor-tab-content-2482\" class=\"elementor-tab-content elementor-clearfix\" data-tab=\"2\" role=\"region\" aria-labelledby=\"elementor-tab-title-2482\"><p>Durch die Optimierung unserer Distributionssysteme garantieren wir seit Jahren eine zeitnahe Belieferung unserer Kunden.<br \/>\nUnsere Produkte werden dank unserer engen und kontinuierlichen Beziehungen zu unseren kompetenten und zuverl\u00e4ssigen Logistikpartnern auf der ganzen Welt stets \u00fcberwacht<\/p>\n<\/div>\n\t\t\t\t<\/div>\n\t\t\t\t\t\t\t<div class=\"elementor-accordion-item\">\n\t\t\t\t\t<div id=\"elementor-tab-title-2483\" class=\"elementor-tab-title\" data-tab=\"3\" role=\"button\" aria-controls=\"elementor-tab-content-2483\" aria-expanded=\"false\">\n\t\t\t\t\t\t\t\t\t\t\t\t\t<span class=\"elementor-accordion-icon elementor-accordion-icon-left\" aria-hidden=\"true\">\n\t\t\t\t\t\t\t\t\t\t\t\t\t\t\t<span class=\"elementor-accordion-icon-closed\"><i class=\"fas fa-plus\"><\/i><\/span>\n\t\t\t\t\t\t\t\t<span class=\"elementor-accordion-icon-opened\"><i class=\"fas fa-minus\"><\/i><\/span>\n\t\t\t\t\t\t\t\t\t\t\t\t\t\t<\/span>\n\t\t\t\t\t\t\t\t\t\t\t\t<a class=\"elementor-accordion-title\" tabindex=\"0\">Management in Echtzeit<\/a>\n\t\t\t\t\t<\/div>\n\t\t\t\t\t<div id=\"elementor-tab-content-2483\" class=\"elementor-tab-content elementor-clearfix\" data-tab=\"3\" role=\"region\" aria-labelledby=\"elementor-tab-title-2483\"><p>Unser Unternehmen arbeitet mit vielen Landwirten in Europa und auf der ganzen Welt zusammen und unsere Kunden befinden sich in verschiedenen Regionen der Welt. Die Varesco Group verwaltet jede Assoziation in Echtzeit, um den Erfolg unserer Gesch\u00e4ftsbeziehungen zu garantieren \u2013 von der Bef\u00fcllung Ihrer Bestellung bis zu ihrer Lieferung.<\/p>\n<\/div>\n\t\t\t\t<\/div>\n\t\t\t\t\t\t\t<div class=\"elementor-accordion-item\">\n\t\t\t\t\t<div id=\"elementor-tab-title-2484\" class=\"elementor-tab-title\" data-tab=\"4\" role=\"button\" aria-controls=\"elementor-tab-content-2484\" aria-expanded=\"false\">\n\t\t\t\t\t\t\t\t\t\t\t\t\t<span class=\"elementor-accordion-icon elementor-accordion-icon-left\" aria-hidden=\"true\">\n\t\t\t\t\t\t\t\t\t\t\t\t\t\t\t<span class=\"elementor-accordion-icon-closed\"><i class=\"fas fa-plus\"><\/i><\/span>\n\t\t\t\t\t\t\t\t<span class=\"elementor-accordion-icon-opened\"><i class=\"fas fa-minus\"><\/i><\/span>\n\t\t\t\t\t\t\t\t\t\t\t\t\t\t<\/span>\n\t\t\t\t\t\t\t\t\t\t\t\t<a class=\"elementor-accordion-title\" tabindex=\"0\">Team<\/a>\n\t\t\t\t\t<\/div>\n\t\t\t\t\t<div id=\"elementor-tab-content-2484\" class=\"elementor-tab-content elementor-clearfix\" data-tab=\"4\" role=\"region\" aria-labelledby=\"elementor-tab-title-2484\"><p>Unser mehrsprachiges Team steht Ihnen jeden Tag zur Verf\u00fcgung und garantiert die st\u00e4ndige \u00dcberwachung Ihres Auftrags. Es ist prompt bei der Probleml\u00f6sung und bietet klare und detaillierte Antworten auf jede Ihrer Fragen.<\/p>\n<\/div>\n\t\t\t\t<\/div>\n\t\t\t\t\t\t\t\t<\/div>\n\t\t\t\t\t\t<\/div>\n\t\t\t\t<\/div>\n\t\t\t\t\t<\/div>\n\t\t<\/div>\n\t\t\t\t\t<\/div>\n\t\t<\/section>\n\t\t\t\t<\/div>\n\t\t","protected":false},"excerpt":{"rendered":"<p>F\u00dcR LIEFERANTEN Das Markenzeichen der Frische Direkt vom Bauern Die Firma Varesco Group GmbH ist Ihr idealer und kompetenter Partner im Handel von Frisch- und Industrieobst, sowie in der Beschaffung von landwirtschaftlichen Erzeugnissen. Unser hervorragendes Verkaufsnetz gew\u00e4hrleistet uns dabei ein konstantes Unternehmenswachstum am nationalen, europ\u00e4ischen und internationalen Markt. Unser Team aus Experten in den Bereichen [&hellip;]<\/p>\n","protected":false},"author":1,"featured_media":0,"parent":0,"menu_order":0,"comment_status":"closed","ping_status":"open","template":"elementor_header_footer","meta":{"_acf_changed":false,"footnotes":""},"class_list":["post-8089","page","type-page","status-publish","hentry"],"acf":[],"yoast_head":"<!-- This site is optimized with the Yoast SEO plugin v27.4 - https:\/\/yoast.com\/product\/yoast-seo-wordpress\/ -->\n<title>LIEFERANTEN - Varesco Group<\/title>\n<meta name=\"robots\" content=\"index, follow, max-snippet:-1, max-image-preview:large, max-video-preview:-1\" \/>\n<link rel=\"canonical\" href=\"https:\/\/www.varescogroup.eu\/fornitori\/\" \/>\n<meta property=\"og:locale\" content=\"de_DE\" \/>\n<meta property=\"og:type\" content=\"article\" \/>\n<meta property=\"og:title\" content=\"LIEFERANTEN - Varesco Group\" \/>\n<meta property=\"og:description\" content=\"F\u00dcR LIEFERANTEN Das Markenzeichen der Frische Direkt vom Bauern Die Firma Varesco Group GmbH ist Ihr idealer und kompetenter Partner im Handel von Frisch- und Industrieobst, sowie in der Beschaffung von landwirtschaftlichen Erzeugnissen. Unser hervorragendes Verkaufsnetz gew\u00e4hrleistet uns dabei ein konstantes Unternehmenswachstum am nationalen, europ\u00e4ischen und internationalen Markt. Unser Team aus Experten in den Bereichen [&hellip;]\" \/>\n<meta property=\"og:url\" content=\"https:\/\/www.varescogroup.eu\/fornitori\/\" \/>\n<meta property=\"og:site_name\" content=\"Varesco Group\" \/>\n<meta property=\"article:modified_time\" content=\"2024-04-24T11:43:33+00:00\" \/>\n<meta property=\"og:image\" content=\"https:\/\/varescogroup.eu\/wp-content\/uploads\/2019\/04\/per-fornitore-def.jpg\" \/>\n<meta name=\"twitter:card\" content=\"summary_large_image\" \/>\n<meta name=\"twitter:label1\" content=\"Gesch\u00e4tzte Lesezeit\" \/>\n\t<meta name=\"twitter:data1\" content=\"2\u00a0Minuten\" \/>\n<script type=\"application\/ld+json\" class=\"yoast-schema-graph\">{\"@context\":\"https:\\\/\\\/schema.org\",\"@graph\":[{\"@type\":\"WebPage\",\"@id\":\"https:\\\/\\\/www.varescogroup.eu\\\/fornitori\\\/\",\"url\":\"https:\\\/\\\/www.varescogroup.eu\\\/fornitori\\\/\",\"name\":\"LIEFERANTEN - Varesco Group\",\"isPartOf\":{\"@id\":\"https:\\\/\\\/www.varescogroup.eu\\\/#website\"},\"primaryImageOfPage\":{\"@id\":\"https:\\\/\\\/www.varescogroup.eu\\\/fornitori\\\/#primaryimage\"},\"image\":{\"@id\":\"https:\\\/\\\/www.varescogroup.eu\\\/fornitori\\\/#primaryimage\"},\"thumbnailUrl\":\"https:\\\/\\\/varescogroup.eu\\\/wp-content\\\/uploads\\\/2019\\\/04\\\/per-fornitore-def.jpg\",\"datePublished\":\"2021-05-25T08:18:53+00:00\",\"dateModified\":\"2024-04-24T11:43:33+00:00\",\"breadcrumb\":{\"@id\":\"https:\\\/\\\/www.varescogroup.eu\\\/fornitori\\\/#breadcrumb\"},\"inLanguage\":\"de\",\"potentialAction\":[{\"@type\":\"ReadAction\",\"target\":[\"https:\\\/\\\/www.varescogroup.eu\\\/fornitori\\\/\"]}]},{\"@type\":\"ImageObject\",\"inLanguage\":\"de\",\"@id\":\"https:\\\/\\\/www.varescogroup.eu\\\/fornitori\\\/#primaryimage\",\"url\":\"https:\\\/\\\/varescogroup.eu\\\/wp-content\\\/uploads\\\/2019\\\/04\\\/per-fornitore-def.jpg\",\"contentUrl\":\"https:\\\/\\\/varescogroup.eu\\\/wp-content\\\/uploads\\\/2019\\\/04\\\/per-fornitore-def.jpg\"},{\"@type\":\"BreadcrumbList\",\"@id\":\"https:\\\/\\\/www.varescogroup.eu\\\/fornitori\\\/#breadcrumb\",\"itemListElement\":[{\"@type\":\"ListItem\",\"position\":1,\"name\":\"Home\",\"item\":\"https:\\\/\\\/www.varescogroup.eu\\\/de\\\/\"},{\"@type\":\"ListItem\",\"position\":2,\"name\":\"LIEFERANTEN\"}]},{\"@type\":\"WebSite\",\"@id\":\"https:\\\/\\\/www.varescogroup.eu\\\/#website\",\"url\":\"https:\\\/\\\/www.varescogroup.eu\\\/\",\"name\":\"Varesco Group\",\"description\":\"Food &amp; Fruit Trade Company\",\"publisher\":{\"@id\":\"https:\\\/\\\/www.varescogroup.eu\\\/#organization\"},\"potentialAction\":[{\"@type\":\"SearchAction\",\"target\":{\"@type\":\"EntryPoint\",\"urlTemplate\":\"https:\\\/\\\/www.varescogroup.eu\\\/?s={search_term_string}\"},\"query-input\":{\"@type\":\"PropertyValueSpecification\",\"valueRequired\":true,\"valueName\":\"search_term_string\"}}],\"inLanguage\":\"de\"},{\"@type\":\"Organization\",\"@id\":\"https:\\\/\\\/www.varescogroup.eu\\\/#organization\",\"name\":\"Varesco Group\",\"url\":\"https:\\\/\\\/www.varescogroup.eu\\\/\",\"logo\":{\"@type\":\"ImageObject\",\"inLanguage\":\"de\",\"@id\":\"https:\\\/\\\/www.varescogroup.eu\\\/#\\\/schema\\\/logo\\\/image\\\/\",\"url\":\"https:\\\/\\\/www.varescogroup.eu\\\/wp-content\\\/uploads\\\/2021\\\/03\\\/logotop-1.png\",\"contentUrl\":\"https:\\\/\\\/www.varescogroup.eu\\\/wp-content\\\/uploads\\\/2021\\\/03\\\/logotop-1.png\",\"caption\":\"Varesco Group\"},\"image\":{\"@id\":\"https:\\\/\\\/www.varescogroup.eu\\\/#\\\/schema\\\/logo\\\/image\\\/\"}}]}<\/script>\n<!-- \/ Yoast SEO plugin. -->","yoast_head_json":{"title":"LIEFERANTEN - Varesco Group","robots":{"index":"index","follow":"follow","max-snippet":"max-snippet:-1","max-image-preview":"max-image-preview:large","max-video-preview":"max-video-preview:-1"},"canonical":"https:\/\/www.varescogroup.eu\/fornitori\/","og_locale":"de_DE","og_type":"article","og_title":"LIEFERANTEN - Varesco Group","og_description":"F\u00dcR LIEFERANTEN Das Markenzeichen der Frische Direkt vom Bauern Die Firma Varesco Group GmbH ist Ihr idealer und kompetenter Partner im Handel von Frisch- und Industrieobst, sowie in der Beschaffung von landwirtschaftlichen Erzeugnissen. Unser hervorragendes Verkaufsnetz gew\u00e4hrleistet uns dabei ein konstantes Unternehmenswachstum am nationalen, europ\u00e4ischen und internationalen Markt. Unser Team aus Experten in den Bereichen [&hellip;]","og_url":"https:\/\/www.varescogroup.eu\/fornitori\/","og_site_name":"Varesco Group","article_modified_time":"2024-04-24T11:43:33+00:00","og_image":[{"url":"https:\/\/varescogroup.eu\/wp-content\/uploads\/2019\/04\/per-fornitore-def.jpg","type":"","width":"","height":""}],"twitter_card":"summary_large_image","twitter_misc":{"Gesch\u00e4tzte Lesezeit":"2\u00a0Minuten"},"schema":{"@context":"https:\/\/schema.org","@graph":[{"@type":"WebPage","@id":"https:\/\/www.varescogroup.eu\/fornitori\/","url":"https:\/\/www.varescogroup.eu\/fornitori\/","name":"LIEFERANTEN - Varesco Group","isPartOf":{"@id":"https:\/\/www.varescogroup.eu\/#website"},"primaryImageOfPage":{"@id":"https:\/\/www.varescogroup.eu\/fornitori\/#primaryimage"},"image":{"@id":"https:\/\/www.varescogroup.eu\/fornitori\/#primaryimage"},"thumbnailUrl":"https:\/\/varescogroup.eu\/wp-content\/uploads\/2019\/04\/per-fornitore-def.jpg","datePublished":"2021-05-25T08:18:53+00:00","dateModified":"2024-04-24T11:43:33+00:00","breadcrumb":{"@id":"https:\/\/www.varescogroup.eu\/fornitori\/#breadcrumb"},"inLanguage":"de","potentialAction":[{"@type":"ReadAction","target":["https:\/\/www.varescogroup.eu\/fornitori\/"]}]},{"@type":"ImageObject","inLanguage":"de","@id":"https:\/\/www.varescogroup.eu\/fornitori\/#primaryimage","url":"https:\/\/varescogroup.eu\/wp-content\/uploads\/2019\/04\/per-fornitore-def.jpg","contentUrl":"https:\/\/varescogroup.eu\/wp-content\/uploads\/2019\/04\/per-fornitore-def.jpg"},{"@type":"BreadcrumbList","@id":"https:\/\/www.varescogroup.eu\/fornitori\/#breadcrumb","itemListElement":[{"@type":"ListItem","position":1,"name":"Home","item":"https:\/\/www.varescogroup.eu\/de\/"},{"@type":"ListItem","position":2,"name":"LIEFERANTEN"}]},{"@type":"WebSite","@id":"https:\/\/www.varescogroup.eu\/#website","url":"https:\/\/www.varescogroup.eu\/","name":"Varesco Group","description":"Food &amp; Fruit Trade Company","publisher":{"@id":"https:\/\/www.varescogroup.eu\/#organization"},"potentialAction":[{"@type":"SearchAction","target":{"@type":"EntryPoint","urlTemplate":"https:\/\/www.varescogroup.eu\/?s={search_term_string}"},"query-input":{"@type":"PropertyValueSpecification","valueRequired":true,"valueName":"search_term_string"}}],"inLanguage":"de"},{"@type":"Organization","@id":"https:\/\/www.varescogroup.eu\/#organization","name":"Varesco Group","url":"https:\/\/www.varescogroup.eu\/","logo":{"@type":"ImageObject","inLanguage":"de","@id":"https:\/\/www.varescogroup.eu\/#\/schema\/logo\/image\/","url":"https:\/\/www.varescogroup.eu\/wp-content\/uploads\/2021\/03\/logotop-1.png","contentUrl":"https:\/\/www.varescogroup.eu\/wp-content\/uploads\/2021\/03\/logotop-1.png","caption":"Varesco Group"},"image":{"@id":"https:\/\/www.varescogroup.eu\/#\/schema\/logo\/image\/"}}]}},"_links":{"self":[{"href":"https:\/\/www.varescogroup.eu\/de\/wp-json\/wp\/v2\/pages\/8089","targetHints":{"allow":["GET"]}}],"collection":[{"href":"https:\/\/www.varescogroup.eu\/de\/wp-json\/wp\/v2\/pages"}],"about":[{"href":"https:\/\/www.varescogroup.eu\/de\/wp-json\/wp\/v2\/types\/page"}],"author":[{"embeddable":true,"href":"https:\/\/www.varescogroup.eu\/de\/wp-json\/wp\/v2\/users\/1"}],"replies":[{"embeddable":true,"href":"https:\/\/www.varescogroup.eu\/de\/wp-json\/wp\/v2\/comments?post=8089"}],"version-history":[{"count":0,"href":"https:\/\/www.varescogroup.eu\/de\/wp-json\/wp\/v2\/pages\/8089\/revisions"}],"wp:attachment":[{"href":"https:\/\/www.varescogroup.eu\/de\/wp-json\/wp\/v2\/media?parent=8089"}],"curies":[{"name":"wp","href":"https:\/\/api.w.org\/{rel}","templated":true}]}}