{"id":8097,"date":"2021-05-25T10:35:53","date_gmt":"2021-05-25T08:35:53","guid":{"rendered":"https:\/\/varescogroup.eu\/logistik\/"},"modified":"2021-07-07T16:14:15","modified_gmt":"2021-07-07T14:14:15","slug":"logistik","status":"publish","type":"page","link":"https:\/\/www.varescogroup.eu\/de\/logistik\/","title":{"rendered":"Logistik"},"content":{"rendered":"\t\t<div data-elementor-type=\"wp-page\" data-elementor-id=\"8097\" class=\"elementor elementor-8097 elementor-1758\" data-elementor-post-type=\"page\">\n\t\t\t\t\t\t<section class=\"elementor-section elementor-top-section elementor-element elementor-element-25db4fe1 elementor-section-stretched elementor-section-full_width elementor-section-height-default elementor-section-height-default\" data-id=\"25db4fe1\" data-element_type=\"section\" data-e-type=\"section\" data-settings=\"{&quot;stretch_section&quot;:&quot;section-stretched&quot;}\">\n\t\t\t\t\t\t<div class=\"elementor-container elementor-column-gap-default\">\n\t\t\t\t\t<div class=\"elementor-column elementor-col-100 elementor-top-column elementor-element elementor-element-318cfd0a\" data-id=\"318cfd0a\" data-element_type=\"column\" data-e-type=\"column\">\n\t\t\t<div class=\"elementor-widget-wrap elementor-element-populated\">\n\t\t\t\t\t\t<div class=\"elementor-element elementor-element-3051a75d elementor-widget elementor-widget-image\" data-id=\"3051a75d\" data-element_type=\"widget\" data-e-type=\"widget\" data-widget_type=\"image.default\">\n\t\t\t\t<div class=\"elementor-widget-container\">\n\t\t\t\t\t\t\t\t\t\t\t\t\t\t\t<img fetchpriority=\"high\" decoding=\"async\" width=\"3000\" height=\"500\" src=\"https:\/\/www.varescogroup.eu\/wp-content\/uploads\/2019\/04\/varesco-logistica.jpg\" class=\"attachment-full size-full wp-image-8102\" alt=\"varesco group logistica\" srcset=\"https:\/\/www.varescogroup.eu\/wp-content\/uploads\/2019\/04\/varesco-logistica.jpg 3000w, https:\/\/www.varescogroup.eu\/wp-content\/uploads\/2019\/04\/varesco-logistica-300x50.jpg 300w, https:\/\/www.varescogroup.eu\/wp-content\/uploads\/2019\/04\/varesco-logistica-768x128.jpg 768w, https:\/\/www.varescogroup.eu\/wp-content\/uploads\/2019\/04\/varesco-logistica-1024x171.jpg 1024w, https:\/\/www.varescogroup.eu\/wp-content\/uploads\/2019\/04\/varesco-logistica-600x100.jpg 600w\" sizes=\"(max-width: 3000px) 100vw, 3000px\" \/>\t\t\t\t\t\t\t\t\t\t\t\t\t\t\t<\/div>\n\t\t\t\t<\/div>\n\t\t\t\t\t<\/div>\n\t\t<\/div>\n\t\t\t\t\t<\/div>\n\t\t<\/section>\n\t\t\t\t<section class=\"elementor-section elementor-top-section elementor-element elementor-element-2148ce30 elementor-section-boxed elementor-section-height-default elementor-section-height-default\" data-id=\"2148ce30\" data-element_type=\"section\" data-e-type=\"section\">\n\t\t\t\t\t\t<div class=\"elementor-container elementor-column-gap-default\">\n\t\t\t\t\t<div class=\"elementor-column elementor-col-100 elementor-top-column elementor-element elementor-element-f1f2913\" data-id=\"f1f2913\" data-element_type=\"column\" data-e-type=\"column\">\n\t\t\t<div class=\"elementor-widget-wrap elementor-element-populated\">\n\t\t\t\t\t\t<div class=\"elementor-element elementor-element-4e2607bd elementor-widget elementor-widget-text-editor\" data-id=\"4e2607bd\" data-element_type=\"widget\" data-e-type=\"widget\" data-widget_type=\"text-editor.default\">\n\t\t\t\t<div class=\"elementor-widget-container\">\n\t\t\t\t\t\t\t\t\t<p>Die <strong>Varesco Group GmbH<\/strong> ist in der Lage, eine ad\u00e4quate Logistik w\u00e4hrend der gesamten Verarbeitung und Distribution zu gew\u00e4hrleisten.<\/p>\n<p>Unsere langj\u00e4hrige Erfahrung in der Branche erlaubt es uns, unseren Kunden und Lieferanten eine globale Distribution anzubieten, die jeden Markt sicher, schnell und bequem erreicht. Wir k\u00f6nnen die R\u00fcckverfolgbarkeit jedes von uns verarbeiteten Produkts garantieren, indem wir Qualit\u00e4t, Sicherheit und Zuverl\u00e4ssigkeit miteinander verbinden. F\u00fcr Produkte, die eine K\u00fchlkette erfordern, garantieren wir, dass diese nicht unterbrochen wird und eine konstante Temperatur f\u00fcr die Produkte aufrechterhalten wird, um ihre nat\u00fcrliche Haltbarkeit zu gew\u00e4hrleisten.<\/p>\n<p>Unser Personal besteht aus spezialisierten und qualifizierten Mitarbeitern, die in der Lage sind, unsere Partner in jeder Phase des logistischen Prozesses zu unterst\u00fctzen und ihnen auf Wunsch bei der Wahl der Verpackung zu helfen, um neue M\u00e4rkte besser zu erreichen und zu erhalten.<\/p>\n<p>Varesco Group GmbH ist in Italien und in Europa auch in anderen L\u00e4ndern t\u00e4tig und es gelingt uns immer, die Sicherheit und konstante Bereitstellung, Lieferung und R\u00fcckverfolgbarkeit der Produkte zu garantieren, dank der Effizienz unserer operativen Einrichtung, die das Ergebnis einer langj\u00e4hrigen Erfahrung in der Branche ist.<\/p>\n\t\t\t\t\t\t\t\t<\/div>\n\t\t\t\t<\/div>\n\t\t\t\t\t<\/div>\n\t\t<\/div>\n\t\t\t\t\t<\/div>\n\t\t<\/section>\n\t\t\t\t<section class=\"elementor-section elementor-top-section elementor-element elementor-element-3acb6515 elementor-section-boxed elementor-section-height-default elementor-section-height-default\" data-id=\"3acb6515\" data-element_type=\"section\" data-e-type=\"section\">\n\t\t\t\t\t\t<div class=\"elementor-container elementor-column-gap-default\">\n\t\t\t\t\t<div class=\"elementor-column elementor-col-50 elementor-top-column elementor-element elementor-element-6fe95080\" data-id=\"6fe95080\" data-element_type=\"column\" data-e-type=\"column\">\n\t\t\t<div class=\"elementor-widget-wrap elementor-element-populated\">\n\t\t\t\t\t\t<div class=\"elementor-element elementor-element-36540d7 elementor-widget elementor-widget-image\" data-id=\"36540d7\" data-element_type=\"widget\" data-e-type=\"widget\" data-widget_type=\"image.default\">\n\t\t\t\t<div class=\"elementor-widget-container\">\n\t\t\t\t\t\t\t\t\t\t\t\t\t\t\t\t<a href=\"https:\/\/varescogroup.eu\/wp-content\/uploads\/2019\/04\/aereo-1200-1024x683.jpg\" data-elementor-open-lightbox=\"yes\" data-elementor-lightbox-title=\"aereo\" data-e-action-hash=\"#elementor-action%3Aaction%3Dlightbox%26settings%3DeyJpZCI6ODEwNCwidXJsIjoiaHR0cHM6XC9cL3d3dy52YXJlc2NvZ3JvdXAuZXVcL3dwLWNvbnRlbnRcL3VwbG9hZHNcLzIwMTlcLzA0XC9hZXJlby0xMjAwLTEwMjR4NjgzLmpwZyJ9\">\n\t\t\t\t\t\t\t<img decoding=\"async\" width=\"800\" height=\"534\" src=\"https:\/\/www.varescogroup.eu\/wp-content\/uploads\/2019\/04\/aereo-1200-1024x683-1024x683.jpg\" class=\"attachment-large size-large wp-image-8104\" alt=\"aereo\" srcset=\"https:\/\/www.varescogroup.eu\/wp-content\/uploads\/2019\/04\/aereo-1200-1024x683.jpg 1024w, https:\/\/www.varescogroup.eu\/wp-content\/uploads\/2019\/04\/aereo-1200-1024x683-300x200.jpg 300w, https:\/\/www.varescogroup.eu\/wp-content\/uploads\/2019\/04\/aereo-1200-1024x683-768x512.jpg 768w, https:\/\/www.varescogroup.eu\/wp-content\/uploads\/2019\/04\/aereo-1200-1024x683-600x400.jpg 600w\" sizes=\"(max-width: 800px) 100vw, 800px\" \/>\t\t\t\t\t\t\t\t<\/a>\n\t\t\t\t\t\t\t\t\t\t\t\t\t\t\t<\/div>\n\t\t\t\t<\/div>\n\t\t\t\t\t<\/div>\n\t\t<\/div>\n\t\t\t\t<div class=\"elementor-column elementor-col-50 elementor-top-column elementor-element elementor-element-a9fd6df\" data-id=\"a9fd6df\" data-element_type=\"column\" data-e-type=\"column\">\n\t\t\t<div class=\"elementor-widget-wrap elementor-element-populated\">\n\t\t\t\t\t\t<div class=\"elementor-element elementor-element-fb4f129 elementor-widget elementor-widget-image\" data-id=\"fb4f129\" data-element_type=\"widget\" data-e-type=\"widget\" data-widget_type=\"image.default\">\n\t\t\t\t<div class=\"elementor-widget-container\">\n\t\t\t\t\t\t\t\t\t\t\t\t\t\t\t\t<a href=\"https:\/\/varescogroup.eu\/wp-content\/uploads\/2019\/04\/nave-1200-1024x683.jpg\" data-elementor-open-lightbox=\"yes\" data-elementor-lightbox-title=\"nave\" data-e-action-hash=\"#elementor-action%3Aaction%3Dlightbox%26settings%3DeyJpZCI6ODEwMywidXJsIjoiaHR0cHM6XC9cL3d3dy52YXJlc2NvZ3JvdXAuZXVcL3dwLWNvbnRlbnRcL3VwbG9hZHNcLzIwMTlcLzA0XC9uYXZlLTEyMDAtMTAyNHg2ODMuanBnIn0%3D\">\n\t\t\t\t\t\t\t<img decoding=\"async\" width=\"800\" height=\"534\" src=\"https:\/\/www.varescogroup.eu\/wp-content\/uploads\/2019\/04\/nave-1200-1024x683-1024x683.jpg\" class=\"attachment-large size-large wp-image-8103\" alt=\"nave\" srcset=\"https:\/\/www.varescogroup.eu\/wp-content\/uploads\/2019\/04\/nave-1200-1024x683.jpg 1024w, https:\/\/www.varescogroup.eu\/wp-content\/uploads\/2019\/04\/nave-1200-1024x683-300x200.jpg 300w, https:\/\/www.varescogroup.eu\/wp-content\/uploads\/2019\/04\/nave-1200-1024x683-768x512.jpg 768w, https:\/\/www.varescogroup.eu\/wp-content\/uploads\/2019\/04\/nave-1200-1024x683-600x400.jpg 600w\" sizes=\"(max-width: 800px) 100vw, 800px\" \/>\t\t\t\t\t\t\t\t<\/a>\n\t\t\t\t\t\t\t\t\t\t\t\t\t\t\t<\/div>\n\t\t\t\t<\/div>\n\t\t\t\t\t<\/div>\n\t\t<\/div>\n\t\t\t\t\t<\/div>\n\t\t<\/section>\n\t\t\t\t<\/div>\n\t\t","protected":false},"excerpt":{"rendered":"<p>Logistik Das Markenzeichen der Frische Direkt vom Bauern Die Varesco Group GmbH ist in der Lage, eine ad\u00e4quate Logistik w\u00e4hrend der gesamten Verarbeitung und Distribution zu gew\u00e4hrleisten. Unsere langj\u00e4hrige Erfahrung in der Branche erlaubt es uns, unseren Kunden und Lieferanten eine globale Distribution anzubieten, die jeden Markt sicher, schnell und bequem erreicht. Wir k\u00f6nnen die [&hellip;]<\/p>\n","protected":false},"author":1,"featured_media":0,"parent":0,"menu_order":0,"comment_status":"closed","ping_status":"open","template":"elementor_header_footer","meta":{"_acf_changed":false,"footnotes":""},"class_list":["post-8097","page","type-page","status-publish","hentry"],"acf":[],"yoast_head":"<!-- This site is optimized with the Yoast SEO plugin v27.4 - https:\/\/yoast.com\/product\/yoast-seo-wordpress\/ -->\n<title>Logistik - Varesco Group<\/title>\n<meta name=\"robots\" content=\"index, follow, max-snippet:-1, max-image-preview:large, max-video-preview:-1\" \/>\n<link rel=\"canonical\" href=\"https:\/\/www.varescogroup.eu\/logistica\/\" \/>\n<meta property=\"og:locale\" content=\"de_DE\" \/>\n<meta property=\"og:type\" content=\"article\" \/>\n<meta property=\"og:title\" content=\"Logistik - Varesco Group\" \/>\n<meta property=\"og:description\" content=\"Logistik Das Markenzeichen der Frische Direkt vom Bauern Die Varesco Group GmbH ist in der Lage, eine ad\u00e4quate Logistik w\u00e4hrend der gesamten Verarbeitung und Distribution zu gew\u00e4hrleisten. Unsere langj\u00e4hrige Erfahrung in der Branche erlaubt es uns, unseren Kunden und Lieferanten eine globale Distribution anzubieten, die jeden Markt sicher, schnell und bequem erreicht. Wir k\u00f6nnen die [&hellip;]\" \/>\n<meta property=\"og:url\" content=\"https:\/\/www.varescogroup.eu\/logistica\/\" \/>\n<meta property=\"og:site_name\" content=\"Varesco Group\" \/>\n<meta property=\"article:modified_time\" content=\"2021-07-07T14:14:15+00:00\" \/>\n<meta property=\"og:image\" content=\"https:\/\/varescogroup.eu\/wp-content\/uploads\/2019\/04\/varesco-logistica.jpg\" \/>\n<meta name=\"twitter:card\" content=\"summary_large_image\" \/>\n<meta name=\"twitter:label1\" content=\"Gesch\u00e4tzte Lesezeit\" \/>\n\t<meta name=\"twitter:data1\" content=\"1\u00a0Minute\" \/>\n<script type=\"application\/ld+json\" class=\"yoast-schema-graph\">{\"@context\":\"https:\\\/\\\/schema.org\",\"@graph\":[{\"@type\":\"WebPage\",\"@id\":\"https:\\\/\\\/www.varescogroup.eu\\\/logistica\\\/\",\"url\":\"https:\\\/\\\/www.varescogroup.eu\\\/logistica\\\/\",\"name\":\"Logistik - Varesco Group\",\"isPartOf\":{\"@id\":\"https:\\\/\\\/www.varescogroup.eu\\\/#website\"},\"primaryImageOfPage\":{\"@id\":\"https:\\\/\\\/www.varescogroup.eu\\\/logistica\\\/#primaryimage\"},\"image\":{\"@id\":\"https:\\\/\\\/www.varescogroup.eu\\\/logistica\\\/#primaryimage\"},\"thumbnailUrl\":\"https:\\\/\\\/varescogroup.eu\\\/wp-content\\\/uploads\\\/2019\\\/04\\\/varesco-logistica.jpg\",\"datePublished\":\"2021-05-25T08:35:53+00:00\",\"dateModified\":\"2021-07-07T14:14:15+00:00\",\"breadcrumb\":{\"@id\":\"https:\\\/\\\/www.varescogroup.eu\\\/logistica\\\/#breadcrumb\"},\"inLanguage\":\"de\",\"potentialAction\":[{\"@type\":\"ReadAction\",\"target\":[\"https:\\\/\\\/www.varescogroup.eu\\\/logistica\\\/\"]}]},{\"@type\":\"ImageObject\",\"inLanguage\":\"de\",\"@id\":\"https:\\\/\\\/www.varescogroup.eu\\\/logistica\\\/#primaryimage\",\"url\":\"https:\\\/\\\/varescogroup.eu\\\/wp-content\\\/uploads\\\/2019\\\/04\\\/varesco-logistica.jpg\",\"contentUrl\":\"https:\\\/\\\/varescogroup.eu\\\/wp-content\\\/uploads\\\/2019\\\/04\\\/varesco-logistica.jpg\"},{\"@type\":\"BreadcrumbList\",\"@id\":\"https:\\\/\\\/www.varescogroup.eu\\\/logistica\\\/#breadcrumb\",\"itemListElement\":[{\"@type\":\"ListItem\",\"position\":1,\"name\":\"Home\",\"item\":\"https:\\\/\\\/www.varescogroup.eu\\\/de\\\/\"},{\"@type\":\"ListItem\",\"position\":2,\"name\":\"Logistik\"}]},{\"@type\":\"WebSite\",\"@id\":\"https:\\\/\\\/www.varescogroup.eu\\\/#website\",\"url\":\"https:\\\/\\\/www.varescogroup.eu\\\/\",\"name\":\"Varesco Group\",\"description\":\"Food &amp; Fruit Trade Company\",\"publisher\":{\"@id\":\"https:\\\/\\\/www.varescogroup.eu\\\/#organization\"},\"potentialAction\":[{\"@type\":\"SearchAction\",\"target\":{\"@type\":\"EntryPoint\",\"urlTemplate\":\"https:\\\/\\\/www.varescogroup.eu\\\/?s={search_term_string}\"},\"query-input\":{\"@type\":\"PropertyValueSpecification\",\"valueRequired\":true,\"valueName\":\"search_term_string\"}}],\"inLanguage\":\"de\"},{\"@type\":\"Organization\",\"@id\":\"https:\\\/\\\/www.varescogroup.eu\\\/#organization\",\"name\":\"Varesco Group\",\"url\":\"https:\\\/\\\/www.varescogroup.eu\\\/\",\"logo\":{\"@type\":\"ImageObject\",\"inLanguage\":\"de\",\"@id\":\"https:\\\/\\\/www.varescogroup.eu\\\/#\\\/schema\\\/logo\\\/image\\\/\",\"url\":\"https:\\\/\\\/www.varescogroup.eu\\\/wp-content\\\/uploads\\\/2021\\\/03\\\/logotop-1.png\",\"contentUrl\":\"https:\\\/\\\/www.varescogroup.eu\\\/wp-content\\\/uploads\\\/2021\\\/03\\\/logotop-1.png\",\"caption\":\"Varesco Group\"},\"image\":{\"@id\":\"https:\\\/\\\/www.varescogroup.eu\\\/#\\\/schema\\\/logo\\\/image\\\/\"}}]}<\/script>\n<!-- \/ Yoast SEO plugin. -->","yoast_head_json":{"title":"Logistik - Varesco Group","robots":{"index":"index","follow":"follow","max-snippet":"max-snippet:-1","max-image-preview":"max-image-preview:large","max-video-preview":"max-video-preview:-1"},"canonical":"https:\/\/www.varescogroup.eu\/logistica\/","og_locale":"de_DE","og_type":"article","og_title":"Logistik - Varesco Group","og_description":"Logistik Das Markenzeichen der Frische Direkt vom Bauern Die Varesco Group GmbH ist in der Lage, eine ad\u00e4quate Logistik w\u00e4hrend der gesamten Verarbeitung und Distribution zu gew\u00e4hrleisten. Unsere langj\u00e4hrige Erfahrung in der Branche erlaubt es uns, unseren Kunden und Lieferanten eine globale Distribution anzubieten, die jeden Markt sicher, schnell und bequem erreicht. Wir k\u00f6nnen die [&hellip;]","og_url":"https:\/\/www.varescogroup.eu\/logistica\/","og_site_name":"Varesco Group","article_modified_time":"2021-07-07T14:14:15+00:00","og_image":[{"url":"https:\/\/varescogroup.eu\/wp-content\/uploads\/2019\/04\/varesco-logistica.jpg","type":"","width":"","height":""}],"twitter_card":"summary_large_image","twitter_misc":{"Gesch\u00e4tzte Lesezeit":"1\u00a0Minute"},"schema":{"@context":"https:\/\/schema.org","@graph":[{"@type":"WebPage","@id":"https:\/\/www.varescogroup.eu\/logistica\/","url":"https:\/\/www.varescogroup.eu\/logistica\/","name":"Logistik - Varesco Group","isPartOf":{"@id":"https:\/\/www.varescogroup.eu\/#website"},"primaryImageOfPage":{"@id":"https:\/\/www.varescogroup.eu\/logistica\/#primaryimage"},"image":{"@id":"https:\/\/www.varescogroup.eu\/logistica\/#primaryimage"},"thumbnailUrl":"https:\/\/varescogroup.eu\/wp-content\/uploads\/2019\/04\/varesco-logistica.jpg","datePublished":"2021-05-25T08:35:53+00:00","dateModified":"2021-07-07T14:14:15+00:00","breadcrumb":{"@id":"https:\/\/www.varescogroup.eu\/logistica\/#breadcrumb"},"inLanguage":"de","potentialAction":[{"@type":"ReadAction","target":["https:\/\/www.varescogroup.eu\/logistica\/"]}]},{"@type":"ImageObject","inLanguage":"de","@id":"https:\/\/www.varescogroup.eu\/logistica\/#primaryimage","url":"https:\/\/varescogroup.eu\/wp-content\/uploads\/2019\/04\/varesco-logistica.jpg","contentUrl":"https:\/\/varescogroup.eu\/wp-content\/uploads\/2019\/04\/varesco-logistica.jpg"},{"@type":"BreadcrumbList","@id":"https:\/\/www.varescogroup.eu\/logistica\/#breadcrumb","itemListElement":[{"@type":"ListItem","position":1,"name":"Home","item":"https:\/\/www.varescogroup.eu\/de\/"},{"@type":"ListItem","position":2,"name":"Logistik"}]},{"@type":"WebSite","@id":"https:\/\/www.varescogroup.eu\/#website","url":"https:\/\/www.varescogroup.eu\/","name":"Varesco Group","description":"Food &amp; Fruit Trade Company","publisher":{"@id":"https:\/\/www.varescogroup.eu\/#organization"},"potentialAction":[{"@type":"SearchAction","target":{"@type":"EntryPoint","urlTemplate":"https:\/\/www.varescogroup.eu\/?s={search_term_string}"},"query-input":{"@type":"PropertyValueSpecification","valueRequired":true,"valueName":"search_term_string"}}],"inLanguage":"de"},{"@type":"Organization","@id":"https:\/\/www.varescogroup.eu\/#organization","name":"Varesco Group","url":"https:\/\/www.varescogroup.eu\/","logo":{"@type":"ImageObject","inLanguage":"de","@id":"https:\/\/www.varescogroup.eu\/#\/schema\/logo\/image\/","url":"https:\/\/www.varescogroup.eu\/wp-content\/uploads\/2021\/03\/logotop-1.png","contentUrl":"https:\/\/www.varescogroup.eu\/wp-content\/uploads\/2021\/03\/logotop-1.png","caption":"Varesco Group"},"image":{"@id":"https:\/\/www.varescogroup.eu\/#\/schema\/logo\/image\/"}}]}},"_links":{"self":[{"href":"https:\/\/www.varescogroup.eu\/de\/wp-json\/wp\/v2\/pages\/8097","targetHints":{"allow":["GET"]}}],"collection":[{"href":"https:\/\/www.varescogroup.eu\/de\/wp-json\/wp\/v2\/pages"}],"about":[{"href":"https:\/\/www.varescogroup.eu\/de\/wp-json\/wp\/v2\/types\/page"}],"author":[{"embeddable":true,"href":"https:\/\/www.varescogroup.eu\/de\/wp-json\/wp\/v2\/users\/1"}],"replies":[{"embeddable":true,"href":"https:\/\/www.varescogroup.eu\/de\/wp-json\/wp\/v2\/comments?post=8097"}],"version-history":[{"count":0,"href":"https:\/\/www.varescogroup.eu\/de\/wp-json\/wp\/v2\/pages\/8097\/revisions"}],"wp:attachment":[{"href":"https:\/\/www.varescogroup.eu\/de\/wp-json\/wp\/v2\/media?parent=8097"}],"curies":[{"name":"wp","href":"https:\/\/api.w.org\/{rel}","templated":true}]}}