{"id":8529,"date":"2021-07-07T16:35:36","date_gmt":"2021-07-07T14:35:36","guid":{"rendered":"https:\/\/varescogroup.eu\/pflanzenschutz-systeme\/"},"modified":"2021-12-09T14:55:26","modified_gmt":"2021-12-09T13:55:26","slug":"pflanzenschutzsysteme","status":"publish","type":"page","link":"https:\/\/www.varescogroup.eu\/de\/pflanzenschutzsysteme\/","title":{"rendered":"Pflanzenschutzsysteme"},"content":{"rendered":"\t\t<div data-elementor-type=\"wp-page\" data-elementor-id=\"8529\" class=\"elementor elementor-8529 elementor-5037\" data-elementor-post-type=\"page\">\n\t\t\t\t\t\t<section class=\"elementor-section elementor-top-section elementor-element elementor-element-7b14a882 elementor-section-boxed elementor-section-height-default elementor-section-height-default\" data-id=\"7b14a882\" data-element_type=\"section\" data-e-type=\"section\" data-settings=\"{&quot;background_background&quot;:&quot;classic&quot;}\">\n\t\t\t\t\t\t\t<div class=\"elementor-background-overlay\"><\/div>\n\t\t\t\t\t\t\t<div class=\"elementor-container elementor-column-gap-default\">\n\t\t\t\t\t<div class=\"elementor-column elementor-col-100 elementor-top-column elementor-element elementor-element-981ac6e\" data-id=\"981ac6e\" data-element_type=\"column\" data-e-type=\"column\">\n\t\t\t<div class=\"elementor-widget-wrap elementor-element-populated\">\n\t\t\t\t\t\t<div class=\"elementor-element elementor-element-dc5258b elementor-widget elementor-widget-breadcrumbs\" data-id=\"dc5258b\" data-element_type=\"widget\" data-e-type=\"widget\" data-widget_type=\"breadcrumbs.default\">\n\t\t\t\t<div class=\"elementor-widget-container\">\n\t\t\t\t\t<p id=\"breadcrumbs\"><span><span><a href=\"https:\/\/www.varescogroup.eu\/de\/\">Home<\/a><\/span><\/span><\/p>\t\t\t\t<\/div>\n\t\t\t\t<\/div>\n\t\t\t\t<div class=\"elementor-element elementor-element-6ab242a6 elementor-widget elementor-widget-heading\" data-id=\"6ab242a6\" data-element_type=\"widget\" data-e-type=\"widget\" data-widget_type=\"heading.default\">\n\t\t\t\t<div class=\"elementor-widget-container\">\n\t\t\t\t\t<h1 class=\"elementor-heading-title elementor-size-default\">Pflanzenschutzsysteme<\/h1>\t\t\t\t<\/div>\n\t\t\t\t<\/div>\n\t\t\t\t<div class=\"elementor-element elementor-element-f87bf0b elementor-widget elementor-widget-heading\" data-id=\"f87bf0b\" data-element_type=\"widget\" data-e-type=\"widget\" data-widget_type=\"heading.default\">\n\t\t\t\t<div class=\"elementor-widget-container\">\n\t\t\t\t\t<h2 class=\"elementor-heading-title elementor-size-default\">Flexguard. Wir sind die exklusiven Vertriebspartner f\u00fcr dieses Produkt. Dieses Produkt sch\u00fctzt Pflanzen und verhindert Sch\u00e4den, die durch Wildtiere verursacht werden.<\/h2>\t\t\t\t<\/div>\n\t\t\t\t<\/div>\n\t\t\t\t<div class=\"elementor-element elementor-element-2648de7a elementor-hidden-desktop elementor-hidden-tablet elementor-hidden-phone elementor-widget elementor-widget-button\" data-id=\"2648de7a\" data-element_type=\"widget\" data-e-type=\"widget\" data-widget_type=\"button.default\">\n\t\t\t\t<div class=\"elementor-widget-container\">\n\t\t\t\t\t\t\t\t\t<div class=\"elementor-button-wrapper\">\n\t\t\t\t\t<a class=\"elementor-button elementor-button-link elementor-size-md\" href=\"#\">\n\t\t\t\t\t\t<span class=\"elementor-button-content-wrapper\">\n\t\t\t\t\t\t\t\t\t<span class=\"elementor-button-text\">BROCHURE DOWNLOAD<\/span>\n\t\t\t\t\t<\/span>\n\t\t\t\t\t<\/a>\n\t\t\t\t<\/div>\n\t\t\t\t\t\t\t\t<\/div>\n\t\t\t\t<\/div>\n\t\t\t\t\t<\/div>\n\t\t<\/div>\n\t\t\t\t\t<\/div>\n\t\t<\/section>\n\t\t\t\t<section class=\"elementor-section elementor-top-section elementor-element elementor-element-478c582b elementor-section-boxed elementor-section-height-default elementor-section-height-default\" data-id=\"478c582b\" data-element_type=\"section\" data-e-type=\"section\">\n\t\t\t\t\t\t<div class=\"elementor-container elementor-column-gap-default\">\n\t\t\t\t\t<div class=\"elementor-column elementor-col-100 elementor-top-column elementor-element elementor-element-234807f2\" data-id=\"234807f2\" data-element_type=\"column\" data-e-type=\"column\">\n\t\t\t<div class=\"elementor-widget-wrap elementor-element-populated\">\n\t\t\t\t\t\t<div class=\"elementor-element elementor-element-6a468d77 elementor-widget elementor-widget-text-editor\" data-id=\"6a468d77\" data-element_type=\"widget\" data-e-type=\"widget\" data-widget_type=\"text-editor.default\">\n\t\t\t\t<div class=\"elementor-widget-container\">\n\t\t\t\t\t\t\t\t\t<p>Die Varesco Group GmbH ist ein Vertriebsunternehmen f\u00fcr landwirtschaftliche und pflanzliche Produkte mit Sitz in der Region S\u00fcdtirol in Italien. Wir k\u00f6nnen Ihnen die besten Artikel aus unserem Sortiment anbieten: &#8222;Flexguard&#8220;. Wir sind die exklusiven Vertreiber dieses Produktes. Dieses Produkt sch\u00fctzt Pflanzen und verhindert Sch\u00e4den durch Wildtiere. Flexguard ist netzf\u00f6rmig (wie eine weiche Kette), dessen Hauptmaterial Polypropylen Copolymer ist. Das kleine Netz kann f\u00fcr andere Pflanzen wiederverwendet werden und es kann auf der Pflanze verbleiben, da es ihr in keiner Weise schadet; es dehnt sich mit dem Stamm aus und bietet so einen dauerhaften Schutz. Es ist schnell und einfach anzuwenden.<\/p>\n\t\t\t\t\t\t\t\t<\/div>\n\t\t\t\t<\/div>\n\t\t\t\t<div class=\"elementor-element elementor-element-32a0970 elementor-icon-list--layout-traditional elementor-list-item-link-full_width elementor-widget elementor-widget-icon-list\" data-id=\"32a0970\" data-element_type=\"widget\" data-e-type=\"widget\" data-widget_type=\"icon-list.default\">\n\t\t\t\t<div class=\"elementor-widget-container\">\n\t\t\t\t\t\t\t<ul class=\"elementor-icon-list-items\">\n\t\t\t\t\t\t\t<li class=\"elementor-icon-list-item\">\n\t\t\t\t\t\t\t\t\t\t<span class=\"elementor-icon-list-text\"><strong>Das Produkt hat drei Gr\u00f6\u00dfen und zwei Farben.<\/strong> <\/span>\n\t\t\t\t\t\t\t\t\t<\/li>\n\t\t\t\t\t\t\t\t<li class=\"elementor-icon-list-item\">\n\t\t\t\t\t\t\t\t\t\t<span class=\"elementor-icon-list-text\">Andere Gr\u00f6\u00dfen sind auf Anfrage erh\u00e4ltlich. <\/span>\n\t\t\t\t\t\t\t\t\t<\/li>\n\t\t\t\t\t\t\t\t<li class=\"elementor-icon-list-item\">\n\t\t\t\t\t\t\t\t\t\t\t<span class=\"elementor-icon-list-icon\">\n\t\t\t\t\t\t\t<i aria-hidden=\"true\" class=\"fas fa-check-circle\"><\/i>\t\t\t\t\t\t<\/span>\n\t\t\t\t\t\t\t\t\t\t<span class=\"elementor-icon-list-text\">Flexguard 11x55cm black<\/span>\n\t\t\t\t\t\t\t\t\t<\/li>\n\t\t\t\t\t\t\t\t<li class=\"elementor-icon-list-item\">\n\t\t\t\t\t\t\t\t\t\t\t<span class=\"elementor-icon-list-icon\">\n\t\t\t\t\t\t\t<i aria-hidden=\"true\" class=\"fas fa-check-circle\"><\/i>\t\t\t\t\t\t<\/span>\n\t\t\t\t\t\t\t\t\t\t<span class=\"elementor-icon-list-text\">Flexguaed 11x40cm black<\/span>\n\t\t\t\t\t\t\t\t\t<\/li>\n\t\t\t\t\t\t\t\t<li class=\"elementor-icon-list-item\">\n\t\t\t\t\t\t\t\t\t\t\t<span class=\"elementor-icon-list-icon\">\n\t\t\t\t\t\t\t<i aria-hidden=\"true\" class=\"fas fa-check-circle\"><\/i>\t\t\t\t\t\t<\/span>\n\t\t\t\t\t\t\t\t\t\t<span class=\"elementor-icon-list-text\">Flexguard 11x55cm white<\/span>\n\t\t\t\t\t\t\t\t\t<\/li>\n\t\t\t\t\t\t<\/ul>\n\t\t\t\t\t\t<\/div>\n\t\t\t\t<\/div>\n\t\t\t\t<div class=\"elementor-element elementor-element-2c247fb elementor-widget elementor-widget-text-editor\" data-id=\"2c247fb\" data-element_type=\"widget\" data-e-type=\"widget\" data-widget_type=\"text-editor.default\">\n\t\t\t\t<div class=\"elementor-widget-container\">\n\t\t\t\t\t\t\t\t\t<p>Die Wahl der Farbe und Gr\u00f6\u00dfe h\u00e4ngt sowohl von den Witterungsbedingungen im Einsatzgebiet als auch von der Art der zu behandelnden Pflanze ab. Ein Hase kann zum Beispiel bis zu 70 Zentimeter lang und fast 7 Kilogramm schwer werden. Diese Ma\u00dfe machen es m\u00f6glich, dass ein Hase sogar eine Rinde von \u00fcber 40 Zentimetern anknabbern kann.<\/p>\n<p>Wei\u00dfer Flexguard wird f\u00fcr Pflanzen empfohlen, die in gro\u00dfen H\u00f6hen wachsen. Die Farbe hat eine abweisende Wirkung gegen Sonnenlicht, w\u00e4hrend das Material Risse und Frostverbrennungen verhindert.<\/p>\n\t\t\t\t\t\t\t\t<\/div>\n\t\t\t\t<\/div>\n\t\t\t\t\t<\/div>\n\t\t<\/div>\n\t\t\t\t\t<\/div>\n\t\t<\/section>\n\t\t\t\t<section class=\"elementor-section elementor-top-section elementor-element elementor-element-5b13c7fc elementor-section-boxed elementor-section-height-default elementor-section-height-default\" data-id=\"5b13c7fc\" data-element_type=\"section\" data-e-type=\"section\">\n\t\t\t\t\t\t<div class=\"elementor-container elementor-column-gap-default\">\n\t\t\t\t\t<div class=\"elementor-column elementor-col-50 elementor-top-column elementor-element elementor-element-384e2314\" data-id=\"384e2314\" data-element_type=\"column\" data-e-type=\"column\">\n\t\t\t<div class=\"elementor-widget-wrap elementor-element-populated\">\n\t\t\t\t\t\t<div class=\"elementor-element elementor-element-6c7e8f2 elementor-widget elementor-widget-image\" data-id=\"6c7e8f2\" data-element_type=\"widget\" data-e-type=\"widget\" data-widget_type=\"image.default\">\n\t\t\t\t<div class=\"elementor-widget-container\">\n\t\t\t\t\t\t\t\t\t\t\t\t\t\t\t<img fetchpriority=\"high\" decoding=\"async\" width=\"683\" height=\"1024\" src=\"https:\/\/www.varescogroup.eu\/wp-content\/uploads\/2019\/07\/Bibaum_1-683x1024-683x1024.jpg\" class=\"attachment-large size-large wp-image-8531\" alt=\"\" srcset=\"https:\/\/www.varescogroup.eu\/wp-content\/uploads\/2019\/07\/Bibaum_1-683x1024.jpg 683w, https:\/\/www.varescogroup.eu\/wp-content\/uploads\/2019\/07\/Bibaum_1-683x1024-200x300.jpg 200w, https:\/\/www.varescogroup.eu\/wp-content\/uploads\/2019\/07\/Bibaum_1-683x1024-600x900.jpg 600w\" sizes=\"(max-width: 683px) 100vw, 683px\" \/>\t\t\t\t\t\t\t\t\t\t\t\t\t\t\t<\/div>\n\t\t\t\t<\/div>\n\t\t\t\t\t<\/div>\n\t\t<\/div>\n\t\t\t\t<div class=\"elementor-column elementor-col-50 elementor-top-column elementor-element elementor-element-650b6f11\" data-id=\"650b6f11\" data-element_type=\"column\" data-e-type=\"column\">\n\t\t\t<div class=\"elementor-widget-wrap elementor-element-populated\">\n\t\t\t\t\t\t<div class=\"elementor-element elementor-element-5ad8d0e elementor-widget elementor-widget-image\" data-id=\"5ad8d0e\" data-element_type=\"widget\" data-e-type=\"widget\" data-widget_type=\"image.default\">\n\t\t\t\t<div class=\"elementor-widget-container\">\n\t\t\t\t\t\t\t\t\t\t\t\t\t\t\t<img decoding=\"async\" width=\"682\" height=\"1024\" src=\"https:\/\/www.varescogroup.eu\/wp-content\/uploads\/2019\/07\/flexguard2-682x1024-682x1024.jpg\" class=\"attachment-large size-large wp-image-8532\" alt=\"\" srcset=\"https:\/\/www.varescogroup.eu\/wp-content\/uploads\/2019\/07\/flexguard2-682x1024.jpg 682w, https:\/\/www.varescogroup.eu\/wp-content\/uploads\/2019\/07\/flexguard2-682x1024-200x300.jpg 200w, https:\/\/www.varescogroup.eu\/wp-content\/uploads\/2019\/07\/flexguard2-682x1024-600x901.jpg 600w\" sizes=\"(max-width: 682px) 100vw, 682px\" \/>\t\t\t\t\t\t\t\t\t\t\t\t\t\t\t<\/div>\n\t\t\t\t<\/div>\n\t\t\t\t\t<\/div>\n\t\t<\/div>\n\t\t\t\t\t<\/div>\n\t\t<\/section>\n\t\t\t\t<section class=\"elementor-section elementor-top-section elementor-element elementor-element-d1ecd22 elementor-section-boxed elementor-section-height-default elementor-section-height-default\" data-id=\"d1ecd22\" data-element_type=\"section\" data-e-type=\"section\">\n\t\t\t\t\t\t<div class=\"elementor-container elementor-column-gap-default\">\n\t\t\t\t\t<div class=\"elementor-column elementor-col-100 elementor-top-column elementor-element elementor-element-2dcd069\" data-id=\"2dcd069\" data-element_type=\"column\" data-e-type=\"column\">\n\t\t\t<div class=\"elementor-widget-wrap elementor-element-populated\">\n\t\t\t\t\t\t<div class=\"elementor-element elementor-element-a3e29c7 elementor-widget elementor-widget-image\" data-id=\"a3e29c7\" data-element_type=\"widget\" data-e-type=\"widget\" data-widget_type=\"image.default\">\n\t\t\t\t<div class=\"elementor-widget-container\">\n\t\t\t\t\t\t\t\t\t\t\t\t\t\t\t<img decoding=\"async\" width=\"800\" height=\"534\" src=\"https:\/\/www.varescogroup.eu\/wp-content\/uploads\/2019\/07\/1007-1024x683-1024x683.jpg\" class=\"attachment-large size-large wp-image-8533\" alt=\"\" srcset=\"https:\/\/www.varescogroup.eu\/wp-content\/uploads\/2019\/07\/1007-1024x683.jpg 1024w, https:\/\/www.varescogroup.eu\/wp-content\/uploads\/2019\/07\/1007-1024x683-300x200.jpg 300w, https:\/\/www.varescogroup.eu\/wp-content\/uploads\/2019\/07\/1007-1024x683-768x512.jpg 768w, https:\/\/www.varescogroup.eu\/wp-content\/uploads\/2019\/07\/1007-1024x683-600x400.jpg 600w\" sizes=\"(max-width: 800px) 100vw, 800px\" \/>\t\t\t\t\t\t\t\t\t\t\t\t\t\t\t<\/div>\n\t\t\t\t<\/div>\n\t\t\t\t\t<\/div>\n\t\t<\/div>\n\t\t\t\t\t<\/div>\n\t\t<\/section>\n\t\t\t\t<\/div>\n\t\t","protected":false},"excerpt":{"rendered":"<p>Pflanzenschutzsysteme Flexguard. Wir sind die exklusiven Vertriebspartner f\u00fcr dieses Produkt. Dieses Produkt sch\u00fctzt Pflanzen und verhindert Sch\u00e4den, die durch Wildtiere verursacht werden. BROCHURE DOWNLOAD Die Varesco Group GmbH ist ein Vertriebsunternehmen f\u00fcr landwirtschaftliche und pflanzliche Produkte mit Sitz in der Region S\u00fcdtirol in Italien. Wir k\u00f6nnen Ihnen die besten Artikel aus unserem Sortiment anbieten: &#8222;Flexguard&#8220;. [&hellip;]<\/p>\n","protected":false},"author":1,"featured_media":0,"parent":0,"menu_order":0,"comment_status":"closed","ping_status":"closed","template":"elementor_header_footer","meta":{"_acf_changed":false,"footnotes":""},"class_list":["post-8529","page","type-page","status-publish","hentry"],"acf":[],"yoast_head":"<!-- This site is optimized with the Yoast SEO plugin v27.4 - https:\/\/yoast.com\/product\/yoast-seo-wordpress\/ -->\n<title>Pflanzenschutzsysteme - Varesco Group<\/title>\n<meta name=\"robots\" content=\"index, follow, max-snippet:-1, max-image-preview:large, max-video-preview:-1\" \/>\n<link rel=\"canonical\" href=\"https:\/\/www.varescogroup.eu\/sistemi-di-protezione-per-le-piante\/\" \/>\n<meta property=\"og:locale\" content=\"de_DE\" \/>\n<meta property=\"og:type\" content=\"article\" \/>\n<meta property=\"og:title\" content=\"Pflanzenschutzsysteme - Varesco Group\" \/>\n<meta property=\"og:description\" content=\"Pflanzenschutzsysteme Flexguard. Wir sind die exklusiven Vertriebspartner f\u00fcr dieses Produkt. Dieses Produkt sch\u00fctzt Pflanzen und verhindert Sch\u00e4den, die durch Wildtiere verursacht werden. BROCHURE DOWNLOAD Die Varesco Group GmbH ist ein Vertriebsunternehmen f\u00fcr landwirtschaftliche und pflanzliche Produkte mit Sitz in der Region S\u00fcdtirol in Italien. Wir k\u00f6nnen Ihnen die besten Artikel aus unserem Sortiment anbieten: &#8222;Flexguard&#8220;. [&hellip;]\" \/>\n<meta property=\"og:url\" content=\"https:\/\/www.varescogroup.eu\/sistemi-di-protezione-per-le-piante\/\" \/>\n<meta property=\"og:site_name\" content=\"Varesco Group\" \/>\n<meta property=\"article:modified_time\" content=\"2021-12-09T13:55:26+00:00\" \/>\n<meta property=\"og:image\" content=\"https:\/\/varescogroup.eu\/wp-content\/uploads\/2019\/07\/Bibaum_1-683x1024-683x1024.jpg\" \/>\n<meta name=\"twitter:card\" content=\"summary_large_image\" \/>\n<meta name=\"twitter:label1\" content=\"Gesch\u00e4tzte Lesezeit\" \/>\n\t<meta name=\"twitter:data1\" content=\"1\u00a0Minute\" \/>\n<script type=\"application\/ld+json\" class=\"yoast-schema-graph\">{\"@context\":\"https:\\\/\\\/schema.org\",\"@graph\":[{\"@type\":\"WebPage\",\"@id\":\"https:\\\/\\\/www.varescogroup.eu\\\/sistemi-di-protezione-per-le-piante\\\/\",\"url\":\"https:\\\/\\\/www.varescogroup.eu\\\/sistemi-di-protezione-per-le-piante\\\/\",\"name\":\"Pflanzenschutzsysteme - Varesco Group\",\"isPartOf\":{\"@id\":\"https:\\\/\\\/www.varescogroup.eu\\\/#website\"},\"primaryImageOfPage\":{\"@id\":\"https:\\\/\\\/www.varescogroup.eu\\\/sistemi-di-protezione-per-le-piante\\\/#primaryimage\"},\"image\":{\"@id\":\"https:\\\/\\\/www.varescogroup.eu\\\/sistemi-di-protezione-per-le-piante\\\/#primaryimage\"},\"thumbnailUrl\":\"https:\\\/\\\/varescogroup.eu\\\/wp-content\\\/uploads\\\/2019\\\/07\\\/Bibaum_1-683x1024-683x1024.jpg\",\"datePublished\":\"2021-07-07T14:35:36+00:00\",\"dateModified\":\"2021-12-09T13:55:26+00:00\",\"breadcrumb\":{\"@id\":\"https:\\\/\\\/www.varescogroup.eu\\\/sistemi-di-protezione-per-le-piante\\\/#breadcrumb\"},\"inLanguage\":\"de\",\"potentialAction\":[{\"@type\":\"ReadAction\",\"target\":[\"https:\\\/\\\/www.varescogroup.eu\\\/sistemi-di-protezione-per-le-piante\\\/\"]}]},{\"@type\":\"ImageObject\",\"inLanguage\":\"de\",\"@id\":\"https:\\\/\\\/www.varescogroup.eu\\\/sistemi-di-protezione-per-le-piante\\\/#primaryimage\",\"url\":\"https:\\\/\\\/varescogroup.eu\\\/wp-content\\\/uploads\\\/2019\\\/07\\\/Bibaum_1-683x1024-683x1024.jpg\",\"contentUrl\":\"https:\\\/\\\/varescogroup.eu\\\/wp-content\\\/uploads\\\/2019\\\/07\\\/Bibaum_1-683x1024-683x1024.jpg\"},{\"@type\":\"BreadcrumbList\",\"@id\":\"https:\\\/\\\/www.varescogroup.eu\\\/sistemi-di-protezione-per-le-piante\\\/#breadcrumb\",\"itemListElement\":[{\"@type\":\"ListItem\",\"position\":1,\"name\":\"Home\",\"item\":\"https:\\\/\\\/www.varescogroup.eu\\\/de\\\/\"},{\"@type\":\"ListItem\",\"position\":2,\"name\":\"Pflanzenschutzsysteme\"}]},{\"@type\":\"WebSite\",\"@id\":\"https:\\\/\\\/www.varescogroup.eu\\\/#website\",\"url\":\"https:\\\/\\\/www.varescogroup.eu\\\/\",\"name\":\"Varesco Group\",\"description\":\"Food &amp; Fruit Trade Company\",\"publisher\":{\"@id\":\"https:\\\/\\\/www.varescogroup.eu\\\/#organization\"},\"potentialAction\":[{\"@type\":\"SearchAction\",\"target\":{\"@type\":\"EntryPoint\",\"urlTemplate\":\"https:\\\/\\\/www.varescogroup.eu\\\/?s={search_term_string}\"},\"query-input\":{\"@type\":\"PropertyValueSpecification\",\"valueRequired\":true,\"valueName\":\"search_term_string\"}}],\"inLanguage\":\"de\"},{\"@type\":\"Organization\",\"@id\":\"https:\\\/\\\/www.varescogroup.eu\\\/#organization\",\"name\":\"Varesco Group\",\"url\":\"https:\\\/\\\/www.varescogroup.eu\\\/\",\"logo\":{\"@type\":\"ImageObject\",\"inLanguage\":\"de\",\"@id\":\"https:\\\/\\\/www.varescogroup.eu\\\/#\\\/schema\\\/logo\\\/image\\\/\",\"url\":\"https:\\\/\\\/www.varescogroup.eu\\\/wp-content\\\/uploads\\\/2021\\\/03\\\/logotop-1.png\",\"contentUrl\":\"https:\\\/\\\/www.varescogroup.eu\\\/wp-content\\\/uploads\\\/2021\\\/03\\\/logotop-1.png\",\"caption\":\"Varesco Group\"},\"image\":{\"@id\":\"https:\\\/\\\/www.varescogroup.eu\\\/#\\\/schema\\\/logo\\\/image\\\/\"}}]}<\/script>\n<!-- \/ Yoast SEO plugin. -->","yoast_head_json":{"title":"Pflanzenschutzsysteme - Varesco Group","robots":{"index":"index","follow":"follow","max-snippet":"max-snippet:-1","max-image-preview":"max-image-preview:large","max-video-preview":"max-video-preview:-1"},"canonical":"https:\/\/www.varescogroup.eu\/sistemi-di-protezione-per-le-piante\/","og_locale":"de_DE","og_type":"article","og_title":"Pflanzenschutzsysteme - Varesco Group","og_description":"Pflanzenschutzsysteme Flexguard. Wir sind die exklusiven Vertriebspartner f\u00fcr dieses Produkt. Dieses Produkt sch\u00fctzt Pflanzen und verhindert Sch\u00e4den, die durch Wildtiere verursacht werden. BROCHURE DOWNLOAD Die Varesco Group GmbH ist ein Vertriebsunternehmen f\u00fcr landwirtschaftliche und pflanzliche Produkte mit Sitz in der Region S\u00fcdtirol in Italien. Wir k\u00f6nnen Ihnen die besten Artikel aus unserem Sortiment anbieten: &#8222;Flexguard&#8220;. [&hellip;]","og_url":"https:\/\/www.varescogroup.eu\/sistemi-di-protezione-per-le-piante\/","og_site_name":"Varesco Group","article_modified_time":"2021-12-09T13:55:26+00:00","og_image":[{"url":"https:\/\/varescogroup.eu\/wp-content\/uploads\/2019\/07\/Bibaum_1-683x1024-683x1024.jpg","type":"","width":"","height":""}],"twitter_card":"summary_large_image","twitter_misc":{"Gesch\u00e4tzte Lesezeit":"1\u00a0Minute"},"schema":{"@context":"https:\/\/schema.org","@graph":[{"@type":"WebPage","@id":"https:\/\/www.varescogroup.eu\/sistemi-di-protezione-per-le-piante\/","url":"https:\/\/www.varescogroup.eu\/sistemi-di-protezione-per-le-piante\/","name":"Pflanzenschutzsysteme - Varesco Group","isPartOf":{"@id":"https:\/\/www.varescogroup.eu\/#website"},"primaryImageOfPage":{"@id":"https:\/\/www.varescogroup.eu\/sistemi-di-protezione-per-le-piante\/#primaryimage"},"image":{"@id":"https:\/\/www.varescogroup.eu\/sistemi-di-protezione-per-le-piante\/#primaryimage"},"thumbnailUrl":"https:\/\/varescogroup.eu\/wp-content\/uploads\/2019\/07\/Bibaum_1-683x1024-683x1024.jpg","datePublished":"2021-07-07T14:35:36+00:00","dateModified":"2021-12-09T13:55:26+00:00","breadcrumb":{"@id":"https:\/\/www.varescogroup.eu\/sistemi-di-protezione-per-le-piante\/#breadcrumb"},"inLanguage":"de","potentialAction":[{"@type":"ReadAction","target":["https:\/\/www.varescogroup.eu\/sistemi-di-protezione-per-le-piante\/"]}]},{"@type":"ImageObject","inLanguage":"de","@id":"https:\/\/www.varescogroup.eu\/sistemi-di-protezione-per-le-piante\/#primaryimage","url":"https:\/\/varescogroup.eu\/wp-content\/uploads\/2019\/07\/Bibaum_1-683x1024-683x1024.jpg","contentUrl":"https:\/\/varescogroup.eu\/wp-content\/uploads\/2019\/07\/Bibaum_1-683x1024-683x1024.jpg"},{"@type":"BreadcrumbList","@id":"https:\/\/www.varescogroup.eu\/sistemi-di-protezione-per-le-piante\/#breadcrumb","itemListElement":[{"@type":"ListItem","position":1,"name":"Home","item":"https:\/\/www.varescogroup.eu\/de\/"},{"@type":"ListItem","position":2,"name":"Pflanzenschutzsysteme"}]},{"@type":"WebSite","@id":"https:\/\/www.varescogroup.eu\/#website","url":"https:\/\/www.varescogroup.eu\/","name":"Varesco Group","description":"Food &amp; Fruit Trade Company","publisher":{"@id":"https:\/\/www.varescogroup.eu\/#organization"},"potentialAction":[{"@type":"SearchAction","target":{"@type":"EntryPoint","urlTemplate":"https:\/\/www.varescogroup.eu\/?s={search_term_string}"},"query-input":{"@type":"PropertyValueSpecification","valueRequired":true,"valueName":"search_term_string"}}],"inLanguage":"de"},{"@type":"Organization","@id":"https:\/\/www.varescogroup.eu\/#organization","name":"Varesco Group","url":"https:\/\/www.varescogroup.eu\/","logo":{"@type":"ImageObject","inLanguage":"de","@id":"https:\/\/www.varescogroup.eu\/#\/schema\/logo\/image\/","url":"https:\/\/www.varescogroup.eu\/wp-content\/uploads\/2021\/03\/logotop-1.png","contentUrl":"https:\/\/www.varescogroup.eu\/wp-content\/uploads\/2021\/03\/logotop-1.png","caption":"Varesco Group"},"image":{"@id":"https:\/\/www.varescogroup.eu\/#\/schema\/logo\/image\/"}}]}},"_links":{"self":[{"href":"https:\/\/www.varescogroup.eu\/de\/wp-json\/wp\/v2\/pages\/8529","targetHints":{"allow":["GET"]}}],"collection":[{"href":"https:\/\/www.varescogroup.eu\/de\/wp-json\/wp\/v2\/pages"}],"about":[{"href":"https:\/\/www.varescogroup.eu\/de\/wp-json\/wp\/v2\/types\/page"}],"author":[{"embeddable":true,"href":"https:\/\/www.varescogroup.eu\/de\/wp-json\/wp\/v2\/users\/1"}],"replies":[{"embeddable":true,"href":"https:\/\/www.varescogroup.eu\/de\/wp-json\/wp\/v2\/comments?post=8529"}],"version-history":[{"count":0,"href":"https:\/\/www.varescogroup.eu\/de\/wp-json\/wp\/v2\/pages\/8529\/revisions"}],"wp:attachment":[{"href":"https:\/\/www.varescogroup.eu\/de\/wp-json\/wp\/v2\/media?parent=8529"}],"curies":[{"name":"wp","href":"https:\/\/api.w.org\/{rel}","templated":true}]}}