{"id":8809,"date":"2021-07-27T11:42:25","date_gmt":"2021-07-27T09:42:25","guid":{"rendered":"https:\/\/varescogroup.eu\/ingwer-und-fruchtpulver\/"},"modified":"2021-07-27T11:42:26","modified_gmt":"2021-07-27T09:42:26","slug":"ingwer-und-fruchtpulver","status":"publish","type":"page","link":"https:\/\/www.varescogroup.eu\/de\/ingwer-und-fruchtpulver\/","title":{"rendered":"Ingwer- und Fruchtpulver"},"content":{"rendered":"\t\t<div data-elementor-type=\"wp-page\" data-elementor-id=\"8809\" class=\"elementor elementor-8809 elementor-8618\" data-elementor-post-type=\"page\">\n\t\t\t\t\t\t<section class=\"elementor-section elementor-top-section elementor-element elementor-element-70030ea elementor-section-stretched elementor-section-content-middle elementor-section-boxed elementor-section-height-default elementor-section-height-default\" data-id=\"70030ea\" data-element_type=\"section\" data-e-type=\"section\" data-settings=\"{&quot;stretch_section&quot;:&quot;section-stretched&quot;,&quot;background_background&quot;:&quot;classic&quot;}\">\n\t\t\t\t\t\t\t<div class=\"elementor-background-overlay\"><\/div>\n\t\t\t\t\t\t\t<div class=\"elementor-container elementor-column-gap-default\">\n\t\t\t\t\t<div class=\"elementor-column elementor-col-50 elementor-top-column elementor-element elementor-element-7089a05\" data-id=\"7089a05\" data-element_type=\"column\" data-e-type=\"column\">\n\t\t\t<div class=\"elementor-widget-wrap elementor-element-populated\">\n\t\t\t\t\t\t<div class=\"elementor-element elementor-element-b0da453 elementor-widget elementor-widget-breadcrumbs\" data-id=\"b0da453\" data-element_type=\"widget\" data-e-type=\"widget\" data-widget_type=\"breadcrumbs.default\">\n\t\t\t\t<div class=\"elementor-widget-container\">\n\t\t\t\t\t<p id=\"breadcrumbs\"><span><span><a href=\"https:\/\/www.varescogroup.eu\/de\/\">Home<\/a><\/span><\/span><\/p>\t\t\t\t<\/div>\n\t\t\t\t<\/div>\n\t\t\t\t<div class=\"elementor-element elementor-element-5199f4 elementor-widget elementor-widget-heading\" data-id=\"5199f4\" data-element_type=\"widget\" data-e-type=\"widget\" data-widget_type=\"heading.default\">\n\t\t\t\t<div class=\"elementor-widget-container\">\n\t\t\t\t\t<h2 class=\"elementor-heading-title elementor-size-default\">Ingwer- und Fruchtpulver<\/h2>\t\t\t\t<\/div>\n\t\t\t\t<\/div>\n\t\t\t\t<div class=\"elementor-element elementor-element-5d6434da elementor-widget elementor-widget-text-editor\" data-id=\"5d6434da\" data-element_type=\"widget\" data-e-type=\"widget\" data-widget_type=\"text-editor.default\">\n\t\t\t\t<div class=\"elementor-widget-container\">\n\t\t\t\t\t\t\t\t\t<p>Garantiert naturbelassen und hohe Qualit\u00e4t<\/p>\n\t\t\t\t\t\t\t\t<\/div>\n\t\t\t\t<\/div>\n\t\t\t\t<div class=\"elementor-element elementor-element-56468d21 elementor-hidden-desktop elementor-hidden-tablet elementor-hidden-phone elementor-widget elementor-widget-button\" data-id=\"56468d21\" data-element_type=\"widget\" data-e-type=\"widget\" data-widget_type=\"button.default\">\n\t\t\t\t<div class=\"elementor-widget-container\">\n\t\t\t\t\t\t\t\t\t<div class=\"elementor-button-wrapper\">\n\t\t\t\t\t<a class=\"elementor-button elementor-button-link elementor-size-md\" href=\"https:\/\/varescogroup.eu\/wp-content\/uploads\/2019\/07\/varesco-natural-powder-products-2.pdf\" target=\"_blank\">\n\t\t\t\t\t\t<span class=\"elementor-button-content-wrapper\">\n\t\t\t\t\t\t\t\t\t<span class=\"elementor-button-text\">BROSCH\u00dcRE ZUM DOWNLOAD<\/span>\n\t\t\t\t\t<\/span>\n\t\t\t\t\t<\/a>\n\t\t\t\t<\/div>\n\t\t\t\t\t\t\t\t<\/div>\n\t\t\t\t<\/div>\n\t\t\t\t\t<\/div>\n\t\t<\/div>\n\t\t\t\t<div class=\"elementor-column elementor-col-50 elementor-top-column elementor-element elementor-element-376c0111\" data-id=\"376c0111\" data-element_type=\"column\" data-e-type=\"column\">\n\t\t\t<div class=\"elementor-widget-wrap\">\n\t\t\t\t\t\t\t<\/div>\n\t\t<\/div>\n\t\t\t\t\t<\/div>\n\t\t<\/section>\n\t\t\t\t<section class=\"elementor-section elementor-top-section elementor-element elementor-element-3530b8ba elementor-section-content-middle elementor-section-boxed elementor-section-height-default elementor-section-height-default\" data-id=\"3530b8ba\" data-element_type=\"section\" data-e-type=\"section\">\n\t\t\t\t\t\t<div class=\"elementor-container elementor-column-gap-default\">\n\t\t\t\t\t<div class=\"elementor-column elementor-col-50 elementor-top-column elementor-element elementor-element-757d83a\" data-id=\"757d83a\" data-element_type=\"column\" data-e-type=\"column\">\n\t\t\t<div class=\"elementor-widget-wrap elementor-element-populated\">\n\t\t\t\t\t\t<div class=\"elementor-element elementor-element-2285cf4f elementor-widget elementor-widget-heading\" data-id=\"2285cf4f\" data-element_type=\"widget\" data-e-type=\"widget\" data-widget_type=\"heading.default\">\n\t\t\t\t<div class=\"elementor-widget-container\">\n\t\t\t\t\t<h2 class=\"elementor-heading-title elementor-size-default\">Ingwer<\/h2>\t\t\t\t<\/div>\n\t\t\t\t<\/div>\n\t\t\t\t<div class=\"elementor-element elementor-element-591643e elementor-widget elementor-widget-heading\" data-id=\"591643e\" data-element_type=\"widget\" data-e-type=\"widget\" data-widget_type=\"heading.default\">\n\t\t\t\t<div class=\"elementor-widget-container\">\n\t\t\t\t\t<h3 class=\"elementor-heading-title elementor-size-default\">Peru<\/h3>\t\t\t\t<\/div>\n\t\t\t\t<\/div>\n\t\t\t\t<div class=\"elementor-element elementor-element-c67b878 elementor-widget elementor-widget-text-editor\" data-id=\"c67b878\" data-element_type=\"widget\" data-e-type=\"widget\" data-widget_type=\"text-editor.default\">\n\t\t\t\t<div class=\"elementor-widget-container\">\n\t\t\t\t\t\t\t\t\t<p>Ingwer ist ein vielseitig einsetzbares <strong>Gew\u00fcrz<\/strong>, das Getr\u00e4nken sowie Fleisch-, Fisch- und Suppengerichten Geschmack verleiht. Allein oder mit anderen Gew\u00fcrzen ist sein aromatischer und leicht w\u00fcrziger Geschmack unverwechselbar. Unsere <strong>peruanische Ingwerwurzel<\/strong> und -pulver kommt direkt von Produzenten aus dem zentralen Dschungel von Peru. Peruanischer Ingwer ist aufgrund seiner Farbe, seines Aromas, seiner Textur und seiner Gr\u00f6\u00dfe von gro\u00dfer Qualit\u00e4t.<\/p>\n\t\t\t\t\t\t\t\t<\/div>\n\t\t\t\t<\/div>\n\t\t\t\t<div class=\"elementor-element elementor-element-23491944 elementor-align-start elementor-icon-list--layout-inline elementor-list-item-link-full_width elementor-widget elementor-widget-icon-list\" data-id=\"23491944\" data-element_type=\"widget\" data-e-type=\"widget\" data-widget_type=\"icon-list.default\">\n\t\t\t\t<div class=\"elementor-widget-container\">\n\t\t\t\t\t\t\t<ul class=\"elementor-icon-list-items elementor-inline-items\">\n\t\t\t\t\t\t\t<li class=\"elementor-icon-list-item elementor-inline-item\">\n\t\t\t\t\t\t\t\t\t\t\t<span class=\"elementor-icon-list-icon\">\n\t\t\t\t\t\t\t<i aria-hidden=\"true\" class=\"fas fa-check\"><\/i>\t\t\t\t\t\t<\/span>\n\t\t\t\t\t\t\t\t\t\t<span class=\"elementor-icon-list-text\"><strong>Verpackung:<\/strong> erh\u00e4ltlich in 10kg-Packungen<\/span>\n\t\t\t\t\t\t\t\t\t<\/li>\n\t\t\t\t\t\t\t\t<li class=\"elementor-icon-list-item elementor-inline-item\">\n\t\t\t\t\t\t\t\t\t\t\t<span class=\"elementor-icon-list-icon\">\n\t\t\t\t\t\t\t<i aria-hidden=\"true\" class=\"fas fa-check\"><\/i>\t\t\t\t\t\t<\/span>\n\t\t\t\t\t\t\t\t\t\t<span class=\"elementor-icon-list-text\"><strong>Ernte: <\/strong> Mai bis Oktober<\/span>\n\t\t\t\t\t\t\t\t\t<\/li>\n\t\t\t\t\t\t<\/ul>\n\t\t\t\t\t\t<\/div>\n\t\t\t\t<\/div>\n\t\t\t\t<div class=\"elementor-element elementor-element-506565f elementor-widget elementor-widget-heading\" data-id=\"506565f\" data-element_type=\"widget\" data-e-type=\"widget\" data-widget_type=\"heading.default\">\n\t\t\t\t<div class=\"elementor-widget-container\">\n\t\t\t\t\t<h3 class=\"elementor-heading-title elementor-size-default\">Nigeria<\/h3>\t\t\t\t<\/div>\n\t\t\t\t<\/div>\n\t\t\t\t<div class=\"elementor-element elementor-element-5d21663 elementor-widget elementor-widget-text-editor\" data-id=\"5d21663\" data-element_type=\"widget\" data-e-type=\"widget\" data-widget_type=\"text-editor.default\">\n\t\t\t\t<div class=\"elementor-widget-container\">\n\t\t\t\t\t\t\t\t\t<p>Unser Gew\u00fcrz wird in Afrika von einer Frauenkooperative in Nigeria produziert und angebaut. 70 % der Frauen stammen aus den lokalen Gemeinden, in denen wir t\u00e4tig sind, um die soziale, wirtschaftliche und \u00f6kologische Entwicklung in diesen Gebieten zu unterst\u00fctzen. Unser <strong>nigerianischer Ingwer<\/strong> ist stark aromatisch mit einer anhaltenden und zarten Zitronennote.<\/p>\n\t\t\t\t\t\t\t\t<\/div>\n\t\t\t\t<\/div>\n\t\t\t\t<div class=\"elementor-element elementor-element-603a406 elementor-align-start elementor-icon-list--layout-inline elementor-list-item-link-full_width elementor-widget elementor-widget-icon-list\" data-id=\"603a406\" data-element_type=\"widget\" data-e-type=\"widget\" data-widget_type=\"icon-list.default\">\n\t\t\t\t<div class=\"elementor-widget-container\">\n\t\t\t\t\t\t\t<ul class=\"elementor-icon-list-items elementor-inline-items\">\n\t\t\t\t\t\t\t<li class=\"elementor-icon-list-item elementor-inline-item\">\n\t\t\t\t\t\t\t\t\t\t\t<span class=\"elementor-icon-list-icon\">\n\t\t\t\t\t\t\t<i aria-hidden=\"true\" class=\"fas fa-check\"><\/i>\t\t\t\t\t\t<\/span>\n\t\t\t\t\t\t\t\t\t\t<span class=\"elementor-icon-list-text\"><strong>Verpackung:<\/strong> erh\u00e4ltlich in 10kg-Packungen<\/span>\n\t\t\t\t\t\t\t\t\t<\/li>\n\t\t\t\t\t\t\t\t<li class=\"elementor-icon-list-item elementor-inline-item\">\n\t\t\t\t\t\t\t\t\t\t\t<span class=\"elementor-icon-list-icon\">\n\t\t\t\t\t\t\t<i aria-hidden=\"true\" class=\"fas fa-check\"><\/i>\t\t\t\t\t\t<\/span>\n\t\t\t\t\t\t\t\t\t\t<span class=\"elementor-icon-list-text\"><strong>Ernte: <\/strong> Dezember bis Februar<\/span>\n\t\t\t\t\t\t\t\t\t<\/li>\n\t\t\t\t\t\t<\/ul>\n\t\t\t\t\t\t<\/div>\n\t\t\t\t<\/div>\n\t\t\t\t\t<\/div>\n\t\t<\/div>\n\t\t\t\t<div class=\"elementor-column elementor-col-50 elementor-top-column elementor-element elementor-element-20f947bc\" data-id=\"20f947bc\" data-element_type=\"column\" data-e-type=\"column\">\n\t\t\t<div class=\"elementor-widget-wrap elementor-element-populated\">\n\t\t\t\t\t\t<div class=\"elementor-element elementor-element-114163e5 elementor-widget elementor-widget-image\" data-id=\"114163e5\" data-element_type=\"widget\" data-e-type=\"widget\" data-widget_type=\"image.default\">\n\t\t\t\t<div class=\"elementor-widget-container\">\n\t\t\t\t\t\t\t\t\t\t\t\t\t\t\t<img fetchpriority=\"high\" decoding=\"async\" width=\"800\" height=\"566\" src=\"https:\/\/www.varescogroup.eu\/wp-content\/uploads\/2021\/07\/varesco-zenzero-1024x724.jpg\" class=\"attachment-large size-large wp-image-8708\" alt=\"\" srcset=\"https:\/\/www.varescogroup.eu\/wp-content\/uploads\/2021\/07\/varesco-zenzero-1024x724.jpg 1024w, https:\/\/www.varescogroup.eu\/wp-content\/uploads\/2021\/07\/varesco-zenzero-300x212.jpg 300w, https:\/\/www.varescogroup.eu\/wp-content\/uploads\/2021\/07\/varesco-zenzero-768x543.jpg 768w, https:\/\/www.varescogroup.eu\/wp-content\/uploads\/2021\/07\/varesco-zenzero-600x424.jpg 600w, https:\/\/www.varescogroup.eu\/wp-content\/uploads\/2021\/07\/varesco-zenzero.jpg 1100w\" sizes=\"(max-width: 800px) 100vw, 800px\" \/>\t\t\t\t\t\t\t\t\t\t\t\t\t\t\t<\/div>\n\t\t\t\t<\/div>\n\t\t\t\t\t<\/div>\n\t\t<\/div>\n\t\t\t\t\t<\/div>\n\t\t<\/section>\n\t\t\t\t<section class=\"elementor-section elementor-top-section elementor-element elementor-element-56c7746 elementor-section-content-middle elementor-section-boxed elementor-section-height-default elementor-section-height-default\" data-id=\"56c7746\" data-element_type=\"section\" data-e-type=\"section\">\n\t\t\t\t\t\t<div class=\"elementor-container elementor-column-gap-default\">\n\t\t\t\t\t<div class=\"elementor-column elementor-col-50 elementor-top-column elementor-element elementor-element-290af23\" data-id=\"290af23\" data-element_type=\"column\" data-e-type=\"column\">\n\t\t\t<div class=\"elementor-widget-wrap elementor-element-populated\">\n\t\t\t\t\t\t<div class=\"elementor-element elementor-element-92fba1e elementor-widget elementor-widget-image\" data-id=\"92fba1e\" data-element_type=\"widget\" data-e-type=\"widget\" data-widget_type=\"image.default\">\n\t\t\t\t<div class=\"elementor-widget-container\">\n\t\t\t\t\t\t\t\t\t\t\t\t\t\t\t<img decoding=\"async\" width=\"800\" height=\"620\" src=\"https:\/\/www.varescogroup.eu\/wp-content\/uploads\/2021\/07\/varesco-fruit-powders-1024x794.jpg\" class=\"attachment-large size-large wp-image-8701\" alt=\"\" srcset=\"https:\/\/www.varescogroup.eu\/wp-content\/uploads\/2021\/07\/varesco-fruit-powders-1024x794.jpg 1024w, https:\/\/www.varescogroup.eu\/wp-content\/uploads\/2021\/07\/varesco-fruit-powders-300x233.jpg 300w, https:\/\/www.varescogroup.eu\/wp-content\/uploads\/2021\/07\/varesco-fruit-powders-768x596.jpg 768w, https:\/\/www.varescogroup.eu\/wp-content\/uploads\/2021\/07\/varesco-fruit-powders-600x465.jpg 600w, https:\/\/www.varescogroup.eu\/wp-content\/uploads\/2021\/07\/varesco-fruit-powders.jpg 1100w\" sizes=\"(max-width: 800px) 100vw, 800px\" \/>\t\t\t\t\t\t\t\t\t\t\t\t\t\t\t<\/div>\n\t\t\t\t<\/div>\n\t\t\t\t\t<\/div>\n\t\t<\/div>\n\t\t\t\t<div class=\"elementor-column elementor-col-50 elementor-top-column elementor-element elementor-element-2fa0af5\" data-id=\"2fa0af5\" data-element_type=\"column\" data-e-type=\"column\">\n\t\t\t<div class=\"elementor-widget-wrap elementor-element-populated\">\n\t\t\t\t\t\t<div class=\"elementor-element elementor-element-a02479a elementor-widget elementor-widget-heading\" data-id=\"a02479a\" data-element_type=\"widget\" data-e-type=\"widget\" data-widget_type=\"heading.default\">\n\t\t\t\t<div class=\"elementor-widget-container\">\n\t\t\t\t\t<h2 class=\"elementor-heading-title elementor-size-default\">Fruchtpulver<\/h2>\t\t\t\t<\/div>\n\t\t\t\t<\/div>\n\t\t\t\t<div class=\"elementor-element elementor-element-cc078cb elementor-widget elementor-widget-text-editor\" data-id=\"cc078cb\" data-element_type=\"widget\" data-e-type=\"widget\" data-widget_type=\"text-editor.default\">\n\t\t\t\t<div class=\"elementor-widget-container\">\n\t\t\t\t\t\t\t\t\t<p>Unsere 100% nat\u00fcrlichen Fruchtpulver haben ihren Ursprung in Kolumbien. Die Fr\u00fcchte werden mit den besten landwirtschaftlichen Verfahren in den verschiedenen Produktionsgebieten angebaut, was die R\u00fcckverfolgbarkeit und die Kontrolle der R\u00fcckst\u00e4nde garantiert. Sie werden in einem Spr\u00fchtrocknungsverfahren pulverisiert, wodurch ihre Eigenschaften f\u00fcr den gesunden Verzehr erhalten bleiben, und das ohne Zuckerzusatz.<\/p>\n\t\t\t\t\t\t\t\t<\/div>\n\t\t\t\t<\/div>\n\t\t\t\t<div class=\"elementor-element elementor-element-5b764c7 elementor-align-start elementor-icon-list--layout-traditional elementor-list-item-link-full_width elementor-widget elementor-widget-icon-list\" data-id=\"5b764c7\" data-element_type=\"widget\" data-e-type=\"widget\" data-widget_type=\"icon-list.default\">\n\t\t\t\t<div class=\"elementor-widget-container\">\n\t\t\t\t\t\t\t<ul class=\"elementor-icon-list-items\">\n\t\t\t\t\t\t\t<li class=\"elementor-icon-list-item\">\n\t\t\t\t\t\t\t\t\t\t\t<span class=\"elementor-icon-list-icon\">\n\t\t\t\t\t\t\t<i aria-hidden=\"true\" class=\"fas fa-check\"><\/i>\t\t\t\t\t\t<\/span>\n\t\t\t\t\t\t\t\t\t\t<span class=\"elementor-icon-list-text\"><strong>Herkunft:<\/strong> Kolumbien<\/span>\n\t\t\t\t\t\t\t\t\t<\/li>\n\t\t\t\t\t\t\t\t<li class=\"elementor-icon-list-item\">\n\t\t\t\t\t\t\t\t\t\t\t<span class=\"elementor-icon-list-icon\">\n\t\t\t\t\t\t\t<i aria-hidden=\"true\" class=\"fas fa-check\"><\/i>\t\t\t\t\t\t<\/span>\n\t\t\t\t\t\t\t\t\t\t<span class=\"elementor-icon-list-text\"><strong>Verf\u00fcgbare Pulver:<\/strong> Avocado, Banane, Brombeere, Zitrone, Mango, Orange, Passionsfrucht, Ananas, Erdbeere, Mandarine.<\/span>\n\t\t\t\t\t\t\t\t\t<\/li>\n\t\t\t\t\t\t\t\t<li class=\"elementor-icon-list-item\">\n\t\t\t\t\t\t\t\t\t\t\t<span class=\"elementor-icon-list-icon\">\n\t\t\t\t\t\t\t<i aria-hidden=\"true\" class=\"fas fa-check\"><\/i>\t\t\t\t\t\t<\/span>\n\t\t\t\t\t\t\t\t\t\t<span class=\"elementor-icon-list-text\"><strong>Anwendungen:<\/strong> viele Anwendungen in der Lebensmittelindustrie, insbesondere in Kaltgetr\u00e4nken wie Softdrinks (Slushies) oder Smoothies. Polveri di frutta<\/span>\n\t\t\t\t\t\t\t\t\t<\/li>\n\t\t\t\t\t\t<\/ul>\n\t\t\t\t\t\t<\/div>\n\t\t\t\t<\/div>\n\t\t\t\t\t<\/div>\n\t\t<\/div>\n\t\t\t\t\t<\/div>\n\t\t<\/section>\n\t\t\t\t<\/div>\n\t\t","protected":false},"excerpt":{"rendered":"<p>Ingwer- und Fruchtpulver Garantiert naturbelassen und hohe Qualit\u00e4t BROSCH\u00dcRE ZUM DOWNLOAD Ingwer Peru Ingwer ist ein vielseitig einsetzbares Gew\u00fcrz, das Getr\u00e4nken sowie Fleisch-, Fisch- und Suppengerichten Geschmack verleiht. Allein oder mit anderen Gew\u00fcrzen ist sein aromatischer und leicht w\u00fcrziger Geschmack unverwechselbar. Unsere peruanische Ingwerwurzel und -pulver kommt direkt von Produzenten aus dem zentralen Dschungel von [&hellip;]<\/p>\n","protected":false},"author":1,"featured_media":0,"parent":0,"menu_order":0,"comment_status":"closed","ping_status":"closed","template":"elementor_header_footer","meta":{"_acf_changed":false,"footnotes":""},"class_list":["post-8809","page","type-page","status-publish","hentry"],"acf":[],"yoast_head":"<!-- This site is optimized with the Yoast SEO plugin v27.4 - https:\/\/yoast.com\/product\/yoast-seo-wordpress\/ -->\n<title>Ingwer- und Fruchtpulver - Varesco Group<\/title>\n<meta name=\"robots\" content=\"index, follow, max-snippet:-1, max-image-preview:large, max-video-preview:-1\" \/>\n<link rel=\"canonical\" href=\"https:\/\/www.varescogroup.eu\/zenzero-e-polveri-di-frutta\/\" \/>\n<meta property=\"og:locale\" content=\"de_DE\" \/>\n<meta property=\"og:type\" content=\"article\" \/>\n<meta property=\"og:title\" content=\"Ingwer- und Fruchtpulver - Varesco Group\" \/>\n<meta property=\"og:description\" content=\"Ingwer- und Fruchtpulver Garantiert naturbelassen und hohe Qualit\u00e4t BROSCH\u00dcRE ZUM DOWNLOAD Ingwer Peru Ingwer ist ein vielseitig einsetzbares Gew\u00fcrz, das Getr\u00e4nken sowie Fleisch-, Fisch- und Suppengerichten Geschmack verleiht. Allein oder mit anderen Gew\u00fcrzen ist sein aromatischer und leicht w\u00fcrziger Geschmack unverwechselbar. Unsere peruanische Ingwerwurzel und -pulver kommt direkt von Produzenten aus dem zentralen Dschungel von [&hellip;]\" \/>\n<meta property=\"og:url\" content=\"https:\/\/www.varescogroup.eu\/zenzero-e-polveri-di-frutta\/\" \/>\n<meta property=\"og:site_name\" content=\"Varesco Group\" \/>\n<meta property=\"article:modified_time\" content=\"2021-07-27T09:42:26+00:00\" \/>\n<meta property=\"og:image\" content=\"https:\/\/varescogroup.eu\/wp-content\/uploads\/2021\/07\/varesco-zenzero-1024x724.jpg\" \/>\n<meta name=\"twitter:card\" content=\"summary_large_image\" \/>\n<meta name=\"twitter:label1\" content=\"Gesch\u00e4tzte Lesezeit\" \/>\n\t<meta name=\"twitter:data1\" content=\"1\u00a0Minute\" \/>\n<script type=\"application\/ld+json\" class=\"yoast-schema-graph\">{\"@context\":\"https:\\\/\\\/schema.org\",\"@graph\":[{\"@type\":\"WebPage\",\"@id\":\"https:\\\/\\\/www.varescogroup.eu\\\/zenzero-e-polveri-di-frutta\\\/\",\"url\":\"https:\\\/\\\/www.varescogroup.eu\\\/zenzero-e-polveri-di-frutta\\\/\",\"name\":\"Ingwer- und Fruchtpulver - Varesco Group\",\"isPartOf\":{\"@id\":\"https:\\\/\\\/www.varescogroup.eu\\\/#website\"},\"primaryImageOfPage\":{\"@id\":\"https:\\\/\\\/www.varescogroup.eu\\\/zenzero-e-polveri-di-frutta\\\/#primaryimage\"},\"image\":{\"@id\":\"https:\\\/\\\/www.varescogroup.eu\\\/zenzero-e-polveri-di-frutta\\\/#primaryimage\"},\"thumbnailUrl\":\"https:\\\/\\\/varescogroup.eu\\\/wp-content\\\/uploads\\\/2021\\\/07\\\/varesco-zenzero-1024x724.jpg\",\"datePublished\":\"2021-07-27T09:42:25+00:00\",\"dateModified\":\"2021-07-27T09:42:26+00:00\",\"breadcrumb\":{\"@id\":\"https:\\\/\\\/www.varescogroup.eu\\\/zenzero-e-polveri-di-frutta\\\/#breadcrumb\"},\"inLanguage\":\"de\",\"potentialAction\":[{\"@type\":\"ReadAction\",\"target\":[\"https:\\\/\\\/www.varescogroup.eu\\\/zenzero-e-polveri-di-frutta\\\/\"]}]},{\"@type\":\"ImageObject\",\"inLanguage\":\"de\",\"@id\":\"https:\\\/\\\/www.varescogroup.eu\\\/zenzero-e-polveri-di-frutta\\\/#primaryimage\",\"url\":\"https:\\\/\\\/varescogroup.eu\\\/wp-content\\\/uploads\\\/2021\\\/07\\\/varesco-zenzero-1024x724.jpg\",\"contentUrl\":\"https:\\\/\\\/varescogroup.eu\\\/wp-content\\\/uploads\\\/2021\\\/07\\\/varesco-zenzero-1024x724.jpg\"},{\"@type\":\"BreadcrumbList\",\"@id\":\"https:\\\/\\\/www.varescogroup.eu\\\/zenzero-e-polveri-di-frutta\\\/#breadcrumb\",\"itemListElement\":[{\"@type\":\"ListItem\",\"position\":1,\"name\":\"Home\",\"item\":\"https:\\\/\\\/www.varescogroup.eu\\\/de\\\/\"},{\"@type\":\"ListItem\",\"position\":2,\"name\":\"Ingwer- und Fruchtpulver\"}]},{\"@type\":\"WebSite\",\"@id\":\"https:\\\/\\\/www.varescogroup.eu\\\/#website\",\"url\":\"https:\\\/\\\/www.varescogroup.eu\\\/\",\"name\":\"Varesco Group\",\"description\":\"Food &amp; Fruit Trade Company\",\"publisher\":{\"@id\":\"https:\\\/\\\/www.varescogroup.eu\\\/#organization\"},\"potentialAction\":[{\"@type\":\"SearchAction\",\"target\":{\"@type\":\"EntryPoint\",\"urlTemplate\":\"https:\\\/\\\/www.varescogroup.eu\\\/?s={search_term_string}\"},\"query-input\":{\"@type\":\"PropertyValueSpecification\",\"valueRequired\":true,\"valueName\":\"search_term_string\"}}],\"inLanguage\":\"de\"},{\"@type\":\"Organization\",\"@id\":\"https:\\\/\\\/www.varescogroup.eu\\\/#organization\",\"name\":\"Varesco Group\",\"url\":\"https:\\\/\\\/www.varescogroup.eu\\\/\",\"logo\":{\"@type\":\"ImageObject\",\"inLanguage\":\"de\",\"@id\":\"https:\\\/\\\/www.varescogroup.eu\\\/#\\\/schema\\\/logo\\\/image\\\/\",\"url\":\"https:\\\/\\\/www.varescogroup.eu\\\/wp-content\\\/uploads\\\/2021\\\/03\\\/logotop-1.png\",\"contentUrl\":\"https:\\\/\\\/www.varescogroup.eu\\\/wp-content\\\/uploads\\\/2021\\\/03\\\/logotop-1.png\",\"caption\":\"Varesco Group\"},\"image\":{\"@id\":\"https:\\\/\\\/www.varescogroup.eu\\\/#\\\/schema\\\/logo\\\/image\\\/\"}}]}<\/script>\n<!-- \/ Yoast SEO plugin. -->","yoast_head_json":{"title":"Ingwer- und Fruchtpulver - Varesco Group","robots":{"index":"index","follow":"follow","max-snippet":"max-snippet:-1","max-image-preview":"max-image-preview:large","max-video-preview":"max-video-preview:-1"},"canonical":"https:\/\/www.varescogroup.eu\/zenzero-e-polveri-di-frutta\/","og_locale":"de_DE","og_type":"article","og_title":"Ingwer- und Fruchtpulver - Varesco Group","og_description":"Ingwer- und Fruchtpulver Garantiert naturbelassen und hohe Qualit\u00e4t BROSCH\u00dcRE ZUM DOWNLOAD Ingwer Peru Ingwer ist ein vielseitig einsetzbares Gew\u00fcrz, das Getr\u00e4nken sowie Fleisch-, Fisch- und Suppengerichten Geschmack verleiht. Allein oder mit anderen Gew\u00fcrzen ist sein aromatischer und leicht w\u00fcrziger Geschmack unverwechselbar. Unsere peruanische Ingwerwurzel und -pulver kommt direkt von Produzenten aus dem zentralen Dschungel von [&hellip;]","og_url":"https:\/\/www.varescogroup.eu\/zenzero-e-polveri-di-frutta\/","og_site_name":"Varesco Group","article_modified_time":"2021-07-27T09:42:26+00:00","og_image":[{"url":"https:\/\/varescogroup.eu\/wp-content\/uploads\/2021\/07\/varesco-zenzero-1024x724.jpg","type":"","width":"","height":""}],"twitter_card":"summary_large_image","twitter_misc":{"Gesch\u00e4tzte Lesezeit":"1\u00a0Minute"},"schema":{"@context":"https:\/\/schema.org","@graph":[{"@type":"WebPage","@id":"https:\/\/www.varescogroup.eu\/zenzero-e-polveri-di-frutta\/","url":"https:\/\/www.varescogroup.eu\/zenzero-e-polveri-di-frutta\/","name":"Ingwer- und Fruchtpulver - Varesco Group","isPartOf":{"@id":"https:\/\/www.varescogroup.eu\/#website"},"primaryImageOfPage":{"@id":"https:\/\/www.varescogroup.eu\/zenzero-e-polveri-di-frutta\/#primaryimage"},"image":{"@id":"https:\/\/www.varescogroup.eu\/zenzero-e-polveri-di-frutta\/#primaryimage"},"thumbnailUrl":"https:\/\/varescogroup.eu\/wp-content\/uploads\/2021\/07\/varesco-zenzero-1024x724.jpg","datePublished":"2021-07-27T09:42:25+00:00","dateModified":"2021-07-27T09:42:26+00:00","breadcrumb":{"@id":"https:\/\/www.varescogroup.eu\/zenzero-e-polveri-di-frutta\/#breadcrumb"},"inLanguage":"de","potentialAction":[{"@type":"ReadAction","target":["https:\/\/www.varescogroup.eu\/zenzero-e-polveri-di-frutta\/"]}]},{"@type":"ImageObject","inLanguage":"de","@id":"https:\/\/www.varescogroup.eu\/zenzero-e-polveri-di-frutta\/#primaryimage","url":"https:\/\/varescogroup.eu\/wp-content\/uploads\/2021\/07\/varesco-zenzero-1024x724.jpg","contentUrl":"https:\/\/varescogroup.eu\/wp-content\/uploads\/2021\/07\/varesco-zenzero-1024x724.jpg"},{"@type":"BreadcrumbList","@id":"https:\/\/www.varescogroup.eu\/zenzero-e-polveri-di-frutta\/#breadcrumb","itemListElement":[{"@type":"ListItem","position":1,"name":"Home","item":"https:\/\/www.varescogroup.eu\/de\/"},{"@type":"ListItem","position":2,"name":"Ingwer- und Fruchtpulver"}]},{"@type":"WebSite","@id":"https:\/\/www.varescogroup.eu\/#website","url":"https:\/\/www.varescogroup.eu\/","name":"Varesco Group","description":"Food &amp; Fruit Trade Company","publisher":{"@id":"https:\/\/www.varescogroup.eu\/#organization"},"potentialAction":[{"@type":"SearchAction","target":{"@type":"EntryPoint","urlTemplate":"https:\/\/www.varescogroup.eu\/?s={search_term_string}"},"query-input":{"@type":"PropertyValueSpecification","valueRequired":true,"valueName":"search_term_string"}}],"inLanguage":"de"},{"@type":"Organization","@id":"https:\/\/www.varescogroup.eu\/#organization","name":"Varesco Group","url":"https:\/\/www.varescogroup.eu\/","logo":{"@type":"ImageObject","inLanguage":"de","@id":"https:\/\/www.varescogroup.eu\/#\/schema\/logo\/image\/","url":"https:\/\/www.varescogroup.eu\/wp-content\/uploads\/2021\/03\/logotop-1.png","contentUrl":"https:\/\/www.varescogroup.eu\/wp-content\/uploads\/2021\/03\/logotop-1.png","caption":"Varesco Group"},"image":{"@id":"https:\/\/www.varescogroup.eu\/#\/schema\/logo\/image\/"}}]}},"_links":{"self":[{"href":"https:\/\/www.varescogroup.eu\/de\/wp-json\/wp\/v2\/pages\/8809","targetHints":{"allow":["GET"]}}],"collection":[{"href":"https:\/\/www.varescogroup.eu\/de\/wp-json\/wp\/v2\/pages"}],"about":[{"href":"https:\/\/www.varescogroup.eu\/de\/wp-json\/wp\/v2\/types\/page"}],"author":[{"embeddable":true,"href":"https:\/\/www.varescogroup.eu\/de\/wp-json\/wp\/v2\/users\/1"}],"replies":[{"embeddable":true,"href":"https:\/\/www.varescogroup.eu\/de\/wp-json\/wp\/v2\/comments?post=8809"}],"version-history":[{"count":0,"href":"https:\/\/www.varescogroup.eu\/de\/wp-json\/wp\/v2\/pages\/8809\/revisions"}],"wp:attachment":[{"href":"https:\/\/www.varescogroup.eu\/de\/wp-json\/wp\/v2\/media?parent=8809"}],"curies":[{"name":"wp","href":"https:\/\/api.w.org\/{rel}","templated":true}]}}