{"id":8835,"date":"2021-11-12T14:45:03","date_gmt":"2021-11-12T13:45:03","guid":{"rendered":"https:\/\/varescogroup.eu\/proveedores\/"},"modified":"2021-11-12T14:45:04","modified_gmt":"2021-11-12T13:45:04","slug":"proveedores","status":"publish","type":"page","link":"https:\/\/www.varescogroup.eu\/es\/proveedores\/","title":{"rendered":"Proveedores"},"content":{"rendered":"\t\t<div data-elementor-type=\"wp-page\" data-elementor-id=\"8835\" class=\"elementor elementor-8835 elementor-1731\" data-elementor-post-type=\"page\">\n\t\t\t\t\t\t<section class=\"elementor-section elementor-top-section elementor-element elementor-element-a4cd175 elementor-section-stretched elementor-section-full_width elementor-section-height-default elementor-section-height-default\" data-id=\"a4cd175\" data-element_type=\"section\" data-e-type=\"section\" data-settings=\"{&quot;stretch_section&quot;:&quot;section-stretched&quot;}\">\n\t\t\t\t\t\t<div class=\"elementor-container elementor-column-gap-no\">\n\t\t\t\t\t<div class=\"elementor-column elementor-col-100 elementor-top-column elementor-element elementor-element-fc8d307\" data-id=\"fc8d307\" data-element_type=\"column\" data-e-type=\"column\">\n\t\t\t<div class=\"elementor-widget-wrap elementor-element-populated\">\n\t\t\t\t\t\t<div class=\"elementor-element elementor-element-68884a6 elementor-widget elementor-widget-image\" data-id=\"68884a6\" data-element_type=\"widget\" data-e-type=\"widget\" data-widget_type=\"image.default\">\n\t\t\t\t<div class=\"elementor-widget-container\">\n\t\t\t\t\t\t\t\t\t\t\t\t\t\t\t<img fetchpriority=\"high\" decoding=\"async\" width=\"3000\" height=\"500\" src=\"https:\/\/www.varescogroup.eu\/wp-content\/uploads\/2019\/04\/per-fornitore-def.jpg\" class=\"attachment-full size-full wp-image-13000\" alt=\"\" srcset=\"https:\/\/www.varescogroup.eu\/wp-content\/uploads\/2019\/04\/per-fornitore-def.jpg 3000w, https:\/\/www.varescogroup.eu\/wp-content\/uploads\/2019\/04\/per-fornitore-def-300x50.jpg 300w, https:\/\/www.varescogroup.eu\/wp-content\/uploads\/2019\/04\/per-fornitore-def-768x128.jpg 768w, https:\/\/www.varescogroup.eu\/wp-content\/uploads\/2019\/04\/per-fornitore-def-1024x171.jpg 1024w, https:\/\/www.varescogroup.eu\/wp-content\/uploads\/2019\/04\/per-fornitore-def-600x100.jpg 600w\" sizes=\"(max-width: 3000px) 100vw, 3000px\" \/>\t\t\t\t\t\t\t\t\t\t\t\t\t\t\t<\/div>\n\t\t\t\t<\/div>\n\t\t\t\t\t<\/div>\n\t\t<\/div>\n\t\t\t\t\t<\/div>\n\t\t<\/section>\n\t\t\t\t<section class=\"elementor-section elementor-top-section elementor-element elementor-element-22510af elementor-section-boxed elementor-section-height-default elementor-section-height-default\" data-id=\"22510af\" data-element_type=\"section\" data-e-type=\"section\">\n\t\t\t\t\t\t<div class=\"elementor-container elementor-column-gap-default\">\n\t\t\t\t\t<div class=\"elementor-column elementor-col-100 elementor-top-column elementor-element elementor-element-b00d523\" data-id=\"b00d523\" data-element_type=\"column\" data-e-type=\"column\">\n\t\t\t<div class=\"elementor-widget-wrap elementor-element-populated\">\n\t\t\t\t\t\t<div class=\"elementor-element elementor-element-cdcaae2 elementor-widget elementor-widget-text-editor\" data-id=\"cdcaae2\" data-element_type=\"widget\" data-e-type=\"widget\" data-widget_type=\"text-editor.default\">\n\t\t\t\t<div class=\"elementor-widget-container\">\n\t\t\t\t\t\t\t\t\t<p>El Grupo Varesco, gracias a sus muchos a\u00f1os de experiencia es su socio ideal para la competencia en AGRICULTURA INNOVATIVA Y EXCELENCIA.<br \/>\nPrestamos gran atenci\u00f3n a las necesidades del sector agr\u00edcola. La red a la que est\u00e1 conectada nuestra empresa permite a nuestros productores de Trentino Alto Adige, de las regiones del norte y del sur de Italia, de las diferentes zonas geogr\u00e1ficas de Europa, de M\u00e9xico y de nuestra Cooperativa de productores de varias zonas de Sudam\u00e9rica, llegar a los mercados nacionales, europeos e internacionales, garantizando un crecimiento empresarial constante a todos los productores que conf\u00edan en nuestra experiencia.<\/p>\n<p>Gracias a nuestro equipo de expertos en planificaci\u00f3n y estrategia, somos capaces de analizar los mercados para reconocer las nuevas tendencias.<\/p>\n<p>Del mismo modo, nos comprometemos a proporcionar a nuestros proveedores log\u00edstica, asistencia en el envasado, asesoramiento sobre nuevas t\u00e9cnicas de producci\u00f3n, apoyo en la certificaci\u00f3n de productos, as\u00ed como fiabilidad y seguridad econ\u00f3mica.<\/p>\n<p>El m\u00e9rito de nuestro equipo profesional es crear alianzas estrat\u00e9gicas y asociaciones a largo plazo. Nuestra red de contactos ofrece a los proveedores la garant\u00eda de que cada operaci\u00f3n ser\u00e1 un \u00e9xito.<\/p>\n\t\t\t\t\t\t\t\t<\/div>\n\t\t\t\t<\/div>\n\t\t\t\t\t<\/div>\n\t\t<\/div>\n\t\t\t\t\t<\/div>\n\t\t<\/section>\n\t\t\t\t<section class=\"elementor-section elementor-top-section elementor-element elementor-element-c00b02c elementor-section-boxed elementor-section-height-default elementor-section-height-default\" data-id=\"c00b02c\" data-element_type=\"section\" data-e-type=\"section\">\n\t\t\t\t\t\t<div class=\"elementor-container elementor-column-gap-default\">\n\t\t\t\t\t<div class=\"elementor-column elementor-col-100 elementor-top-column elementor-element elementor-element-f65621d\" data-id=\"f65621d\" data-element_type=\"column\" data-e-type=\"column\">\n\t\t\t<div class=\"elementor-widget-wrap elementor-element-populated\">\n\t\t\t\t\t\t<div class=\"elementor-element elementor-element-17b70a0 elementor-widget elementor-widget-accordion\" data-id=\"17b70a0\" data-element_type=\"widget\" data-e-type=\"widget\" data-widget_type=\"accordion.default\">\n\t\t\t\t<div class=\"elementor-widget-container\">\n\t\t\t\t\t\t\t<div class=\"elementor-accordion\">\n\t\t\t\t\t\t\t<div class=\"elementor-accordion-item\">\n\t\t\t\t\t<div id=\"elementor-tab-title-2481\" class=\"elementor-tab-title\" data-tab=\"1\" role=\"button\" aria-controls=\"elementor-tab-content-2481\" aria-expanded=\"false\">\n\t\t\t\t\t\t\t\t\t\t\t\t\t<span class=\"elementor-accordion-icon elementor-accordion-icon-left\" aria-hidden=\"true\">\n\t\t\t\t\t\t\t\t\t\t\t\t\t\t\t<span class=\"elementor-accordion-icon-closed\"><i class=\"fas fa-plus\"><\/i><\/span>\n\t\t\t\t\t\t\t\t<span class=\"elementor-accordion-icon-opened\"><i class=\"fas fa-minus\"><\/i><\/span>\n\t\t\t\t\t\t\t\t\t\t\t\t\t\t<\/span>\n\t\t\t\t\t\t\t\t\t\t\t\t<a class=\"elementor-accordion-title\" tabindex=\"0\">Los mejores productos<\/a>\n\t\t\t\t\t<\/div>\n\t\t\t\t\t<div id=\"elementor-tab-content-2481\" class=\"elementor-tab-content elementor-clearfix\" data-tab=\"1\" role=\"region\" aria-labelledby=\"elementor-tab-title-2481\"><p>Gestionamos la organizaci\u00f3n y entrega de los mejores productos, importando y exportando a todas las zonas geogr\u00e1ficas del mundo, consiguiendo satisfacer las necesidades y requerimientos espec\u00edficos del cliente m\u00e1s exigente.<\/p>\n<\/div>\n\t\t\t\t<\/div>\n\t\t\t\t\t\t\t<div class=\"elementor-accordion-item\">\n\t\t\t\t\t<div id=\"elementor-tab-title-2482\" class=\"elementor-tab-title\" data-tab=\"2\" role=\"button\" aria-controls=\"elementor-tab-content-2482\" aria-expanded=\"false\">\n\t\t\t\t\t\t\t\t\t\t\t\t\t<span class=\"elementor-accordion-icon elementor-accordion-icon-left\" aria-hidden=\"true\">\n\t\t\t\t\t\t\t\t\t\t\t\t\t\t\t<span class=\"elementor-accordion-icon-closed\"><i class=\"fas fa-plus\"><\/i><\/span>\n\t\t\t\t\t\t\t\t<span class=\"elementor-accordion-icon-opened\"><i class=\"fas fa-minus\"><\/i><\/span>\n\t\t\t\t\t\t\t\t\t\t\t\t\t\t<\/span>\n\t\t\t\t\t\t\t\t\t\t\t\t<a class=\"elementor-accordion-title\" tabindex=\"0\">Entregas puntuales<\/a>\n\t\t\t\t\t<\/div>\n\t\t\t\t\t<div id=\"elementor-tab-content-2482\" class=\"elementor-tab-content elementor-clearfix\" data-tab=\"2\" role=\"region\" aria-labelledby=\"elementor-tab-title-2482\"><p>Desde hace a\u00f1os nos comprometemos a garantizar a nuestros clientes la entrega puntual de los productos optimizando nuestros sistemas de distribuci\u00f3n. Los productos se controlan constantemente gracias a la estrecha y continua relaci\u00f3n con nuestros experimentados y fiables socios log\u00edsticos de todo el mundo.<\/p>\n<\/div>\n\t\t\t\t<\/div>\n\t\t\t\t\t\t\t<div class=\"elementor-accordion-item\">\n\t\t\t\t\t<div id=\"elementor-tab-title-2483\" class=\"elementor-tab-title\" data-tab=\"3\" role=\"button\" aria-controls=\"elementor-tab-content-2483\" aria-expanded=\"false\">\n\t\t\t\t\t\t\t\t\t\t\t\t\t<span class=\"elementor-accordion-icon elementor-accordion-icon-left\" aria-hidden=\"true\">\n\t\t\t\t\t\t\t\t\t\t\t\t\t\t\t<span class=\"elementor-accordion-icon-closed\"><i class=\"fas fa-plus\"><\/i><\/span>\n\t\t\t\t\t\t\t\t<span class=\"elementor-accordion-icon-opened\"><i class=\"fas fa-minus\"><\/i><\/span>\n\t\t\t\t\t\t\t\t\t\t\t\t\t\t<\/span>\n\t\t\t\t\t\t\t\t\t\t\t\t<a class=\"elementor-accordion-title\" tabindex=\"0\">Gesti\u00f3n en tiempo real<\/a>\n\t\t\t\t\t<\/div>\n\t\t\t\t\t<div id=\"elementor-tab-content-2483\" class=\"elementor-tab-content elementor-clearfix\" data-tab=\"3\" role=\"region\" aria-labelledby=\"elementor-tab-title-2483\"><p>Nuestra empresa trabaja con muchos fabricantes europeos y mundiales, asimismo nuestros clientes se encuentran en diferentes zonas del mundo. El Grupo Varesco gestiona cada relaci\u00f3n en tiempo real para garantizar el \u00e9xito de la relaci\u00f3n laboral, desde la tramitaci\u00f3n del pedido hasta la entrega.<\/p>\n<\/div>\n\t\t\t\t<\/div>\n\t\t\t\t\t\t\t<div class=\"elementor-accordion-item\">\n\t\t\t\t\t<div id=\"elementor-tab-title-2484\" class=\"elementor-tab-title\" data-tab=\"4\" role=\"button\" aria-controls=\"elementor-tab-content-2484\" aria-expanded=\"false\">\n\t\t\t\t\t\t\t\t\t\t\t\t\t<span class=\"elementor-accordion-icon elementor-accordion-icon-left\" aria-hidden=\"true\">\n\t\t\t\t\t\t\t\t\t\t\t\t\t\t\t<span class=\"elementor-accordion-icon-closed\"><i class=\"fas fa-plus\"><\/i><\/span>\n\t\t\t\t\t\t\t\t<span class=\"elementor-accordion-icon-opened\"><i class=\"fas fa-minus\"><\/i><\/span>\n\t\t\t\t\t\t\t\t\t\t\t\t\t\t<\/span>\n\t\t\t\t\t\t\t\t\t\t\t\t<a class=\"elementor-accordion-title\" tabindex=\"0\">Equipo<\/a>\n\t\t\t\t\t<\/div>\n\t\t\t\t\t<div id=\"elementor-tab-content-2484\" class=\"elementor-tab-content elementor-clearfix\" data-tab=\"4\" role=\"region\" aria-labelledby=\"elementor-tab-title-2484\"><p>Nuestro equipo multiling\u00fce est\u00e1 a su disposici\u00f3n todos los d\u00edas y le garantiza un control continuo de los pedidos, es diligente con la resoluci\u00f3n de problemas y responde con aclaraciones a sus preguntas.<\/p>\n<\/div>\n\t\t\t\t<\/div>\n\t\t\t\t\t\t\t\t<\/div>\n\t\t\t\t\t\t<\/div>\n\t\t\t\t<\/div>\n\t\t\t\t\t<\/div>\n\t\t<\/div>\n\t\t\t\t\t<\/div>\n\t\t<\/section>\n\t\t\t\t<\/div>\n\t\t","protected":false},"excerpt":{"rendered":"<p>Para los proveedores La marca de la frescura directamente de los productores El Grupo Varesco, gracias a sus muchos a\u00f1os de experiencia es su socio ideal para la competencia en AGRICULTURA INNOVATIVA Y EXCELENCIA. Prestamos gran atenci\u00f3n a las necesidades del sector agr\u00edcola. La red a la que est\u00e1 conectada nuestra empresa permite a nuestros [&hellip;]<\/p>\n","protected":false},"author":1,"featured_media":0,"parent":0,"menu_order":0,"comment_status":"closed","ping_status":"open","template":"elementor_header_footer","meta":{"_acf_changed":false,"footnotes":""},"class_list":["post-8835","page","type-page","status-publish","hentry"],"acf":[],"yoast_head":"<!-- This site is optimized with the Yoast SEO plugin v27.4 - https:\/\/yoast.com\/product\/yoast-seo-wordpress\/ -->\n<title>Proveedores - Varesco Group<\/title>\n<meta name=\"robots\" content=\"index, follow, max-snippet:-1, max-image-preview:large, max-video-preview:-1\" \/>\n<link rel=\"canonical\" href=\"https:\/\/www.varescogroup.eu\/fornitori\/\" \/>\n<meta property=\"og:locale\" content=\"es_ES\" \/>\n<meta property=\"og:type\" content=\"article\" \/>\n<meta property=\"og:title\" content=\"Proveedores - Varesco Group\" \/>\n<meta property=\"og:description\" content=\"Para los proveedores La marca de la frescura directamente de los productores El Grupo Varesco, gracias a sus muchos a\u00f1os de experiencia es su socio ideal para la competencia en AGRICULTURA INNOVATIVA Y EXCELENCIA. Prestamos gran atenci\u00f3n a las necesidades del sector agr\u00edcola. La red a la que est\u00e1 conectada nuestra empresa permite a nuestros [&hellip;]\" \/>\n<meta property=\"og:url\" content=\"https:\/\/www.varescogroup.eu\/fornitori\/\" \/>\n<meta property=\"og:site_name\" content=\"Varesco Group\" \/>\n<meta property=\"article:modified_time\" content=\"2021-11-12T13:45:04+00:00\" \/>\n<meta property=\"og:image\" content=\"https:\/\/varescogroup.eu\/wp-content\/uploads\/2019\/04\/per-fornitore-def.jpg\" \/>\n<meta name=\"twitter:card\" content=\"summary_large_image\" \/>\n<meta name=\"twitter:label1\" content=\"Tiempo de lectura\" \/>\n\t<meta name=\"twitter:data1\" content=\"2 minutos\" \/>\n<script type=\"application\/ld+json\" class=\"yoast-schema-graph\">{\"@context\":\"https:\\\/\\\/schema.org\",\"@graph\":[{\"@type\":\"WebPage\",\"@id\":\"https:\\\/\\\/www.varescogroup.eu\\\/fornitori\\\/\",\"url\":\"https:\\\/\\\/www.varescogroup.eu\\\/fornitori\\\/\",\"name\":\"Proveedores - Varesco Group\",\"isPartOf\":{\"@id\":\"https:\\\/\\\/www.varescogroup.eu\\\/#website\"},\"primaryImageOfPage\":{\"@id\":\"https:\\\/\\\/www.varescogroup.eu\\\/fornitori\\\/#primaryimage\"},\"image\":{\"@id\":\"https:\\\/\\\/www.varescogroup.eu\\\/fornitori\\\/#primaryimage\"},\"thumbnailUrl\":\"https:\\\/\\\/varescogroup.eu\\\/wp-content\\\/uploads\\\/2019\\\/04\\\/per-fornitore-def.jpg\",\"datePublished\":\"2021-11-12T13:45:03+00:00\",\"dateModified\":\"2021-11-12T13:45:04+00:00\",\"breadcrumb\":{\"@id\":\"https:\\\/\\\/www.varescogroup.eu\\\/fornitori\\\/#breadcrumb\"},\"inLanguage\":\"es\",\"potentialAction\":[{\"@type\":\"ReadAction\",\"target\":[\"https:\\\/\\\/www.varescogroup.eu\\\/fornitori\\\/\"]}]},{\"@type\":\"ImageObject\",\"inLanguage\":\"es\",\"@id\":\"https:\\\/\\\/www.varescogroup.eu\\\/fornitori\\\/#primaryimage\",\"url\":\"https:\\\/\\\/varescogroup.eu\\\/wp-content\\\/uploads\\\/2019\\\/04\\\/per-fornitore-def.jpg\",\"contentUrl\":\"https:\\\/\\\/varescogroup.eu\\\/wp-content\\\/uploads\\\/2019\\\/04\\\/per-fornitore-def.jpg\"},{\"@type\":\"BreadcrumbList\",\"@id\":\"https:\\\/\\\/www.varescogroup.eu\\\/fornitori\\\/#breadcrumb\",\"itemListElement\":[{\"@type\":\"ListItem\",\"position\":1,\"name\":\"Home\",\"item\":\"https:\\\/\\\/www.varescogroup.eu\\\/\"},{\"@type\":\"ListItem\",\"position\":2,\"name\":\"Proveedores\"}]},{\"@type\":\"WebSite\",\"@id\":\"https:\\\/\\\/www.varescogroup.eu\\\/#website\",\"url\":\"https:\\\/\\\/www.varescogroup.eu\\\/\",\"name\":\"Varesco Group\",\"description\":\"Food &amp; Fruit Trade Company\",\"publisher\":{\"@id\":\"https:\\\/\\\/www.varescogroup.eu\\\/#organization\"},\"potentialAction\":[{\"@type\":\"SearchAction\",\"target\":{\"@type\":\"EntryPoint\",\"urlTemplate\":\"https:\\\/\\\/www.varescogroup.eu\\\/?s={search_term_string}\"},\"query-input\":{\"@type\":\"PropertyValueSpecification\",\"valueRequired\":true,\"valueName\":\"search_term_string\"}}],\"inLanguage\":\"es\"},{\"@type\":\"Organization\",\"@id\":\"https:\\\/\\\/www.varescogroup.eu\\\/#organization\",\"name\":\"Varesco Group\",\"url\":\"https:\\\/\\\/www.varescogroup.eu\\\/\",\"logo\":{\"@type\":\"ImageObject\",\"inLanguage\":\"es\",\"@id\":\"https:\\\/\\\/www.varescogroup.eu\\\/#\\\/schema\\\/logo\\\/image\\\/\",\"url\":\"https:\\\/\\\/www.varescogroup.eu\\\/wp-content\\\/uploads\\\/2021\\\/03\\\/logotop-1.png\",\"contentUrl\":\"https:\\\/\\\/www.varescogroup.eu\\\/wp-content\\\/uploads\\\/2021\\\/03\\\/logotop-1.png\",\"caption\":\"Varesco Group\"},\"image\":{\"@id\":\"https:\\\/\\\/www.varescogroup.eu\\\/#\\\/schema\\\/logo\\\/image\\\/\"}}]}<\/script>\n<!-- \/ Yoast SEO plugin. -->","yoast_head_json":{"title":"Proveedores - Varesco Group","robots":{"index":"index","follow":"follow","max-snippet":"max-snippet:-1","max-image-preview":"max-image-preview:large","max-video-preview":"max-video-preview:-1"},"canonical":"https:\/\/www.varescogroup.eu\/fornitori\/","og_locale":"es_ES","og_type":"article","og_title":"Proveedores - Varesco Group","og_description":"Para los proveedores La marca de la frescura directamente de los productores El Grupo Varesco, gracias a sus muchos a\u00f1os de experiencia es su socio ideal para la competencia en AGRICULTURA INNOVATIVA Y EXCELENCIA. Prestamos gran atenci\u00f3n a las necesidades del sector agr\u00edcola. La red a la que est\u00e1 conectada nuestra empresa permite a nuestros [&hellip;]","og_url":"https:\/\/www.varescogroup.eu\/fornitori\/","og_site_name":"Varesco Group","article_modified_time":"2021-11-12T13:45:04+00:00","og_image":[{"url":"https:\/\/varescogroup.eu\/wp-content\/uploads\/2019\/04\/per-fornitore-def.jpg","type":"","width":"","height":""}],"twitter_card":"summary_large_image","twitter_misc":{"Tiempo de lectura":"2 minutos"},"schema":{"@context":"https:\/\/schema.org","@graph":[{"@type":"WebPage","@id":"https:\/\/www.varescogroup.eu\/fornitori\/","url":"https:\/\/www.varescogroup.eu\/fornitori\/","name":"Proveedores - Varesco Group","isPartOf":{"@id":"https:\/\/www.varescogroup.eu\/#website"},"primaryImageOfPage":{"@id":"https:\/\/www.varescogroup.eu\/fornitori\/#primaryimage"},"image":{"@id":"https:\/\/www.varescogroup.eu\/fornitori\/#primaryimage"},"thumbnailUrl":"https:\/\/varescogroup.eu\/wp-content\/uploads\/2019\/04\/per-fornitore-def.jpg","datePublished":"2021-11-12T13:45:03+00:00","dateModified":"2021-11-12T13:45:04+00:00","breadcrumb":{"@id":"https:\/\/www.varescogroup.eu\/fornitori\/#breadcrumb"},"inLanguage":"es","potentialAction":[{"@type":"ReadAction","target":["https:\/\/www.varescogroup.eu\/fornitori\/"]}]},{"@type":"ImageObject","inLanguage":"es","@id":"https:\/\/www.varescogroup.eu\/fornitori\/#primaryimage","url":"https:\/\/varescogroup.eu\/wp-content\/uploads\/2019\/04\/per-fornitore-def.jpg","contentUrl":"https:\/\/varescogroup.eu\/wp-content\/uploads\/2019\/04\/per-fornitore-def.jpg"},{"@type":"BreadcrumbList","@id":"https:\/\/www.varescogroup.eu\/fornitori\/#breadcrumb","itemListElement":[{"@type":"ListItem","position":1,"name":"Home","item":"https:\/\/www.varescogroup.eu\/"},{"@type":"ListItem","position":2,"name":"Proveedores"}]},{"@type":"WebSite","@id":"https:\/\/www.varescogroup.eu\/#website","url":"https:\/\/www.varescogroup.eu\/","name":"Varesco Group","description":"Food &amp; Fruit Trade Company","publisher":{"@id":"https:\/\/www.varescogroup.eu\/#organization"},"potentialAction":[{"@type":"SearchAction","target":{"@type":"EntryPoint","urlTemplate":"https:\/\/www.varescogroup.eu\/?s={search_term_string}"},"query-input":{"@type":"PropertyValueSpecification","valueRequired":true,"valueName":"search_term_string"}}],"inLanguage":"es"},{"@type":"Organization","@id":"https:\/\/www.varescogroup.eu\/#organization","name":"Varesco Group","url":"https:\/\/www.varescogroup.eu\/","logo":{"@type":"ImageObject","inLanguage":"es","@id":"https:\/\/www.varescogroup.eu\/#\/schema\/logo\/image\/","url":"https:\/\/www.varescogroup.eu\/wp-content\/uploads\/2021\/03\/logotop-1.png","contentUrl":"https:\/\/www.varescogroup.eu\/wp-content\/uploads\/2021\/03\/logotop-1.png","caption":"Varesco Group"},"image":{"@id":"https:\/\/www.varescogroup.eu\/#\/schema\/logo\/image\/"}}]}},"_links":{"self":[{"href":"https:\/\/www.varescogroup.eu\/es\/wp-json\/wp\/v2\/pages\/8835","targetHints":{"allow":["GET"]}}],"collection":[{"href":"https:\/\/www.varescogroup.eu\/es\/wp-json\/wp\/v2\/pages"}],"about":[{"href":"https:\/\/www.varescogroup.eu\/es\/wp-json\/wp\/v2\/types\/page"}],"author":[{"embeddable":true,"href":"https:\/\/www.varescogroup.eu\/es\/wp-json\/wp\/v2\/users\/1"}],"replies":[{"embeddable":true,"href":"https:\/\/www.varescogroup.eu\/es\/wp-json\/wp\/v2\/comments?post=8835"}],"version-history":[{"count":0,"href":"https:\/\/www.varescogroup.eu\/es\/wp-json\/wp\/v2\/pages\/8835\/revisions"}],"wp:attachment":[{"href":"https:\/\/www.varescogroup.eu\/es\/wp-json\/wp\/v2\/media?parent=8835"}],"curies":[{"name":"wp","href":"https:\/\/api.w.org\/{rel}","templated":true}]}}