{"id":8843,"date":"2021-11-12T14:54:24","date_gmt":"2021-11-12T13:54:24","guid":{"rendered":"https:\/\/varescogroup.eu\/logistica\/"},"modified":"2021-11-12T14:54:25","modified_gmt":"2021-11-12T13:54:25","slug":"logistica","status":"publish","type":"page","link":"https:\/\/www.varescogroup.eu\/es\/logistica\/","title":{"rendered":"Log\u00edstica"},"content":{"rendered":"\t\t<div data-elementor-type=\"wp-page\" data-elementor-id=\"8843\" class=\"elementor elementor-8843 elementor-1758\" data-elementor-post-type=\"page\">\n\t\t\t\t\t\t<section class=\"elementor-section elementor-top-section elementor-element elementor-element-25db4fe1 elementor-section-stretched elementor-section-full_width elementor-section-height-default elementor-section-height-default\" data-id=\"25db4fe1\" data-element_type=\"section\" data-e-type=\"section\" data-settings=\"{&quot;stretch_section&quot;:&quot;section-stretched&quot;}\">\n\t\t\t\t\t\t<div class=\"elementor-container elementor-column-gap-default\">\n\t\t\t\t\t<div class=\"elementor-column elementor-col-100 elementor-top-column elementor-element elementor-element-318cfd0a\" data-id=\"318cfd0a\" data-element_type=\"column\" data-e-type=\"column\">\n\t\t\t<div class=\"elementor-widget-wrap elementor-element-populated\">\n\t\t\t\t\t\t<div class=\"elementor-element elementor-element-3051a75d elementor-widget elementor-widget-image\" data-id=\"3051a75d\" data-element_type=\"widget\" data-e-type=\"widget\" data-widget_type=\"image.default\">\n\t\t\t\t<div class=\"elementor-widget-container\">\n\t\t\t\t\t\t\t\t\t\t\t\t\t\t\t<img fetchpriority=\"high\" decoding=\"async\" width=\"3000\" height=\"500\" src=\"https:\/\/www.varescogroup.eu\/wp-content\/uploads\/2019\/04\/varesco-logistica.jpg\" class=\"attachment-full size-full wp-image-13008\" alt=\"\" srcset=\"https:\/\/www.varescogroup.eu\/wp-content\/uploads\/2019\/04\/varesco-logistica.jpg 3000w, https:\/\/www.varescogroup.eu\/wp-content\/uploads\/2019\/04\/varesco-logistica-300x50.jpg 300w, https:\/\/www.varescogroup.eu\/wp-content\/uploads\/2019\/04\/varesco-logistica-768x128.jpg 768w, https:\/\/www.varescogroup.eu\/wp-content\/uploads\/2019\/04\/varesco-logistica-1024x171.jpg 1024w, https:\/\/www.varescogroup.eu\/wp-content\/uploads\/2019\/04\/varesco-logistica-600x100.jpg 600w\" sizes=\"(max-width: 3000px) 100vw, 3000px\" \/>\t\t\t\t\t\t\t\t\t\t\t\t\t\t\t<\/div>\n\t\t\t\t<\/div>\n\t\t\t\t\t<\/div>\n\t\t<\/div>\n\t\t\t\t\t<\/div>\n\t\t<\/section>\n\t\t\t\t<section class=\"elementor-section elementor-top-section elementor-element elementor-element-2148ce30 elementor-section-boxed elementor-section-height-default elementor-section-height-default\" data-id=\"2148ce30\" data-element_type=\"section\" data-e-type=\"section\">\n\t\t\t\t\t\t<div class=\"elementor-container elementor-column-gap-default\">\n\t\t\t\t\t<div class=\"elementor-column elementor-col-100 elementor-top-column elementor-element elementor-element-f1f2913\" data-id=\"f1f2913\" data-element_type=\"column\" data-e-type=\"column\">\n\t\t\t<div class=\"elementor-widget-wrap elementor-element-populated\">\n\t\t\t\t\t\t<div class=\"elementor-element elementor-element-4e2607bd elementor-widget elementor-widget-text-editor\" data-id=\"4e2607bd\" data-element_type=\"widget\" data-e-type=\"widget\" data-widget_type=\"text-editor.default\">\n\t\t\t\t<div class=\"elementor-widget-container\">\n\t\t\t\t\t\t\t\t\t<p>Varesco Group Srl\u00a0es capaz de garantizar una log\u00edstica eficiente en cada etapa del proceso de distribuci\u00f3n.<br \/>\nNuestros muchos a\u00f1os de experiencia en el sector nos permiten ofrecer a clientes y proveedores una red de distribuci\u00f3n mundial capilar para llegar a todos los mercados de forma segura, r\u00e1pida y c\u00f3moda. Podemos garantizar la trazabilidad de cada uno de los productos que manipulamos, combinando calidad, seguridad y fiabilidad. En el caso de los productos que requieren la cadena de fr\u00edo, garantizamos que \u00e9sta no se interrumpa, manteniendo el producto a una temperatura constante que asegure su vida \u00fatil.<br \/>\nNuestro personal, formado por operadores especializados y cualificados, es capaz de apoyar a nuestros socios en todas las fases del proceso log\u00edstico, ayud\u00e1ndoles tambi\u00e9n en la elecci\u00f3n de los envases para llegar mejor y conquistar nuevos mercados.<br \/>\nVaresco Group GmbH opera en Italia, Europa y otros pa\u00edses, garantizando siempre la continuidad de los suministros, las entregas y la trazabilidad de las mercanc\u00edas gracias a la eficacia de nuestra estructura operativa, construida a lo largo de a\u00f1os de experiencia en el sector.<\/p>\n\t\t\t\t\t\t\t\t<\/div>\n\t\t\t\t<\/div>\n\t\t\t\t\t<\/div>\n\t\t<\/div>\n\t\t\t\t\t<\/div>\n\t\t<\/section>\n\t\t\t\t<section class=\"elementor-section elementor-top-section elementor-element elementor-element-3acb6515 elementor-section-boxed elementor-section-height-default elementor-section-height-default\" data-id=\"3acb6515\" data-element_type=\"section\" data-e-type=\"section\">\n\t\t\t\t\t\t<div class=\"elementor-container elementor-column-gap-default\">\n\t\t\t\t\t<div class=\"elementor-column elementor-col-50 elementor-top-column elementor-element elementor-element-6fe95080\" data-id=\"6fe95080\" data-element_type=\"column\" data-e-type=\"column\">\n\t\t\t<div class=\"elementor-widget-wrap elementor-element-populated\">\n\t\t\t\t\t\t<div class=\"elementor-element elementor-element-36540d7 elementor-widget elementor-widget-image\" data-id=\"36540d7\" data-element_type=\"widget\" data-e-type=\"widget\" data-widget_type=\"image.default\">\n\t\t\t\t<div class=\"elementor-widget-container\">\n\t\t\t\t\t\t\t\t\t\t\t\t\t\t\t\t<a href=\"https:\/\/varescogroup.eu\/wp-content\/uploads\/2019\/04\/aereo-1200-1024x683.jpg\" data-elementor-open-lightbox=\"yes\" data-elementor-lightbox-title=\"avi\u00f3n\" data-e-action-hash=\"#elementor-action%3Aaction%3Dlightbox%26settings%3DeyJpZCI6MTMwMTIsInVybCI6Imh0dHBzOlwvXC93d3cudmFyZXNjb2dyb3VwLmV1XC93cC1jb250ZW50XC91cGxvYWRzXC8yMDE5XC8wNFwvYWVyZW8tMTIwMC0xMDI0eDY4My5qcGcifQ%3D%3D\">\n\t\t\t\t\t\t\t<img decoding=\"async\" width=\"800\" height=\"534\" src=\"https:\/\/www.varescogroup.eu\/wp-content\/uploads\/2019\/04\/aereo-1200-1024x683-1024x683.jpg\" class=\"attachment-large size-large wp-image-13012\" alt=\"\" srcset=\"https:\/\/www.varescogroup.eu\/wp-content\/uploads\/2019\/04\/aereo-1200-1024x683.jpg 1024w, https:\/\/www.varescogroup.eu\/wp-content\/uploads\/2019\/04\/aereo-1200-1024x683-300x200.jpg 300w, https:\/\/www.varescogroup.eu\/wp-content\/uploads\/2019\/04\/aereo-1200-1024x683-768x512.jpg 768w, https:\/\/www.varescogroup.eu\/wp-content\/uploads\/2019\/04\/aereo-1200-1024x683-600x400.jpg 600w\" sizes=\"(max-width: 800px) 100vw, 800px\" \/>\t\t\t\t\t\t\t\t<\/a>\n\t\t\t\t\t\t\t\t\t\t\t\t\t\t\t<\/div>\n\t\t\t\t<\/div>\n\t\t\t\t\t<\/div>\n\t\t<\/div>\n\t\t\t\t<div class=\"elementor-column elementor-col-50 elementor-top-column elementor-element elementor-element-a9fd6df\" data-id=\"a9fd6df\" data-element_type=\"column\" data-e-type=\"column\">\n\t\t\t<div class=\"elementor-widget-wrap elementor-element-populated\">\n\t\t\t\t\t\t<div class=\"elementor-element elementor-element-fb4f129 elementor-widget elementor-widget-image\" data-id=\"fb4f129\" data-element_type=\"widget\" data-e-type=\"widget\" data-widget_type=\"image.default\">\n\t\t\t\t<div class=\"elementor-widget-container\">\n\t\t\t\t\t\t\t\t\t\t\t\t\t\t\t\t<a href=\"https:\/\/varescogroup.eu\/wp-content\/uploads\/2019\/04\/nave-1200-1024x683.jpg\" data-elementor-open-lightbox=\"yes\" data-elementor-lightbox-title=\"Nave\" data-e-action-hash=\"#elementor-action%3Aaction%3Dlightbox%26settings%3DeyJpZCI6MTMwMTYsInVybCI6Imh0dHBzOlwvXC93d3cudmFyZXNjb2dyb3VwLmV1XC93cC1jb250ZW50XC91cGxvYWRzXC8yMDE5XC8wNFwvbmF2ZS0xMjAwLTEwMjR4NjgzLmpwZyJ9\">\n\t\t\t\t\t\t\t<img decoding=\"async\" width=\"800\" height=\"534\" src=\"https:\/\/www.varescogroup.eu\/wp-content\/uploads\/2019\/04\/nave-1200-1024x683-1024x683.jpg\" class=\"attachment-large size-large wp-image-13016\" alt=\"\" srcset=\"https:\/\/www.varescogroup.eu\/wp-content\/uploads\/2019\/04\/nave-1200-1024x683.jpg 1024w, https:\/\/www.varescogroup.eu\/wp-content\/uploads\/2019\/04\/nave-1200-1024x683-300x200.jpg 300w, https:\/\/www.varescogroup.eu\/wp-content\/uploads\/2019\/04\/nave-1200-1024x683-768x512.jpg 768w, https:\/\/www.varescogroup.eu\/wp-content\/uploads\/2019\/04\/nave-1200-1024x683-600x400.jpg 600w\" sizes=\"(max-width: 800px) 100vw, 800px\" \/>\t\t\t\t\t\t\t\t<\/a>\n\t\t\t\t\t\t\t\t\t\t\t\t\t\t\t<\/div>\n\t\t\t\t<\/div>\n\t\t\t\t\t<\/div>\n\t\t<\/div>\n\t\t\t\t\t<\/div>\n\t\t<\/section>\n\t\t\t\t<\/div>\n\t\t","protected":false},"excerpt":{"rendered":"<p>Log\u00edstica La marca de la frescura directamente de los productores Varesco Group Srl\u00a0es capaz de garantizar una log\u00edstica eficiente en cada etapa del proceso de distribuci\u00f3n. Nuestros muchos a\u00f1os de experiencia en el sector nos permiten ofrecer a clientes y proveedores una red de distribuci\u00f3n mundial capilar para llegar a todos los mercados de forma [&hellip;]<\/p>\n","protected":false},"author":1,"featured_media":0,"parent":0,"menu_order":0,"comment_status":"closed","ping_status":"open","template":"elementor_header_footer","meta":{"_acf_changed":false,"footnotes":""},"class_list":["post-8843","page","type-page","status-publish","hentry"],"acf":[],"yoast_head":"<!-- This site is optimized with the Yoast SEO plugin v27.4 - https:\/\/yoast.com\/product\/yoast-seo-wordpress\/ -->\n<title>Log\u00edstica - Varesco Group<\/title>\n<meta name=\"robots\" content=\"index, follow, max-snippet:-1, max-image-preview:large, max-video-preview:-1\" \/>\n<link rel=\"canonical\" href=\"https:\/\/www.varescogroup.eu\/logistica\/\" \/>\n<meta property=\"og:locale\" content=\"es_ES\" \/>\n<meta property=\"og:type\" content=\"article\" \/>\n<meta property=\"og:title\" content=\"Log\u00edstica - Varesco Group\" \/>\n<meta property=\"og:description\" content=\"Log\u00edstica La marca de la frescura directamente de los productores Varesco Group Srl\u00a0es capaz de garantizar una log\u00edstica eficiente en cada etapa del proceso de distribuci\u00f3n. Nuestros muchos a\u00f1os de experiencia en el sector nos permiten ofrecer a clientes y proveedores una red de distribuci\u00f3n mundial capilar para llegar a todos los mercados de forma [&hellip;]\" \/>\n<meta property=\"og:url\" content=\"https:\/\/www.varescogroup.eu\/logistica\/\" \/>\n<meta property=\"og:site_name\" content=\"Varesco Group\" \/>\n<meta property=\"article:modified_time\" content=\"2021-11-12T13:54:25+00:00\" \/>\n<meta property=\"og:image\" content=\"https:\/\/varescogroup.eu\/wp-content\/uploads\/2019\/04\/varesco-logistica.jpg\" \/>\n<meta name=\"twitter:card\" content=\"summary_large_image\" \/>\n<meta name=\"twitter:label1\" content=\"Tiempo de lectura\" \/>\n\t<meta name=\"twitter:data1\" content=\"1 minuto\" \/>\n<script type=\"application\/ld+json\" class=\"yoast-schema-graph\">{\"@context\":\"https:\\\/\\\/schema.org\",\"@graph\":[{\"@type\":\"WebPage\",\"@id\":\"https:\\\/\\\/www.varescogroup.eu\\\/logistica\\\/\",\"url\":\"https:\\\/\\\/www.varescogroup.eu\\\/logistica\\\/\",\"name\":\"Log\u00edstica - Varesco Group\",\"isPartOf\":{\"@id\":\"https:\\\/\\\/www.varescogroup.eu\\\/#website\"},\"primaryImageOfPage\":{\"@id\":\"https:\\\/\\\/www.varescogroup.eu\\\/logistica\\\/#primaryimage\"},\"image\":{\"@id\":\"https:\\\/\\\/www.varescogroup.eu\\\/logistica\\\/#primaryimage\"},\"thumbnailUrl\":\"https:\\\/\\\/varescogroup.eu\\\/wp-content\\\/uploads\\\/2019\\\/04\\\/varesco-logistica.jpg\",\"datePublished\":\"2021-11-12T13:54:24+00:00\",\"dateModified\":\"2021-11-12T13:54:25+00:00\",\"breadcrumb\":{\"@id\":\"https:\\\/\\\/www.varescogroup.eu\\\/logistica\\\/#breadcrumb\"},\"inLanguage\":\"es\",\"potentialAction\":[{\"@type\":\"ReadAction\",\"target\":[\"https:\\\/\\\/www.varescogroup.eu\\\/logistica\\\/\"]}]},{\"@type\":\"ImageObject\",\"inLanguage\":\"es\",\"@id\":\"https:\\\/\\\/www.varescogroup.eu\\\/logistica\\\/#primaryimage\",\"url\":\"https:\\\/\\\/varescogroup.eu\\\/wp-content\\\/uploads\\\/2019\\\/04\\\/varesco-logistica.jpg\",\"contentUrl\":\"https:\\\/\\\/varescogroup.eu\\\/wp-content\\\/uploads\\\/2019\\\/04\\\/varesco-logistica.jpg\"},{\"@type\":\"BreadcrumbList\",\"@id\":\"https:\\\/\\\/www.varescogroup.eu\\\/logistica\\\/#breadcrumb\",\"itemListElement\":[{\"@type\":\"ListItem\",\"position\":1,\"name\":\"Home\",\"item\":\"https:\\\/\\\/www.varescogroup.eu\\\/\"},{\"@type\":\"ListItem\",\"position\":2,\"name\":\"Log\u00edstica\"}]},{\"@type\":\"WebSite\",\"@id\":\"https:\\\/\\\/www.varescogroup.eu\\\/#website\",\"url\":\"https:\\\/\\\/www.varescogroup.eu\\\/\",\"name\":\"Varesco Group\",\"description\":\"Food &amp; Fruit Trade Company\",\"publisher\":{\"@id\":\"https:\\\/\\\/www.varescogroup.eu\\\/#organization\"},\"potentialAction\":[{\"@type\":\"SearchAction\",\"target\":{\"@type\":\"EntryPoint\",\"urlTemplate\":\"https:\\\/\\\/www.varescogroup.eu\\\/?s={search_term_string}\"},\"query-input\":{\"@type\":\"PropertyValueSpecification\",\"valueRequired\":true,\"valueName\":\"search_term_string\"}}],\"inLanguage\":\"es\"},{\"@type\":\"Organization\",\"@id\":\"https:\\\/\\\/www.varescogroup.eu\\\/#organization\",\"name\":\"Varesco Group\",\"url\":\"https:\\\/\\\/www.varescogroup.eu\\\/\",\"logo\":{\"@type\":\"ImageObject\",\"inLanguage\":\"es\",\"@id\":\"https:\\\/\\\/www.varescogroup.eu\\\/#\\\/schema\\\/logo\\\/image\\\/\",\"url\":\"https:\\\/\\\/www.varescogroup.eu\\\/wp-content\\\/uploads\\\/2021\\\/03\\\/logotop-1.png\",\"contentUrl\":\"https:\\\/\\\/www.varescogroup.eu\\\/wp-content\\\/uploads\\\/2021\\\/03\\\/logotop-1.png\",\"caption\":\"Varesco Group\"},\"image\":{\"@id\":\"https:\\\/\\\/www.varescogroup.eu\\\/#\\\/schema\\\/logo\\\/image\\\/\"}}]}<\/script>\n<!-- \/ Yoast SEO plugin. -->","yoast_head_json":{"title":"Log\u00edstica - Varesco Group","robots":{"index":"index","follow":"follow","max-snippet":"max-snippet:-1","max-image-preview":"max-image-preview:large","max-video-preview":"max-video-preview:-1"},"canonical":"https:\/\/www.varescogroup.eu\/logistica\/","og_locale":"es_ES","og_type":"article","og_title":"Log\u00edstica - Varesco Group","og_description":"Log\u00edstica La marca de la frescura directamente de los productores Varesco Group Srl\u00a0es capaz de garantizar una log\u00edstica eficiente en cada etapa del proceso de distribuci\u00f3n. Nuestros muchos a\u00f1os de experiencia en el sector nos permiten ofrecer a clientes y proveedores una red de distribuci\u00f3n mundial capilar para llegar a todos los mercados de forma [&hellip;]","og_url":"https:\/\/www.varescogroup.eu\/logistica\/","og_site_name":"Varesco Group","article_modified_time":"2021-11-12T13:54:25+00:00","og_image":[{"url":"https:\/\/varescogroup.eu\/wp-content\/uploads\/2019\/04\/varesco-logistica.jpg","type":"","width":"","height":""}],"twitter_card":"summary_large_image","twitter_misc":{"Tiempo de lectura":"1 minuto"},"schema":{"@context":"https:\/\/schema.org","@graph":[{"@type":"WebPage","@id":"https:\/\/www.varescogroup.eu\/logistica\/","url":"https:\/\/www.varescogroup.eu\/logistica\/","name":"Log\u00edstica - Varesco Group","isPartOf":{"@id":"https:\/\/www.varescogroup.eu\/#website"},"primaryImageOfPage":{"@id":"https:\/\/www.varescogroup.eu\/logistica\/#primaryimage"},"image":{"@id":"https:\/\/www.varescogroup.eu\/logistica\/#primaryimage"},"thumbnailUrl":"https:\/\/varescogroup.eu\/wp-content\/uploads\/2019\/04\/varesco-logistica.jpg","datePublished":"2021-11-12T13:54:24+00:00","dateModified":"2021-11-12T13:54:25+00:00","breadcrumb":{"@id":"https:\/\/www.varescogroup.eu\/logistica\/#breadcrumb"},"inLanguage":"es","potentialAction":[{"@type":"ReadAction","target":["https:\/\/www.varescogroup.eu\/logistica\/"]}]},{"@type":"ImageObject","inLanguage":"es","@id":"https:\/\/www.varescogroup.eu\/logistica\/#primaryimage","url":"https:\/\/varescogroup.eu\/wp-content\/uploads\/2019\/04\/varesco-logistica.jpg","contentUrl":"https:\/\/varescogroup.eu\/wp-content\/uploads\/2019\/04\/varesco-logistica.jpg"},{"@type":"BreadcrumbList","@id":"https:\/\/www.varescogroup.eu\/logistica\/#breadcrumb","itemListElement":[{"@type":"ListItem","position":1,"name":"Home","item":"https:\/\/www.varescogroup.eu\/"},{"@type":"ListItem","position":2,"name":"Log\u00edstica"}]},{"@type":"WebSite","@id":"https:\/\/www.varescogroup.eu\/#website","url":"https:\/\/www.varescogroup.eu\/","name":"Varesco Group","description":"Food &amp; Fruit Trade Company","publisher":{"@id":"https:\/\/www.varescogroup.eu\/#organization"},"potentialAction":[{"@type":"SearchAction","target":{"@type":"EntryPoint","urlTemplate":"https:\/\/www.varescogroup.eu\/?s={search_term_string}"},"query-input":{"@type":"PropertyValueSpecification","valueRequired":true,"valueName":"search_term_string"}}],"inLanguage":"es"},{"@type":"Organization","@id":"https:\/\/www.varescogroup.eu\/#organization","name":"Varesco Group","url":"https:\/\/www.varescogroup.eu\/","logo":{"@type":"ImageObject","inLanguage":"es","@id":"https:\/\/www.varescogroup.eu\/#\/schema\/logo\/image\/","url":"https:\/\/www.varescogroup.eu\/wp-content\/uploads\/2021\/03\/logotop-1.png","contentUrl":"https:\/\/www.varescogroup.eu\/wp-content\/uploads\/2021\/03\/logotop-1.png","caption":"Varesco Group"},"image":{"@id":"https:\/\/www.varescogroup.eu\/#\/schema\/logo\/image\/"}}]}},"_links":{"self":[{"href":"https:\/\/www.varescogroup.eu\/es\/wp-json\/wp\/v2\/pages\/8843","targetHints":{"allow":["GET"]}}],"collection":[{"href":"https:\/\/www.varescogroup.eu\/es\/wp-json\/wp\/v2\/pages"}],"about":[{"href":"https:\/\/www.varescogroup.eu\/es\/wp-json\/wp\/v2\/types\/page"}],"author":[{"embeddable":true,"href":"https:\/\/www.varescogroup.eu\/es\/wp-json\/wp\/v2\/users\/1"}],"replies":[{"embeddable":true,"href":"https:\/\/www.varescogroup.eu\/es\/wp-json\/wp\/v2\/comments?post=8843"}],"version-history":[{"count":0,"href":"https:\/\/www.varescogroup.eu\/es\/wp-json\/wp\/v2\/pages\/8843\/revisions"}],"wp:attachment":[{"href":"https:\/\/www.varescogroup.eu\/es\/wp-json\/wp\/v2\/media?parent=8843"}],"curies":[{"name":"wp","href":"https:\/\/api.w.org\/{rel}","templated":true}]}}