{"id":9053,"date":"2021-11-17T11:53:00","date_gmt":"2021-11-17T10:53:00","guid":{"rendered":"https:\/\/varescogroup.eu\/polvos-de-jengibre-y-frutas\/"},"modified":"2021-11-17T11:53:01","modified_gmt":"2021-11-17T10:53:01","slug":"polvos-de-jengibre-y-frutas","status":"publish","type":"page","link":"https:\/\/www.varescogroup.eu\/es\/polvos-de-jengibre-y-frutas\/","title":{"rendered":"Polvos de jengibre y frutas"},"content":{"rendered":"\t\t<div data-elementor-type=\"wp-page\" data-elementor-id=\"9053\" class=\"elementor elementor-9053 elementor-8618\" data-elementor-post-type=\"page\">\n\t\t\t\t\t\t<section class=\"elementor-section elementor-top-section elementor-element elementor-element-70030ea elementor-section-stretched elementor-section-content-middle elementor-section-boxed elementor-section-height-default elementor-section-height-default\" data-id=\"70030ea\" data-element_type=\"section\" data-e-type=\"section\" data-settings=\"{&quot;stretch_section&quot;:&quot;section-stretched&quot;,&quot;background_background&quot;:&quot;classic&quot;}\">\n\t\t\t\t\t\t\t<div class=\"elementor-background-overlay\"><\/div>\n\t\t\t\t\t\t\t<div class=\"elementor-container elementor-column-gap-default\">\n\t\t\t\t\t<div class=\"elementor-column elementor-col-50 elementor-top-column elementor-element elementor-element-7089a05\" data-id=\"7089a05\" data-element_type=\"column\" data-e-type=\"column\">\n\t\t\t<div class=\"elementor-widget-wrap elementor-element-populated\">\n\t\t\t\t\t\t<div class=\"elementor-element elementor-element-b0da453 elementor-widget elementor-widget-breadcrumbs\" data-id=\"b0da453\" data-element_type=\"widget\" data-e-type=\"widget\" data-widget_type=\"breadcrumbs.default\">\n\t\t\t\t<div class=\"elementor-widget-container\">\n\t\t\t\t\t<p id=\"breadcrumbs\"><span><span><a href=\"https:\/\/www.varescogroup.eu\/\">Home<\/a><\/span><\/span><\/p>\t\t\t\t<\/div>\n\t\t\t\t<\/div>\n\t\t\t\t<div class=\"elementor-element elementor-element-5199f4 elementor-widget elementor-widget-heading\" data-id=\"5199f4\" data-element_type=\"widget\" data-e-type=\"widget\" data-widget_type=\"heading.default\">\n\t\t\t\t<div class=\"elementor-widget-container\">\n\t\t\t\t\t<h2 class=\"elementor-heading-title elementor-size-default\">Polvos de jengibre y frutas<\/h2>\t\t\t\t<\/div>\n\t\t\t\t<\/div>\n\t\t\t\t<div class=\"elementor-element elementor-element-5d6434da elementor-widget elementor-widget-text-editor\" data-id=\"5d6434da\" data-element_type=\"widget\" data-e-type=\"widget\" data-widget_type=\"text-editor.default\">\n\t\t\t\t<div class=\"elementor-widget-container\">\n\t\t\t\t\t\t\t\t\t<p>Garantiza la naturalidad y la calidad del producto.<\/p>\n\t\t\t\t\t\t\t\t<\/div>\n\t\t\t\t<\/div>\n\t\t\t\t<div class=\"elementor-element elementor-element-56468d21 elementor-hidden-desktop elementor-hidden-tablet elementor-hidden-phone elementor-widget elementor-widget-button\" data-id=\"56468d21\" data-element_type=\"widget\" data-e-type=\"widget\" data-widget_type=\"button.default\">\n\t\t\t\t<div class=\"elementor-widget-container\">\n\t\t\t\t\t\t\t\t\t<div class=\"elementor-button-wrapper\">\n\t\t\t\t\t<a class=\"elementor-button elementor-button-link elementor-size-md\" href=\"https:\/\/varescogroup.eu\/wp-content\/uploads\/2019\/07\/varesco-natural-powder-products-2.pdf\" target=\"_blank\">\n\t\t\t\t\t\t<span class=\"elementor-button-content-wrapper\">\n\t\t\t\t\t\t\t\t\t<span class=\"elementor-button-text\">DOWNLOAD BROCHURE<\/span>\n\t\t\t\t\t<\/span>\n\t\t\t\t\t<\/a>\n\t\t\t\t<\/div>\n\t\t\t\t\t\t\t\t<\/div>\n\t\t\t\t<\/div>\n\t\t\t\t\t<\/div>\n\t\t<\/div>\n\t\t\t\t<div class=\"elementor-column elementor-col-50 elementor-top-column elementor-element elementor-element-376c0111\" data-id=\"376c0111\" data-element_type=\"column\" data-e-type=\"column\">\n\t\t\t<div class=\"elementor-widget-wrap\">\n\t\t\t\t\t\t\t<\/div>\n\t\t<\/div>\n\t\t\t\t\t<\/div>\n\t\t<\/section>\n\t\t\t\t<section class=\"elementor-section elementor-top-section elementor-element elementor-element-3530b8ba elementor-section-content-middle elementor-section-boxed elementor-section-height-default elementor-section-height-default\" data-id=\"3530b8ba\" data-element_type=\"section\" data-e-type=\"section\">\n\t\t\t\t\t\t<div class=\"elementor-container elementor-column-gap-default\">\n\t\t\t\t\t<div class=\"elementor-column elementor-col-50 elementor-top-column elementor-element elementor-element-757d83a\" data-id=\"757d83a\" data-element_type=\"column\" data-e-type=\"column\">\n\t\t\t<div class=\"elementor-widget-wrap elementor-element-populated\">\n\t\t\t\t\t\t<div class=\"elementor-element elementor-element-2285cf4f elementor-widget elementor-widget-heading\" data-id=\"2285cf4f\" data-element_type=\"widget\" data-e-type=\"widget\" data-widget_type=\"heading.default\">\n\t\t\t\t<div class=\"elementor-widget-container\">\n\t\t\t\t\t<h2 class=\"elementor-heading-title elementor-size-default\">Jengibre<\/h2>\t\t\t\t<\/div>\n\t\t\t\t<\/div>\n\t\t\t\t<div class=\"elementor-element elementor-element-591643e elementor-widget elementor-widget-heading\" data-id=\"591643e\" data-element_type=\"widget\" data-e-type=\"widget\" data-widget_type=\"heading.default\">\n\t\t\t\t<div class=\"elementor-widget-container\">\n\t\t\t\t\t<h3 class=\"elementor-heading-title elementor-size-default\">Per\u00f9<\/h3>\t\t\t\t<\/div>\n\t\t\t\t<\/div>\n\t\t\t\t<div class=\"elementor-element elementor-element-c67b878 elementor-widget elementor-widget-text-editor\" data-id=\"c67b878\" data-element_type=\"widget\" data-e-type=\"widget\" data-widget_type=\"text-editor.default\">\n\t\t\t\t<div class=\"elementor-widget-container\">\n\t\t\t\t\t\t\t\t\t<p>El jengibre es una especia con muchas aplicaciones, que a\u00f1ade sabor a las bebidas y a los platos de carne, pescado y sopa. Ya sea solo o con otras <strong>especias<\/strong>, su sabor arom\u00e1tico y ligeramente picante es inconfundible. Nuestra ra\u00edz y polvo de jengibre peruano proviene directamente de los productores de la selva central de <strong>Per\u00fa<\/strong>. El <strong>jengibre<\/strong> peruano es de gran calidad por su color, aroma, textura y tama\u00f1o.<br \/>\nEnvasado: Disponible en paquetes de 10 kg<br \/>\nCosecha: De mayo a octubre<\/p>\n\t\t\t\t\t\t\t\t<\/div>\n\t\t\t\t<\/div>\n\t\t\t\t<div class=\"elementor-element elementor-element-23491944 elementor-align-start elementor-icon-list--layout-inline elementor-list-item-link-full_width elementor-widget elementor-widget-icon-list\" data-id=\"23491944\" data-element_type=\"widget\" data-e-type=\"widget\" data-widget_type=\"icon-list.default\">\n\t\t\t\t<div class=\"elementor-widget-container\">\n\t\t\t\t\t\t\t<ul class=\"elementor-icon-list-items elementor-inline-items\">\n\t\t\t\t\t\t\t<li class=\"elementor-icon-list-item elementor-inline-item\">\n\t\t\t\t\t\t\t\t\t\t\t<span class=\"elementor-icon-list-icon\">\n\t\t\t\t\t\t\t<i aria-hidden=\"true\" class=\"fas fa-check\"><\/i>\t\t\t\t\t\t<\/span>\n\t\t\t\t\t\t\t\t\t\t<span class=\"elementor-icon-list-text\"><strong>Envase:<\/strong> disponible en paquetes de 10 kg.<\/span>\n\t\t\t\t\t\t\t\t\t<\/li>\n\t\t\t\t\t\t\t\t<li class=\"elementor-icon-list-item elementor-inline-item\">\n\t\t\t\t\t\t\t\t\t\t\t<span class=\"elementor-icon-list-icon\">\n\t\t\t\t\t\t\t<i aria-hidden=\"true\" class=\"fas fa-check\"><\/i>\t\t\t\t\t\t<\/span>\n\t\t\t\t\t\t\t\t\t\t<span class=\"elementor-icon-list-text\"><strong>Colecci\u00f3n:<\/strong> De mayo a octubre<\/span>\n\t\t\t\t\t\t\t\t\t<\/li>\n\t\t\t\t\t\t<\/ul>\n\t\t\t\t\t\t<\/div>\n\t\t\t\t<\/div>\n\t\t\t\t<div class=\"elementor-element elementor-element-506565f elementor-widget elementor-widget-heading\" data-id=\"506565f\" data-element_type=\"widget\" data-e-type=\"widget\" data-widget_type=\"heading.default\">\n\t\t\t\t<div class=\"elementor-widget-container\">\n\t\t\t\t\t<h3 class=\"elementor-heading-title elementor-size-default\">Nigeria<\/h3>\t\t\t\t<\/div>\n\t\t\t\t<\/div>\n\t\t\t\t<div class=\"elementor-element elementor-element-5d21663 elementor-widget elementor-widget-text-editor\" data-id=\"5d21663\" data-element_type=\"widget\" data-e-type=\"widget\" data-widget_type=\"text-editor.default\">\n\t\t\t\t<div class=\"elementor-widget-container\">\n\t\t\t\t\t\t\t\t\t<p>Nuestra especia en \u00c1frica es producida y cultivada en Nigeria por una cooperativa de mujeres. El 70% es aut\u00f3ctono de las comunidades locales en las que operamos, con el fin de apoyar el desarrollo social, econ\u00f3mico y medioambiental de estas zonas. Nuestro\u00a0<strong>jengibre nigeriano<\/strong>\u00a0es fuertemente arom\u00e1tico con una persistente y delicada nota de lim\u00f3n. <\/p>\n<p>Envasado: Disponible en paquetes de 10 kg<br \/>\nCosecha: De diciembre a febrero<\/p>\n\t\t\t\t\t\t\t\t<\/div>\n\t\t\t\t<\/div>\n\t\t\t\t<div class=\"elementor-element elementor-element-603a406 elementor-align-start elementor-icon-list--layout-inline elementor-list-item-link-full_width elementor-widget elementor-widget-icon-list\" data-id=\"603a406\" data-element_type=\"widget\" data-e-type=\"widget\" data-widget_type=\"icon-list.default\">\n\t\t\t\t<div class=\"elementor-widget-container\">\n\t\t\t\t\t\t\t<ul class=\"elementor-icon-list-items elementor-inline-items\">\n\t\t\t\t\t\t\t<li class=\"elementor-icon-list-item elementor-inline-item\">\n\t\t\t\t\t\t\t\t\t\t\t<span class=\"elementor-icon-list-icon\">\n\t\t\t\t\t\t\t<i aria-hidden=\"true\" class=\"fas fa-check\"><\/i>\t\t\t\t\t\t<\/span>\n\t\t\t\t\t\t\t\t\t\t<span class=\"elementor-icon-list-text\"><strong>Envase:<\/strong> disponible en paquetes de 10 kg.<\/span>\n\t\t\t\t\t\t\t\t\t<\/li>\n\t\t\t\t\t\t\t\t<li class=\"elementor-icon-list-item elementor-inline-item\">\n\t\t\t\t\t\t\t\t\t\t\t<span class=\"elementor-icon-list-icon\">\n\t\t\t\t\t\t\t<i aria-hidden=\"true\" class=\"fas fa-check\"><\/i>\t\t\t\t\t\t<\/span>\n\t\t\t\t\t\t\t\t\t\t<span class=\"elementor-icon-list-text\"><strong>Colecci\u00f3n:<\/strong> De diciembre a febrero<\/span>\n\t\t\t\t\t\t\t\t\t<\/li>\n\t\t\t\t\t\t<\/ul>\n\t\t\t\t\t\t<\/div>\n\t\t\t\t<\/div>\n\t\t\t\t\t<\/div>\n\t\t<\/div>\n\t\t\t\t<div class=\"elementor-column elementor-col-50 elementor-top-column elementor-element elementor-element-20f947bc\" data-id=\"20f947bc\" data-element_type=\"column\" data-e-type=\"column\">\n\t\t\t<div class=\"elementor-widget-wrap elementor-element-populated\">\n\t\t\t\t\t\t<div class=\"elementor-element elementor-element-114163e5 elementor-widget elementor-widget-image\" data-id=\"114163e5\" data-element_type=\"widget\" data-e-type=\"widget\" data-widget_type=\"image.default\">\n\t\t\t\t<div class=\"elementor-widget-container\">\n\t\t\t\t\t\t\t\t\t\t\t\t\t\t\t<img fetchpriority=\"high\" decoding=\"async\" width=\"800\" height=\"566\" src=\"https:\/\/www.varescogroup.eu\/wp-content\/uploads\/2021\/07\/varesco-zenzero-1024x724.jpg\" class=\"attachment-large size-large wp-image-13200\" alt=\"\" srcset=\"https:\/\/www.varescogroup.eu\/wp-content\/uploads\/2021\/07\/varesco-zenzero-1024x724.jpg 1024w, https:\/\/www.varescogroup.eu\/wp-content\/uploads\/2021\/07\/varesco-zenzero-300x212.jpg 300w, https:\/\/www.varescogroup.eu\/wp-content\/uploads\/2021\/07\/varesco-zenzero-768x543.jpg 768w, https:\/\/www.varescogroup.eu\/wp-content\/uploads\/2021\/07\/varesco-zenzero-600x424.jpg 600w, https:\/\/www.varescogroup.eu\/wp-content\/uploads\/2021\/07\/varesco-zenzero.jpg 1100w\" sizes=\"(max-width: 800px) 100vw, 800px\" \/>\t\t\t\t\t\t\t\t\t\t\t\t\t\t\t<\/div>\n\t\t\t\t<\/div>\n\t\t\t\t\t<\/div>\n\t\t<\/div>\n\t\t\t\t\t<\/div>\n\t\t<\/section>\n\t\t\t\t<section class=\"elementor-section elementor-top-section elementor-element elementor-element-56c7746 elementor-section-content-middle elementor-section-boxed elementor-section-height-default elementor-section-height-default\" data-id=\"56c7746\" data-element_type=\"section\" data-e-type=\"section\">\n\t\t\t\t\t\t<div class=\"elementor-container elementor-column-gap-default\">\n\t\t\t\t\t<div class=\"elementor-column elementor-col-50 elementor-top-column elementor-element elementor-element-290af23\" data-id=\"290af23\" data-element_type=\"column\" data-e-type=\"column\">\n\t\t\t<div class=\"elementor-widget-wrap elementor-element-populated\">\n\t\t\t\t\t\t<div class=\"elementor-element elementor-element-92fba1e elementor-widget elementor-widget-image\" data-id=\"92fba1e\" data-element_type=\"widget\" data-e-type=\"widget\" data-widget_type=\"image.default\">\n\t\t\t\t<div class=\"elementor-widget-container\">\n\t\t\t\t\t\t\t\t\t\t\t\t\t\t\t<img decoding=\"async\" width=\"800\" height=\"620\" src=\"https:\/\/www.varescogroup.eu\/wp-content\/uploads\/2021\/07\/varesco-fruit-powders-1024x794.jpg\" class=\"attachment-large size-large wp-image-13196\" alt=\"\" srcset=\"https:\/\/www.varescogroup.eu\/wp-content\/uploads\/2021\/07\/varesco-fruit-powders-1024x794.jpg 1024w, https:\/\/www.varescogroup.eu\/wp-content\/uploads\/2021\/07\/varesco-fruit-powders-300x233.jpg 300w, https:\/\/www.varescogroup.eu\/wp-content\/uploads\/2021\/07\/varesco-fruit-powders-768x596.jpg 768w, https:\/\/www.varescogroup.eu\/wp-content\/uploads\/2021\/07\/varesco-fruit-powders-600x465.jpg 600w, https:\/\/www.varescogroup.eu\/wp-content\/uploads\/2021\/07\/varesco-fruit-powders.jpg 1100w\" sizes=\"(max-width: 800px) 100vw, 800px\" \/>\t\t\t\t\t\t\t\t\t\t\t\t\t\t\t<\/div>\n\t\t\t\t<\/div>\n\t\t\t\t\t<\/div>\n\t\t<\/div>\n\t\t\t\t<div class=\"elementor-column elementor-col-50 elementor-top-column elementor-element elementor-element-2fa0af5\" data-id=\"2fa0af5\" data-element_type=\"column\" data-e-type=\"column\">\n\t\t\t<div class=\"elementor-widget-wrap elementor-element-populated\">\n\t\t\t\t\t\t<div class=\"elementor-element elementor-element-a02479a elementor-widget elementor-widget-heading\" data-id=\"a02479a\" data-element_type=\"widget\" data-e-type=\"widget\" data-widget_type=\"heading.default\">\n\t\t\t\t<div class=\"elementor-widget-container\">\n\t\t\t\t\t<h2 class=\"elementor-heading-title elementor-size-default\">Polvos de fruta<\/h2>\t\t\t\t<\/div>\n\t\t\t\t<\/div>\n\t\t\t\t<div class=\"elementor-element elementor-element-cc078cb elementor-widget elementor-widget-text-editor\" data-id=\"cc078cb\" data-element_type=\"widget\" data-e-type=\"widget\" data-widget_type=\"text-editor.default\">\n\t\t\t\t<div class=\"elementor-widget-container\">\n\t\t\t\t\t\t\t\t\t<p>Nuestros polvos de frutas 100% naturales tienen su origen y coraz\u00f3n en Colombia, las frutas son cultivadas con las mejores pr\u00e1cticas agr\u00edcolas en las diferentes zonas de producci\u00f3n garantizando el control de trazabilidad y residualidad. Se pulverizan mediante un proceso de secado por aspersi\u00f3n, preservando sus propiedades para un consumo saludable, sin az\u00facares a\u00f1adidos.<br \/>\nOrigen: Colombia<br \/>\nPolvos disponibles: Aguacate, pl\u00e1tano, mora, lim\u00f3n, mango, naranja, maracuy\u00e1, pi\u00f1a, fresa y mandarina.<br \/>\nAplicaciones: Muchos usos en la industria alimentaria, especialmente en bebidas fr\u00edas como granizados o batidos.<\/p>\n\t\t\t\t\t\t\t\t<\/div>\n\t\t\t\t<\/div>\n\t\t\t\t<div class=\"elementor-element elementor-element-5b764c7 elementor-align-start elementor-icon-list--layout-traditional elementor-list-item-link-full_width elementor-widget elementor-widget-icon-list\" data-id=\"5b764c7\" data-element_type=\"widget\" data-e-type=\"widget\" data-widget_type=\"icon-list.default\">\n\t\t\t\t<div class=\"elementor-widget-container\">\n\t\t\t\t\t\t\t<ul class=\"elementor-icon-list-items\">\n\t\t\t\t\t\t\t<li class=\"elementor-icon-list-item\">\n\t\t\t\t\t\t\t\t\t\t\t<span class=\"elementor-icon-list-icon\">\n\t\t\t\t\t\t\t<i aria-hidden=\"true\" class=\"fas fa-check\"><\/i>\t\t\t\t\t\t<\/span>\n\t\t\t\t\t\t\t\t\t\t<span class=\"elementor-icon-list-text\"><strong>Pa\u00eds de origen:<\/strong> Colombia<\/span>\n\t\t\t\t\t\t\t\t\t<\/li>\n\t\t\t\t\t\t\t\t<li class=\"elementor-icon-list-item\">\n\t\t\t\t\t\t\t\t\t\t\t<span class=\"elementor-icon-list-icon\">\n\t\t\t\t\t\t\t<i aria-hidden=\"true\" class=\"fas fa-check\"><\/i>\t\t\t\t\t\t<\/span>\n\t\t\t\t\t\t\t\t\t\t<span class=\"elementor-icon-list-text\"><strong>Polvos disponibles:<\/strong> aguacate, pl\u00e1tano, mora, lim\u00f3n, mango, naranja, fruta de la pasi\u00f3n, pi\u00f1a, fresa, mandarina<\/span>\n\t\t\t\t\t\t\t\t\t<\/li>\n\t\t\t\t\t\t\t\t<li class=\"elementor-icon-list-item\">\n\t\t\t\t\t\t\t\t\t\t\t<span class=\"elementor-icon-list-icon\">\n\t\t\t\t\t\t\t<i aria-hidden=\"true\" class=\"fas fa-check\"><\/i>\t\t\t\t\t\t<\/span>\n\t\t\t\t\t\t\t\t\t\t<span class=\"elementor-icon-list-text\"><strong>Aplicaciones:<\/strong> muchos usos en la alimentaci\u00f3n, especialmente en la industria de las bebidas fr\u00edas, como los granizados o los batidos.<\/span>\n\t\t\t\t\t\t\t\t\t<\/li>\n\t\t\t\t\t\t<\/ul>\n\t\t\t\t\t\t<\/div>\n\t\t\t\t<\/div>\n\t\t\t\t\t<\/div>\n\t\t<\/div>\n\t\t\t\t\t<\/div>\n\t\t<\/section>\n\t\t\t\t<\/div>\n\t\t","protected":false},"excerpt":{"rendered":"<p>Polvos de jengibre y frutas Garantiza la naturalidad y la calidad del producto. DOWNLOAD BROCHURE Jengibre Per\u00f9 El jengibre es una especia con muchas aplicaciones, que a\u00f1ade sabor a las bebidas y a los platos de carne, pescado y sopa. Ya sea solo o con otras especias, su sabor arom\u00e1tico y ligeramente picante es inconfundible. [&hellip;]<\/p>\n","protected":false},"author":1,"featured_media":0,"parent":0,"menu_order":0,"comment_status":"closed","ping_status":"closed","template":"elementor_header_footer","meta":{"_acf_changed":false,"footnotes":""},"class_list":["post-9053","page","type-page","status-publish","hentry"],"acf":[],"yoast_head":"<!-- This site is optimized with the Yoast SEO plugin v27.4 - https:\/\/yoast.com\/product\/yoast-seo-wordpress\/ -->\n<title>Polvos de jengibre y frutas - Varesco Group<\/title>\n<meta name=\"robots\" content=\"index, follow, max-snippet:-1, max-image-preview:large, max-video-preview:-1\" \/>\n<link rel=\"canonical\" href=\"https:\/\/www.varescogroup.eu\/zenzero-e-polveri-di-frutta\/\" \/>\n<meta property=\"og:locale\" content=\"es_ES\" \/>\n<meta property=\"og:type\" content=\"article\" \/>\n<meta property=\"og:title\" content=\"Polvos de jengibre y frutas - Varesco Group\" \/>\n<meta property=\"og:description\" content=\"Polvos de jengibre y frutas Garantiza la naturalidad y la calidad del producto. DOWNLOAD BROCHURE Jengibre Per\u00f9 El jengibre es una especia con muchas aplicaciones, que a\u00f1ade sabor a las bebidas y a los platos de carne, pescado y sopa. Ya sea solo o con otras especias, su sabor arom\u00e1tico y ligeramente picante es inconfundible. [&hellip;]\" \/>\n<meta property=\"og:url\" content=\"https:\/\/www.varescogroup.eu\/zenzero-e-polveri-di-frutta\/\" \/>\n<meta property=\"og:site_name\" content=\"Varesco Group\" \/>\n<meta property=\"article:modified_time\" content=\"2021-11-17T10:53:01+00:00\" \/>\n<meta property=\"og:image\" content=\"https:\/\/varescogroup.eu\/wp-content\/uploads\/2021\/07\/varesco-zenzero-1024x724.jpg\" \/>\n<meta name=\"twitter:card\" content=\"summary_large_image\" \/>\n<meta name=\"twitter:label1\" content=\"Tiempo de lectura\" \/>\n\t<meta name=\"twitter:data1\" content=\"2 minutos\" \/>\n<script type=\"application\/ld+json\" class=\"yoast-schema-graph\">{\"@context\":\"https:\\\/\\\/schema.org\",\"@graph\":[{\"@type\":\"WebPage\",\"@id\":\"https:\\\/\\\/www.varescogroup.eu\\\/zenzero-e-polveri-di-frutta\\\/\",\"url\":\"https:\\\/\\\/www.varescogroup.eu\\\/zenzero-e-polveri-di-frutta\\\/\",\"name\":\"Polvos de jengibre y frutas - Varesco Group\",\"isPartOf\":{\"@id\":\"https:\\\/\\\/www.varescogroup.eu\\\/#website\"},\"primaryImageOfPage\":{\"@id\":\"https:\\\/\\\/www.varescogroup.eu\\\/zenzero-e-polveri-di-frutta\\\/#primaryimage\"},\"image\":{\"@id\":\"https:\\\/\\\/www.varescogroup.eu\\\/zenzero-e-polveri-di-frutta\\\/#primaryimage\"},\"thumbnailUrl\":\"https:\\\/\\\/varescogroup.eu\\\/wp-content\\\/uploads\\\/2021\\\/07\\\/varesco-zenzero-1024x724.jpg\",\"datePublished\":\"2021-11-17T10:53:00+00:00\",\"dateModified\":\"2021-11-17T10:53:01+00:00\",\"breadcrumb\":{\"@id\":\"https:\\\/\\\/www.varescogroup.eu\\\/zenzero-e-polveri-di-frutta\\\/#breadcrumb\"},\"inLanguage\":\"es\",\"potentialAction\":[{\"@type\":\"ReadAction\",\"target\":[\"https:\\\/\\\/www.varescogroup.eu\\\/zenzero-e-polveri-di-frutta\\\/\"]}]},{\"@type\":\"ImageObject\",\"inLanguage\":\"es\",\"@id\":\"https:\\\/\\\/www.varescogroup.eu\\\/zenzero-e-polveri-di-frutta\\\/#primaryimage\",\"url\":\"https:\\\/\\\/varescogroup.eu\\\/wp-content\\\/uploads\\\/2021\\\/07\\\/varesco-zenzero-1024x724.jpg\",\"contentUrl\":\"https:\\\/\\\/varescogroup.eu\\\/wp-content\\\/uploads\\\/2021\\\/07\\\/varesco-zenzero-1024x724.jpg\"},{\"@type\":\"BreadcrumbList\",\"@id\":\"https:\\\/\\\/www.varescogroup.eu\\\/zenzero-e-polveri-di-frutta\\\/#breadcrumb\",\"itemListElement\":[{\"@type\":\"ListItem\",\"position\":1,\"name\":\"Home\",\"item\":\"https:\\\/\\\/www.varescogroup.eu\\\/\"},{\"@type\":\"ListItem\",\"position\":2,\"name\":\"Polvos de jengibre y frutas\"}]},{\"@type\":\"WebSite\",\"@id\":\"https:\\\/\\\/www.varescogroup.eu\\\/#website\",\"url\":\"https:\\\/\\\/www.varescogroup.eu\\\/\",\"name\":\"Varesco Group\",\"description\":\"Food &amp; Fruit Trade Company\",\"publisher\":{\"@id\":\"https:\\\/\\\/www.varescogroup.eu\\\/#organization\"},\"potentialAction\":[{\"@type\":\"SearchAction\",\"target\":{\"@type\":\"EntryPoint\",\"urlTemplate\":\"https:\\\/\\\/www.varescogroup.eu\\\/?s={search_term_string}\"},\"query-input\":{\"@type\":\"PropertyValueSpecification\",\"valueRequired\":true,\"valueName\":\"search_term_string\"}}],\"inLanguage\":\"es\"},{\"@type\":\"Organization\",\"@id\":\"https:\\\/\\\/www.varescogroup.eu\\\/#organization\",\"name\":\"Varesco Group\",\"url\":\"https:\\\/\\\/www.varescogroup.eu\\\/\",\"logo\":{\"@type\":\"ImageObject\",\"inLanguage\":\"es\",\"@id\":\"https:\\\/\\\/www.varescogroup.eu\\\/#\\\/schema\\\/logo\\\/image\\\/\",\"url\":\"https:\\\/\\\/www.varescogroup.eu\\\/wp-content\\\/uploads\\\/2021\\\/03\\\/logotop-1.png\",\"contentUrl\":\"https:\\\/\\\/www.varescogroup.eu\\\/wp-content\\\/uploads\\\/2021\\\/03\\\/logotop-1.png\",\"caption\":\"Varesco Group\"},\"image\":{\"@id\":\"https:\\\/\\\/www.varescogroup.eu\\\/#\\\/schema\\\/logo\\\/image\\\/\"}}]}<\/script>\n<!-- \/ Yoast SEO plugin. -->","yoast_head_json":{"title":"Polvos de jengibre y frutas - Varesco Group","robots":{"index":"index","follow":"follow","max-snippet":"max-snippet:-1","max-image-preview":"max-image-preview:large","max-video-preview":"max-video-preview:-1"},"canonical":"https:\/\/www.varescogroup.eu\/zenzero-e-polveri-di-frutta\/","og_locale":"es_ES","og_type":"article","og_title":"Polvos de jengibre y frutas - Varesco Group","og_description":"Polvos de jengibre y frutas Garantiza la naturalidad y la calidad del producto. DOWNLOAD BROCHURE Jengibre Per\u00f9 El jengibre es una especia con muchas aplicaciones, que a\u00f1ade sabor a las bebidas y a los platos de carne, pescado y sopa. Ya sea solo o con otras especias, su sabor arom\u00e1tico y ligeramente picante es inconfundible. [&hellip;]","og_url":"https:\/\/www.varescogroup.eu\/zenzero-e-polveri-di-frutta\/","og_site_name":"Varesco Group","article_modified_time":"2021-11-17T10:53:01+00:00","og_image":[{"url":"https:\/\/varescogroup.eu\/wp-content\/uploads\/2021\/07\/varesco-zenzero-1024x724.jpg","type":"","width":"","height":""}],"twitter_card":"summary_large_image","twitter_misc":{"Tiempo de lectura":"2 minutos"},"schema":{"@context":"https:\/\/schema.org","@graph":[{"@type":"WebPage","@id":"https:\/\/www.varescogroup.eu\/zenzero-e-polveri-di-frutta\/","url":"https:\/\/www.varescogroup.eu\/zenzero-e-polveri-di-frutta\/","name":"Polvos de jengibre y frutas - Varesco Group","isPartOf":{"@id":"https:\/\/www.varescogroup.eu\/#website"},"primaryImageOfPage":{"@id":"https:\/\/www.varescogroup.eu\/zenzero-e-polveri-di-frutta\/#primaryimage"},"image":{"@id":"https:\/\/www.varescogroup.eu\/zenzero-e-polveri-di-frutta\/#primaryimage"},"thumbnailUrl":"https:\/\/varescogroup.eu\/wp-content\/uploads\/2021\/07\/varesco-zenzero-1024x724.jpg","datePublished":"2021-11-17T10:53:00+00:00","dateModified":"2021-11-17T10:53:01+00:00","breadcrumb":{"@id":"https:\/\/www.varescogroup.eu\/zenzero-e-polveri-di-frutta\/#breadcrumb"},"inLanguage":"es","potentialAction":[{"@type":"ReadAction","target":["https:\/\/www.varescogroup.eu\/zenzero-e-polveri-di-frutta\/"]}]},{"@type":"ImageObject","inLanguage":"es","@id":"https:\/\/www.varescogroup.eu\/zenzero-e-polveri-di-frutta\/#primaryimage","url":"https:\/\/varescogroup.eu\/wp-content\/uploads\/2021\/07\/varesco-zenzero-1024x724.jpg","contentUrl":"https:\/\/varescogroup.eu\/wp-content\/uploads\/2021\/07\/varesco-zenzero-1024x724.jpg"},{"@type":"BreadcrumbList","@id":"https:\/\/www.varescogroup.eu\/zenzero-e-polveri-di-frutta\/#breadcrumb","itemListElement":[{"@type":"ListItem","position":1,"name":"Home","item":"https:\/\/www.varescogroup.eu\/"},{"@type":"ListItem","position":2,"name":"Polvos de jengibre y frutas"}]},{"@type":"WebSite","@id":"https:\/\/www.varescogroup.eu\/#website","url":"https:\/\/www.varescogroup.eu\/","name":"Varesco Group","description":"Food &amp; Fruit Trade Company","publisher":{"@id":"https:\/\/www.varescogroup.eu\/#organization"},"potentialAction":[{"@type":"SearchAction","target":{"@type":"EntryPoint","urlTemplate":"https:\/\/www.varescogroup.eu\/?s={search_term_string}"},"query-input":{"@type":"PropertyValueSpecification","valueRequired":true,"valueName":"search_term_string"}}],"inLanguage":"es"},{"@type":"Organization","@id":"https:\/\/www.varescogroup.eu\/#organization","name":"Varesco Group","url":"https:\/\/www.varescogroup.eu\/","logo":{"@type":"ImageObject","inLanguage":"es","@id":"https:\/\/www.varescogroup.eu\/#\/schema\/logo\/image\/","url":"https:\/\/www.varescogroup.eu\/wp-content\/uploads\/2021\/03\/logotop-1.png","contentUrl":"https:\/\/www.varescogroup.eu\/wp-content\/uploads\/2021\/03\/logotop-1.png","caption":"Varesco Group"},"image":{"@id":"https:\/\/www.varescogroup.eu\/#\/schema\/logo\/image\/"}}]}},"_links":{"self":[{"href":"https:\/\/www.varescogroup.eu\/es\/wp-json\/wp\/v2\/pages\/9053","targetHints":{"allow":["GET"]}}],"collection":[{"href":"https:\/\/www.varescogroup.eu\/es\/wp-json\/wp\/v2\/pages"}],"about":[{"href":"https:\/\/www.varescogroup.eu\/es\/wp-json\/wp\/v2\/types\/page"}],"author":[{"embeddable":true,"href":"https:\/\/www.varescogroup.eu\/es\/wp-json\/wp\/v2\/users\/1"}],"replies":[{"embeddable":true,"href":"https:\/\/www.varescogroup.eu\/es\/wp-json\/wp\/v2\/comments?post=9053"}],"version-history":[{"count":0,"href":"https:\/\/www.varescogroup.eu\/es\/wp-json\/wp\/v2\/pages\/9053\/revisions"}],"wp:attachment":[{"href":"https:\/\/www.varescogroup.eu\/es\/wp-json\/wp\/v2\/media?parent=9053"}],"curies":[{"name":"wp","href":"https:\/\/api.w.org\/{rel}","templated":true}]}}