{"id":9207,"date":"2021-11-17T16:48:31","date_gmt":"2021-11-17T15:48:31","guid":{"rendered":"https:\/\/varescogroup.eu\/sistemas-fitosanitarios\/"},"modified":"2021-11-17T16:48:32","modified_gmt":"2021-11-17T15:48:32","slug":"sistemas-fitosanitarios","status":"publish","type":"page","link":"https:\/\/www.varescogroup.eu\/es\/sistemas-fitosanitarios\/","title":{"rendered":"Sistemas fitosanitarios"},"content":{"rendered":"\t\t<div data-elementor-type=\"wp-page\" data-elementor-id=\"9207\" class=\"elementor elementor-9207 elementor-5007\" data-elementor-post-type=\"page\">\n\t\t\t\t\t\t<section class=\"elementor-section elementor-top-section elementor-element elementor-element-7b14a882 elementor-section-boxed elementor-section-height-default elementor-section-height-default\" data-id=\"7b14a882\" data-element_type=\"section\" data-e-type=\"section\" data-settings=\"{&quot;background_background&quot;:&quot;classic&quot;}\">\n\t\t\t\t\t\t\t<div class=\"elementor-background-overlay\"><\/div>\n\t\t\t\t\t\t\t<div class=\"elementor-container elementor-column-gap-default\">\n\t\t\t\t\t<div class=\"elementor-column elementor-col-100 elementor-top-column elementor-element elementor-element-981ac6e\" data-id=\"981ac6e\" data-element_type=\"column\" data-e-type=\"column\">\n\t\t\t<div class=\"elementor-widget-wrap elementor-element-populated\">\n\t\t\t\t\t\t<div class=\"elementor-element elementor-element-dc5258b elementor-widget elementor-widget-breadcrumbs\" data-id=\"dc5258b\" data-element_type=\"widget\" data-e-type=\"widget\" data-widget_type=\"breadcrumbs.default\">\n\t\t\t\t<div class=\"elementor-widget-container\">\n\t\t\t\t\t<p id=\"breadcrumbs\"><span><span><a href=\"https:\/\/www.varescogroup.eu\/\">Home<\/a><\/span><\/span><\/p>\t\t\t\t<\/div>\n\t\t\t\t<\/div>\n\t\t\t\t<div class=\"elementor-element elementor-element-6ab242a6 elementor-widget elementor-widget-heading\" data-id=\"6ab242a6\" data-element_type=\"widget\" data-e-type=\"widget\" data-widget_type=\"heading.default\">\n\t\t\t\t<div class=\"elementor-widget-container\">\n\t\t\t\t\t<h1 class=\"elementor-heading-title elementor-size-default\">Sistemas fitosanitarios<\/h1>\t\t\t\t<\/div>\n\t\t\t\t<\/div>\n\t\t\t\t<div class=\"elementor-element elementor-element-f87bf0b elementor-widget elementor-widget-heading\" data-id=\"f87bf0b\" data-element_type=\"widget\" data-e-type=\"widget\" data-widget_type=\"heading.default\">\n\t\t\t\t<div class=\"elementor-widget-container\">\n\t\t\t\t\t<h2 class=\"elementor-heading-title elementor-size-default\">Flexguard, distribuidores exclusivos. Este producto protege las plantas y evita los da\u00f1os de los animales salvajes.<\/h2>\t\t\t\t<\/div>\n\t\t\t\t<\/div>\n\t\t\t\t<div class=\"elementor-element elementor-element-2648de7a elementor-hidden-desktop elementor-hidden-tablet elementor-hidden-phone elementor-widget elementor-widget-button\" data-id=\"2648de7a\" data-element_type=\"widget\" data-e-type=\"widget\" data-widget_type=\"button.default\">\n\t\t\t\t<div class=\"elementor-widget-container\">\n\t\t\t\t\t\t\t\t\t<div class=\"elementor-button-wrapper\">\n\t\t\t\t\t<a class=\"elementor-button elementor-button-link elementor-size-md\" href=\"#\">\n\t\t\t\t\t\t<span class=\"elementor-button-content-wrapper\">\n\t\t\t\t\t\t\t\t\t<span class=\"elementor-button-text\">DOWNLOAD BROCHURE<\/span>\n\t\t\t\t\t<\/span>\n\t\t\t\t\t<\/a>\n\t\t\t\t<\/div>\n\t\t\t\t\t\t\t\t<\/div>\n\t\t\t\t<\/div>\n\t\t\t\t\t<\/div>\n\t\t<\/div>\n\t\t\t\t\t<\/div>\n\t\t<\/section>\n\t\t\t\t<section class=\"elementor-section elementor-top-section elementor-element elementor-element-478c582b elementor-section-boxed elementor-section-height-default elementor-section-height-default\" data-id=\"478c582b\" data-element_type=\"section\" data-e-type=\"section\">\n\t\t\t\t\t\t<div class=\"elementor-container elementor-column-gap-default\">\n\t\t\t\t\t<div class=\"elementor-column elementor-col-100 elementor-top-column elementor-element elementor-element-234807f2\" data-id=\"234807f2\" data-element_type=\"column\" data-e-type=\"column\">\n\t\t\t<div class=\"elementor-widget-wrap elementor-element-populated\">\n\t\t\t\t\t\t<div class=\"elementor-element elementor-element-6a468d77 elementor-widget elementor-widget-text-editor\" data-id=\"6a468d77\" data-element_type=\"widget\" data-e-type=\"widget\" data-widget_type=\"text-editor.default\">\n\t\t\t\t<div class=\"elementor-widget-container\">\n\t\t\t\t\t\t\t\t\t<p>Varesco Group GmbH es un distribuidor de productos agr\u00edcolas y fitosanitarios situado en Alto Adige. Podemos ofrecerle uno de los mejores art\u00edculos de nuestra gama: \u201cFlexguard\u201d, del que somos distribuidores exclusivos. Este producto protege las plantas y evita los da\u00f1os de los animales salvajes. El FLEXGUARD es una red, con forma de malla suave y la materia prima con la que se fabrica es el copol\u00edmero de polipropileno. La red puede reutilizarse para otras plantas, pero tambi\u00e9n puede dejarse en la planta, ya que no causa ninguna molestia y se expande junto con el tallo, manteni\u00e9ndola protegida a la planta en todo momento. La aplicaci\u00f3n es muy r\u00e1pida y sencilla.<\/p>\n\t\t\t\t\t\t\t\t<\/div>\n\t\t\t\t<\/div>\n\t\t\t\t<div class=\"elementor-element elementor-element-32a0970 elementor-icon-list--layout-traditional elementor-list-item-link-full_width elementor-widget elementor-widget-icon-list\" data-id=\"32a0970\" data-element_type=\"widget\" data-e-type=\"widget\" data-widget_type=\"icon-list.default\">\n\t\t\t\t<div class=\"elementor-widget-container\">\n\t\t\t\t\t\t\t<ul class=\"elementor-icon-list-items\">\n\t\t\t\t\t\t\t<li class=\"elementor-icon-list-item\">\n\t\t\t\t\t\t\t\t\t\t<span class=\"elementor-icon-list-text\">El producto est\u00e1 disponible en tres tama\u00f1os y dos colores.<\/span>\n\t\t\t\t\t\t\t\t\t<\/li>\n\t\t\t\t\t\t\t\t<li class=\"elementor-icon-list-item\">\n\t\t\t\t\t\t\t\t\t\t<span class=\"elementor-icon-list-text\">Hay otros tama\u00f1os disponibles a petici\u00f3n.<\/span>\n\t\t\t\t\t\t\t\t\t<\/li>\n\t\t\t\t\t\t\t\t<li class=\"elementor-icon-list-item\">\n\t\t\t\t\t\t\t\t\t\t\t<span class=\"elementor-icon-list-icon\">\n\t\t\t\t\t\t\t<i aria-hidden=\"true\" class=\"fas fa-check-circle\"><\/i>\t\t\t\t\t\t<\/span>\n\t\t\t\t\t\t\t\t\t\t<span class=\"elementor-icon-list-text\">Flexguard 11x55cm negro<\/span>\n\t\t\t\t\t\t\t\t\t<\/li>\n\t\t\t\t\t\t\t\t<li class=\"elementor-icon-list-item\">\n\t\t\t\t\t\t\t\t\t\t\t<span class=\"elementor-icon-list-icon\">\n\t\t\t\t\t\t\t<i aria-hidden=\"true\" class=\"fas fa-check-circle\"><\/i>\t\t\t\t\t\t<\/span>\n\t\t\t\t\t\t\t\t\t\t<span class=\"elementor-icon-list-text\">Flexguaed 11x40cm negro<\/span>\n\t\t\t\t\t\t\t\t\t<\/li>\n\t\t\t\t\t\t\t\t<li class=\"elementor-icon-list-item\">\n\t\t\t\t\t\t\t\t\t\t\t<span class=\"elementor-icon-list-icon\">\n\t\t\t\t\t\t\t<i aria-hidden=\"true\" class=\"fas fa-check-circle\"><\/i>\t\t\t\t\t\t<\/span>\n\t\t\t\t\t\t\t\t\t\t<span class=\"elementor-icon-list-text\">Flexguard 11x55cm blanco<\/span>\n\t\t\t\t\t\t\t\t\t<\/li>\n\t\t\t\t\t\t<\/ul>\n\t\t\t\t\t\t<\/div>\n\t\t\t\t<\/div>\n\t\t\t\t<div class=\"elementor-element elementor-element-2c247fb elementor-widget elementor-widget-text-editor\" data-id=\"2c247fb\" data-element_type=\"widget\" data-e-type=\"widget\" data-widget_type=\"text-editor.default\">\n\t\t\t\t<div class=\"elementor-widget-container\">\n\t\t\t\t\t\t\t\t\t<p>La elecci\u00f3n del color y del tama\u00f1o depende de las condiciones clim\u00e1ticas de la zona de aplicaci\u00f3n y del tipo de fauna presente.<br \/>\nEl <strong>Flexguard<\/strong> blanco se recomienda para las plantas de altitud, el color consigue un efecto de repelencia al sol y el material evita el agrietamiento y las placas de escarcha.<\/p>\n\t\t\t\t\t\t\t\t<\/div>\n\t\t\t\t<\/div>\n\t\t\t\t\t<\/div>\n\t\t<\/div>\n\t\t\t\t\t<\/div>\n\t\t<\/section>\n\t\t\t\t<section class=\"elementor-section elementor-top-section elementor-element elementor-element-5b13c7fc elementor-section-boxed elementor-section-height-default elementor-section-height-default\" data-id=\"5b13c7fc\" data-element_type=\"section\" data-e-type=\"section\">\n\t\t\t\t\t\t<div class=\"elementor-container elementor-column-gap-default\">\n\t\t\t\t\t<div class=\"elementor-column elementor-col-50 elementor-top-column elementor-element elementor-element-384e2314\" data-id=\"384e2314\" data-element_type=\"column\" data-e-type=\"column\">\n\t\t\t<div class=\"elementor-widget-wrap elementor-element-populated\">\n\t\t\t\t\t\t<div class=\"elementor-element elementor-element-6c7e8f2 elementor-widget elementor-widget-image\" data-id=\"6c7e8f2\" data-element_type=\"widget\" data-e-type=\"widget\" data-widget_type=\"image.default\">\n\t\t\t\t<div class=\"elementor-widget-container\">\n\t\t\t\t\t\t\t\t\t\t\t\t\t\t\t<img fetchpriority=\"high\" decoding=\"async\" width=\"683\" height=\"1024\" src=\"https:\/\/www.varescogroup.eu\/wp-content\/uploads\/2019\/07\/Bibaum_1-683x1024-683x1024.jpg\" class=\"attachment-large size-large wp-image-13360\" alt=\"\" srcset=\"https:\/\/www.varescogroup.eu\/wp-content\/uploads\/2019\/07\/Bibaum_1-683x1024.jpg 683w, https:\/\/www.varescogroup.eu\/wp-content\/uploads\/2019\/07\/Bibaum_1-683x1024-200x300.jpg 200w, https:\/\/www.varescogroup.eu\/wp-content\/uploads\/2019\/07\/Bibaum_1-683x1024-600x900.jpg 600w\" sizes=\"(max-width: 683px) 100vw, 683px\" \/>\t\t\t\t\t\t\t\t\t\t\t\t\t\t\t<\/div>\n\t\t\t\t<\/div>\n\t\t\t\t\t<\/div>\n\t\t<\/div>\n\t\t\t\t<div class=\"elementor-column elementor-col-50 elementor-top-column elementor-element elementor-element-650b6f11\" data-id=\"650b6f11\" data-element_type=\"column\" data-e-type=\"column\">\n\t\t\t<div class=\"elementor-widget-wrap elementor-element-populated\">\n\t\t\t\t\t\t<div class=\"elementor-element elementor-element-5ad8d0e elementor-widget elementor-widget-image\" data-id=\"5ad8d0e\" data-element_type=\"widget\" data-e-type=\"widget\" data-widget_type=\"image.default\">\n\t\t\t\t<div class=\"elementor-widget-container\">\n\t\t\t\t\t\t\t\t\t\t\t\t\t\t\t<img decoding=\"async\" width=\"682\" height=\"1024\" src=\"https:\/\/www.varescogroup.eu\/wp-content\/uploads\/2019\/07\/flexguard2-682x1024-682x1024.jpg\" class=\"attachment-large size-large wp-image-13364\" alt=\"\" srcset=\"https:\/\/www.varescogroup.eu\/wp-content\/uploads\/2019\/07\/flexguard2-682x1024.jpg 682w, https:\/\/www.varescogroup.eu\/wp-content\/uploads\/2019\/07\/flexguard2-682x1024-200x300.jpg 200w, https:\/\/www.varescogroup.eu\/wp-content\/uploads\/2019\/07\/flexguard2-682x1024-600x901.jpg 600w\" sizes=\"(max-width: 682px) 100vw, 682px\" \/>\t\t\t\t\t\t\t\t\t\t\t\t\t\t\t<\/div>\n\t\t\t\t<\/div>\n\t\t\t\t\t<\/div>\n\t\t<\/div>\n\t\t\t\t\t<\/div>\n\t\t<\/section>\n\t\t\t\t<section class=\"elementor-section elementor-top-section elementor-element elementor-element-d1ecd22 elementor-section-boxed elementor-section-height-default elementor-section-height-default\" data-id=\"d1ecd22\" data-element_type=\"section\" data-e-type=\"section\">\n\t\t\t\t\t\t<div class=\"elementor-container elementor-column-gap-default\">\n\t\t\t\t\t<div class=\"elementor-column elementor-col-100 elementor-top-column elementor-element elementor-element-2dcd069\" data-id=\"2dcd069\" data-element_type=\"column\" data-e-type=\"column\">\n\t\t\t<div class=\"elementor-widget-wrap elementor-element-populated\">\n\t\t\t\t\t\t<div class=\"elementor-element elementor-element-a3e29c7 elementor-widget elementor-widget-image\" data-id=\"a3e29c7\" data-element_type=\"widget\" data-e-type=\"widget\" data-widget_type=\"image.default\">\n\t\t\t\t<div class=\"elementor-widget-container\">\n\t\t\t\t\t\t\t\t\t\t\t\t\t\t\t<img decoding=\"async\" width=\"800\" height=\"534\" src=\"https:\/\/www.varescogroup.eu\/wp-content\/uploads\/2019\/07\/1007-1024x683-1024x683.jpg\" class=\"attachment-large size-large wp-image-13368\" alt=\"\" srcset=\"https:\/\/www.varescogroup.eu\/wp-content\/uploads\/2019\/07\/1007-1024x683.jpg 1024w, https:\/\/www.varescogroup.eu\/wp-content\/uploads\/2019\/07\/1007-1024x683-300x200.jpg 300w, https:\/\/www.varescogroup.eu\/wp-content\/uploads\/2019\/07\/1007-1024x683-768x512.jpg 768w, https:\/\/www.varescogroup.eu\/wp-content\/uploads\/2019\/07\/1007-1024x683-600x400.jpg 600w\" sizes=\"(max-width: 800px) 100vw, 800px\" \/>\t\t\t\t\t\t\t\t\t\t\t\t\t\t\t<\/div>\n\t\t\t\t<\/div>\n\t\t\t\t\t<\/div>\n\t\t<\/div>\n\t\t\t\t\t<\/div>\n\t\t<\/section>\n\t\t\t\t<\/div>\n\t\t","protected":false},"excerpt":{"rendered":"<p>Sistemas fitosanitarios Flexguard, distribuidores exclusivos. Este producto protege las plantas y evita los da\u00f1os de los animales salvajes. DOWNLOAD BROCHURE Varesco Group GmbH es un distribuidor de productos agr\u00edcolas y fitosanitarios situado en Alto Adige. Podemos ofrecerle uno de los mejores art\u00edculos de nuestra gama: \u201cFlexguard\u201d, del que somos distribuidores exclusivos. Este producto protege las [&hellip;]<\/p>\n","protected":false},"author":1,"featured_media":0,"parent":0,"menu_order":0,"comment_status":"closed","ping_status":"closed","template":"elementor_header_footer","meta":{"_acf_changed":false,"footnotes":""},"class_list":["post-9207","page","type-page","status-publish","hentry"],"acf":[],"yoast_head":"<!-- This site is optimized with the Yoast SEO plugin v27.4 - https:\/\/yoast.com\/product\/yoast-seo-wordpress\/ -->\n<title>Sistemas fitosanitarios - Varesco Group<\/title>\n<meta name=\"robots\" content=\"index, follow, max-snippet:-1, max-image-preview:large, max-video-preview:-1\" \/>\n<link rel=\"canonical\" href=\"https:\/\/www.varescogroup.eu\/sistemi-di-protezione-per-le-piante\/\" \/>\n<meta property=\"og:locale\" content=\"es_ES\" \/>\n<meta property=\"og:type\" content=\"article\" \/>\n<meta property=\"og:title\" content=\"Sistemas fitosanitarios - Varesco Group\" \/>\n<meta property=\"og:description\" content=\"Sistemas fitosanitarios Flexguard, distribuidores exclusivos. Este producto protege las plantas y evita los da\u00f1os de los animales salvajes. DOWNLOAD BROCHURE Varesco Group GmbH es un distribuidor de productos agr\u00edcolas y fitosanitarios situado en Alto Adige. Podemos ofrecerle uno de los mejores art\u00edculos de nuestra gama: \u201cFlexguard\u201d, del que somos distribuidores exclusivos. Este producto protege las [&hellip;]\" \/>\n<meta property=\"og:url\" content=\"https:\/\/www.varescogroup.eu\/sistemi-di-protezione-per-le-piante\/\" \/>\n<meta property=\"og:site_name\" content=\"Varesco Group\" \/>\n<meta property=\"article:modified_time\" content=\"2021-11-17T15:48:32+00:00\" \/>\n<meta property=\"og:image\" content=\"https:\/\/varescogroup.eu\/wp-content\/uploads\/2019\/07\/Bibaum_1-683x1024-683x1024.jpg\" \/>\n<meta name=\"twitter:card\" content=\"summary_large_image\" \/>\n<meta name=\"twitter:label1\" content=\"Tiempo de lectura\" \/>\n\t<meta name=\"twitter:data1\" content=\"1 minuto\" \/>\n<script type=\"application\/ld+json\" class=\"yoast-schema-graph\">{\"@context\":\"https:\\\/\\\/schema.org\",\"@graph\":[{\"@type\":\"WebPage\",\"@id\":\"https:\\\/\\\/www.varescogroup.eu\\\/sistemi-di-protezione-per-le-piante\\\/\",\"url\":\"https:\\\/\\\/www.varescogroup.eu\\\/sistemi-di-protezione-per-le-piante\\\/\",\"name\":\"Sistemas fitosanitarios - Varesco Group\",\"isPartOf\":{\"@id\":\"https:\\\/\\\/www.varescogroup.eu\\\/#website\"},\"primaryImageOfPage\":{\"@id\":\"https:\\\/\\\/www.varescogroup.eu\\\/sistemi-di-protezione-per-le-piante\\\/#primaryimage\"},\"image\":{\"@id\":\"https:\\\/\\\/www.varescogroup.eu\\\/sistemi-di-protezione-per-le-piante\\\/#primaryimage\"},\"thumbnailUrl\":\"https:\\\/\\\/varescogroup.eu\\\/wp-content\\\/uploads\\\/2019\\\/07\\\/Bibaum_1-683x1024-683x1024.jpg\",\"datePublished\":\"2021-11-17T15:48:31+00:00\",\"dateModified\":\"2021-11-17T15:48:32+00:00\",\"breadcrumb\":{\"@id\":\"https:\\\/\\\/www.varescogroup.eu\\\/sistemi-di-protezione-per-le-piante\\\/#breadcrumb\"},\"inLanguage\":\"es\",\"potentialAction\":[{\"@type\":\"ReadAction\",\"target\":[\"https:\\\/\\\/www.varescogroup.eu\\\/sistemi-di-protezione-per-le-piante\\\/\"]}]},{\"@type\":\"ImageObject\",\"inLanguage\":\"es\",\"@id\":\"https:\\\/\\\/www.varescogroup.eu\\\/sistemi-di-protezione-per-le-piante\\\/#primaryimage\",\"url\":\"https:\\\/\\\/varescogroup.eu\\\/wp-content\\\/uploads\\\/2019\\\/07\\\/Bibaum_1-683x1024-683x1024.jpg\",\"contentUrl\":\"https:\\\/\\\/varescogroup.eu\\\/wp-content\\\/uploads\\\/2019\\\/07\\\/Bibaum_1-683x1024-683x1024.jpg\"},{\"@type\":\"BreadcrumbList\",\"@id\":\"https:\\\/\\\/www.varescogroup.eu\\\/sistemi-di-protezione-per-le-piante\\\/#breadcrumb\",\"itemListElement\":[{\"@type\":\"ListItem\",\"position\":1,\"name\":\"Home\",\"item\":\"https:\\\/\\\/www.varescogroup.eu\\\/\"},{\"@type\":\"ListItem\",\"position\":2,\"name\":\"Sistemas fitosanitarios\"}]},{\"@type\":\"WebSite\",\"@id\":\"https:\\\/\\\/www.varescogroup.eu\\\/#website\",\"url\":\"https:\\\/\\\/www.varescogroup.eu\\\/\",\"name\":\"Varesco Group\",\"description\":\"Food &amp; Fruit Trade Company\",\"publisher\":{\"@id\":\"https:\\\/\\\/www.varescogroup.eu\\\/#organization\"},\"potentialAction\":[{\"@type\":\"SearchAction\",\"target\":{\"@type\":\"EntryPoint\",\"urlTemplate\":\"https:\\\/\\\/www.varescogroup.eu\\\/?s={search_term_string}\"},\"query-input\":{\"@type\":\"PropertyValueSpecification\",\"valueRequired\":true,\"valueName\":\"search_term_string\"}}],\"inLanguage\":\"es\"},{\"@type\":\"Organization\",\"@id\":\"https:\\\/\\\/www.varescogroup.eu\\\/#organization\",\"name\":\"Varesco Group\",\"url\":\"https:\\\/\\\/www.varescogroup.eu\\\/\",\"logo\":{\"@type\":\"ImageObject\",\"inLanguage\":\"es\",\"@id\":\"https:\\\/\\\/www.varescogroup.eu\\\/#\\\/schema\\\/logo\\\/image\\\/\",\"url\":\"https:\\\/\\\/www.varescogroup.eu\\\/wp-content\\\/uploads\\\/2021\\\/03\\\/logotop-1.png\",\"contentUrl\":\"https:\\\/\\\/www.varescogroup.eu\\\/wp-content\\\/uploads\\\/2021\\\/03\\\/logotop-1.png\",\"caption\":\"Varesco Group\"},\"image\":{\"@id\":\"https:\\\/\\\/www.varescogroup.eu\\\/#\\\/schema\\\/logo\\\/image\\\/\"}}]}<\/script>\n<!-- \/ Yoast SEO plugin. -->","yoast_head_json":{"title":"Sistemas fitosanitarios - Varesco Group","robots":{"index":"index","follow":"follow","max-snippet":"max-snippet:-1","max-image-preview":"max-image-preview:large","max-video-preview":"max-video-preview:-1"},"canonical":"https:\/\/www.varescogroup.eu\/sistemi-di-protezione-per-le-piante\/","og_locale":"es_ES","og_type":"article","og_title":"Sistemas fitosanitarios - Varesco Group","og_description":"Sistemas fitosanitarios Flexguard, distribuidores exclusivos. Este producto protege las plantas y evita los da\u00f1os de los animales salvajes. DOWNLOAD BROCHURE Varesco Group GmbH es un distribuidor de productos agr\u00edcolas y fitosanitarios situado en Alto Adige. Podemos ofrecerle uno de los mejores art\u00edculos de nuestra gama: \u201cFlexguard\u201d, del que somos distribuidores exclusivos. Este producto protege las [&hellip;]","og_url":"https:\/\/www.varescogroup.eu\/sistemi-di-protezione-per-le-piante\/","og_site_name":"Varesco Group","article_modified_time":"2021-11-17T15:48:32+00:00","og_image":[{"url":"https:\/\/varescogroup.eu\/wp-content\/uploads\/2019\/07\/Bibaum_1-683x1024-683x1024.jpg","type":"","width":"","height":""}],"twitter_card":"summary_large_image","twitter_misc":{"Tiempo de lectura":"1 minuto"},"schema":{"@context":"https:\/\/schema.org","@graph":[{"@type":"WebPage","@id":"https:\/\/www.varescogroup.eu\/sistemi-di-protezione-per-le-piante\/","url":"https:\/\/www.varescogroup.eu\/sistemi-di-protezione-per-le-piante\/","name":"Sistemas fitosanitarios - Varesco Group","isPartOf":{"@id":"https:\/\/www.varescogroup.eu\/#website"},"primaryImageOfPage":{"@id":"https:\/\/www.varescogroup.eu\/sistemi-di-protezione-per-le-piante\/#primaryimage"},"image":{"@id":"https:\/\/www.varescogroup.eu\/sistemi-di-protezione-per-le-piante\/#primaryimage"},"thumbnailUrl":"https:\/\/varescogroup.eu\/wp-content\/uploads\/2019\/07\/Bibaum_1-683x1024-683x1024.jpg","datePublished":"2021-11-17T15:48:31+00:00","dateModified":"2021-11-17T15:48:32+00:00","breadcrumb":{"@id":"https:\/\/www.varescogroup.eu\/sistemi-di-protezione-per-le-piante\/#breadcrumb"},"inLanguage":"es","potentialAction":[{"@type":"ReadAction","target":["https:\/\/www.varescogroup.eu\/sistemi-di-protezione-per-le-piante\/"]}]},{"@type":"ImageObject","inLanguage":"es","@id":"https:\/\/www.varescogroup.eu\/sistemi-di-protezione-per-le-piante\/#primaryimage","url":"https:\/\/varescogroup.eu\/wp-content\/uploads\/2019\/07\/Bibaum_1-683x1024-683x1024.jpg","contentUrl":"https:\/\/varescogroup.eu\/wp-content\/uploads\/2019\/07\/Bibaum_1-683x1024-683x1024.jpg"},{"@type":"BreadcrumbList","@id":"https:\/\/www.varescogroup.eu\/sistemi-di-protezione-per-le-piante\/#breadcrumb","itemListElement":[{"@type":"ListItem","position":1,"name":"Home","item":"https:\/\/www.varescogroup.eu\/"},{"@type":"ListItem","position":2,"name":"Sistemas fitosanitarios"}]},{"@type":"WebSite","@id":"https:\/\/www.varescogroup.eu\/#website","url":"https:\/\/www.varescogroup.eu\/","name":"Varesco Group","description":"Food &amp; Fruit Trade Company","publisher":{"@id":"https:\/\/www.varescogroup.eu\/#organization"},"potentialAction":[{"@type":"SearchAction","target":{"@type":"EntryPoint","urlTemplate":"https:\/\/www.varescogroup.eu\/?s={search_term_string}"},"query-input":{"@type":"PropertyValueSpecification","valueRequired":true,"valueName":"search_term_string"}}],"inLanguage":"es"},{"@type":"Organization","@id":"https:\/\/www.varescogroup.eu\/#organization","name":"Varesco Group","url":"https:\/\/www.varescogroup.eu\/","logo":{"@type":"ImageObject","inLanguage":"es","@id":"https:\/\/www.varescogroup.eu\/#\/schema\/logo\/image\/","url":"https:\/\/www.varescogroup.eu\/wp-content\/uploads\/2021\/03\/logotop-1.png","contentUrl":"https:\/\/www.varescogroup.eu\/wp-content\/uploads\/2021\/03\/logotop-1.png","caption":"Varesco Group"},"image":{"@id":"https:\/\/www.varescogroup.eu\/#\/schema\/logo\/image\/"}}]}},"_links":{"self":[{"href":"https:\/\/www.varescogroup.eu\/es\/wp-json\/wp\/v2\/pages\/9207","targetHints":{"allow":["GET"]}}],"collection":[{"href":"https:\/\/www.varescogroup.eu\/es\/wp-json\/wp\/v2\/pages"}],"about":[{"href":"https:\/\/www.varescogroup.eu\/es\/wp-json\/wp\/v2\/types\/page"}],"author":[{"embeddable":true,"href":"https:\/\/www.varescogroup.eu\/es\/wp-json\/wp\/v2\/users\/1"}],"replies":[{"embeddable":true,"href":"https:\/\/www.varescogroup.eu\/es\/wp-json\/wp\/v2\/comments?post=9207"}],"version-history":[{"count":0,"href":"https:\/\/www.varescogroup.eu\/es\/wp-json\/wp\/v2\/pages\/9207\/revisions"}],"wp:attachment":[{"href":"https:\/\/www.varescogroup.eu\/es\/wp-json\/wp\/v2\/media?parent=9207"}],"curies":[{"name":"wp","href":"https:\/\/api.w.org\/{rel}","templated":true}]}}